{"id":5315330,"date":"2026-01-19T14:23:57","date_gmt":"2026-01-19T12:23:57","guid":{"rendered":"https:\/\/gadgettravellers.eu\/shop\/lenti-dingrandimento-set2pz-o75cm-5cm-justnote-8140\/"},"modified":"2026-04-22T22:39:38","modified_gmt":"2026-04-22T20:39:38","slug":"lenti-dingrandimento-set2pz-o75cm-5cm-justnote-8140","status":"publish","type":"product","link":"https:\/\/gadgettravellers.eu\/it\/shop\/lenti-dingrandimento-set2pz-o75cm-5cm-justnote-8140\/","title":{"rendered":"Lenti d&#8217;ingrandimento set=2pz \u00d87,5cm &#038; 5cm JustNote 8140"},"content":{"rendered":"<p>Set=2pz \u00d87,5cm &#038; 5cm<\/p>\n<div class='aiseo-faq-section' style='margin-top:30px; border-top:1px solid #eee; padding-top:20px;'>\n<h3>Domande Frequenti<\/h3>\n<details style='margin-bottom:10px; padding:10px; background:#f9f9f9; border-radius:5px;'>\n<summary style='font-weight:bold; cursor:pointer;'>Quali sono le dimensioni delle lenti?<\/summary>\n<div style='margin-top:10px; color:#555;'>Il set include lenti con diametro di 7,5 cm e 5 cm.<\/div>\n<\/details>\n<details style='margin-bottom:10px; padding:10px; background:#f9f9f9; border-radius:5px;'>\n<summary style='font-weight:bold; cursor:pointer;'>Per quali lavori \u00e8 destinato questo set?<\/summary>\n<div style='margin-top:10px; color:#555;'>\u00c8 adatto per la lettura, i lavori manuali e le attivit\u00e0 di precisione che richiedono maggiore dettaglio.<\/div>\n<\/details>\n<details style='margin-bottom:10px; padding:10px; background:#f9f9f9; border-radius:5px;'>\n<summary style='font-weight:bold; cursor:pointer;'>Possono essere utilizzati a mano e su un tavolo?<\/summary>\n<div style='margin-top:10px; color:#555;'>S\u00ec, sono leggeri, portatili e facili da usare sia a mano che posizionati su un tavolo.<\/div>\n<\/details>\n<\/div>\n","protected":false},"excerpt":{"rendered":"<p>Set=2pz \u00d87,5cm &#038; 5cm Domande Frequenti Quali sono le dimensioni delle lenti? Il set include lenti con diametro di 7,5 cm e 5 cm. Per quali lavori \u00e8 destinato questo set? \u00c8 adatto per la lettura, i lavori manuali e le attivit\u00e0 di precisione che richiedono maggiore dettaglio. Possono essere utilizzati a mano e su [&hellip;]<\/p>\n","protected":false},"featured_media":15395,"comment_status":"closed","ping_status":"open","template":"","meta":[],"product_brand":[],"product_cat":[],"product_tag":[15],"class_list":{"0":"post-5315330","1":"product","2":"type-product","3":"status-publish","4":"has-post-thumbnail","6":"product_tag-uncategorized","8":"first","9":"onbackorder","10":"purchasable","11":"product-type-simple"},"jetpack_sharing_enabled":true,"_links":{"self":[{"href":"https:\/\/gadgettravellers.eu\/it\/wp-json\/wp\/v2\/product\/5315330","targetHints":{"allow":["GET"]}}],"collection":[{"href":"https:\/\/gadgettravellers.eu\/it\/wp-json\/wp\/v2\/product"}],"about":[{"href":"https:\/\/gadgettravellers.eu\/it\/wp-json\/wp\/v2\/types\/product"}],"replies":[{"embeddable":true,"href":"https:\/\/gadgettravellers.eu\/it\/wp-json\/wp\/v2\/comments?post=5315330"}],"wp:featuredmedia":[{"embeddable":true,"href":"https:\/\/gadgettravellers.eu\/it\/wp-json\/wp\/v2\/media\/15395"}],"wp:attachment":[{"href":"https:\/\/gadgettravellers.eu\/it\/wp-json\/wp\/v2\/media?parent=5315330"}],"wp:term":[{"taxonomy":"product_brand","embeddable":true,"href":"https:\/\/gadgettravellers.eu\/it\/wp-json\/wp\/v2\/product_brand?post=5315330"},{"taxonomy":"product_cat","embeddable":true,"href":"https:\/\/gadgettravellers.eu\/it\/wp-json\/wp\/v2\/product_cat?post=5315330"},{"taxonomy":"product_tag","embeddable":true,"href":"https:\/\/gadgettravellers.eu\/it\/wp-json\/wp\/v2\/product_tag?post=5315330"}],"curies":[{"name":"wp","href":"https:\/\/api.w.org\/{rel}","templated":true}]}}