{"id":5315365,"date":"2026-01-19T14:24:27","date_gmt":"2026-01-19T12:24:27","guid":{"rendered":"https:\/\/gadgettravellers.eu\/shop\/pantofole-donna-monocromatiche-summertiempo-87274\/"},"modified":"2026-04-22T22:39:53","modified_gmt":"2026-04-22T20:39:53","slug":"pantofole-donna-monocromatiche-summertiempo-87274","status":"publish","type":"product","link":"https:\/\/gadgettravellers.eu\/it\/shop\/pantofole-donna-monocromatiche-summertiempo-87274\/","title":{"rendered":"Pantofole Donna Monocromatiche SummerTiempo 87274"},"content":{"rendered":"<p>(colori e dimensioni assortiti)<\/p>\n<div class='aiseo-faq-section' style='margin-top:30px; border-top:1px solid #eee; padding-top:20px;'>\n<h3>Domande Frequenti<\/h3>\n<details style='margin-bottom:10px; padding:10px; background:#f9f9f9; border-radius:5px;'>\n<summary style='font-weight:bold; cursor:pointer;'>Per quali usi \u00e8 destinata questa pantofole?<\/summary>\n<div style='margin-top:10px; color:#555;'>\u00c8 ideale per l&#8217;uso quotidiano estivo in casa e per passeggiate all&#8217;aperto.<\/div>\n<\/details>\n<details style='margin-bottom:10px; padding:10px; background:#f9f9f9; border-radius:5px;'>\n<summary style='font-weight:bold; cursor:pointer;'>\u00c8 disponibile in diversi colori e dimensioni?<\/summary>\n<div style='margin-top:10px; color:#555;'>S\u00ec, \u00e8 disponibile in vari colori e dimensioni.<\/div>\n<\/details>\n<details style='margin-bottom:10px; padding:10px; background:#f9f9f9; border-radius:5px;'>\n<summary style='font-weight:bold; cursor:pointer;'>\u00c8 facile da indossare?<\/summary>\n<div style='margin-top:10px; color:#555;'>S\u00ec, il design consente una vestibilit\u00e0 rapida e facile.<\/div>\n<\/details>\n<details style='margin-bottom:10px; padding:10px; background:#f9f9f9; border-radius:5px;'>\n<summary style='font-weight:bold; cursor:pointer;'>Qual \u00e8 il codice modello?<\/summary>\n<div style='margin-top:10px; color:#555;'>Il codice modello \u00e8 SummerTiempo 87274.<\/div>\n<\/details>\n<\/div>\n","protected":false},"excerpt":{"rendered":"<p>(colori e dimensioni assortiti) Domande Frequenti Per quali usi \u00e8 destinata questa pantofole? \u00c8 ideale per l&#8217;uso quotidiano estivo in casa e per passeggiate all&#8217;aperto. \u00c8 disponibile in diversi colori e dimensioni? S\u00ec, \u00e8 disponibile in vari colori e dimensioni. \u00c8 facile da indossare? S\u00ec, il design consente una vestibilit\u00e0 rapida e facile. Qual \u00e8 [&hellip;]<\/p>\n","protected":false},"featured_media":5028416,"comment_status":"closed","ping_status":"open","template":"","meta":[],"product_brand":[],"product_cat":[],"product_tag":[15],"class_list":{"0":"post-5315365","1":"product","2":"type-product","3":"status-publish","4":"has-post-thumbnail","6":"product_tag-uncategorized","8":"first","9":"onbackorder","10":"purchasable","11":"product-type-simple"},"jetpack_sharing_enabled":true,"_links":{"self":[{"href":"https:\/\/gadgettravellers.eu\/it\/wp-json\/wp\/v2\/product\/5315365","targetHints":{"allow":["GET"]}}],"collection":[{"href":"https:\/\/gadgettravellers.eu\/it\/wp-json\/wp\/v2\/product"}],"about":[{"href":"https:\/\/gadgettravellers.eu\/it\/wp-json\/wp\/v2\/types\/product"}],"replies":[{"embeddable":true,"href":"https:\/\/gadgettravellers.eu\/it\/wp-json\/wp\/v2\/comments?post=5315365"}],"wp:featuredmedia":[{"embeddable":true,"href":"https:\/\/gadgettravellers.eu\/it\/wp-json\/wp\/v2\/media\/5028416"}],"wp:attachment":[{"href":"https:\/\/gadgettravellers.eu\/it\/wp-json\/wp\/v2\/media?parent=5315365"}],"wp:term":[{"taxonomy":"product_brand","embeddable":true,"href":"https:\/\/gadgettravellers.eu\/it\/wp-json\/wp\/v2\/product_brand?post=5315365"},{"taxonomy":"product_cat","embeddable":true,"href":"https:\/\/gadgettravellers.eu\/it\/wp-json\/wp\/v2\/product_cat?post=5315365"},{"taxonomy":"product_tag","embeddable":true,"href":"https:\/\/gadgettravellers.eu\/it\/wp-json\/wp\/v2\/product_tag?post=5315365"}],"curies":[{"name":"wp","href":"https:\/\/api.w.org\/{rel}","templated":true}]}}