{"id":5315370,"date":"2026-01-19T14:24:31","date_gmt":"2026-01-19T12:24:31","guid":{"rendered":"https:\/\/gadgettravellers.eu\/shop\/pantofole-uomo-monocromatiche-linee-no40-45-summertiempo-87254\/"},"modified":"2026-04-22T22:39:55","modified_gmt":"2026-04-22T20:39:55","slug":"pantofole-uomo-monocromatiche-linee-no40-45-summertiempo-87254","status":"publish","type":"product","link":"https:\/\/gadgettravellers.eu\/it\/shop\/pantofole-uomo-monocromatiche-linee-no40-45-summertiempo-87254\/","title":{"rendered":"Pantofole Uomo Monocromatiche Linee No:40-45 SummerTiempo 87254"},"content":{"rendered":"<p>(colori e misure assortiti) N\u00b0:40-45<\/p>\n<div class='aiseo-faq-section' style='margin-top:30px; border-top:1px solid #eee; padding-top:20px;'>\n<h3>Domande Frequenti<\/h3>\n<details style='margin-bottom:10px; padding:10px; background:#f9f9f9; border-radius:5px;'>\n<summary style='font-weight:bold; cursor:pointer;'>Quali taglie sono disponibili?<\/summary>\n<div style='margin-top:10px; color:#555;'>Disponibile nelle taglie 40-45.<\/div>\n<\/details>\n<details style='margin-bottom:10px; padding:10px; background:#f9f9f9; border-radius:5px;'>\n<summary style='font-weight:bold; cursor:pointer;'>In quali colori \u00e8 disponibile?<\/summary>\n<div style='margin-top:10px; color:#555;'>Disponibile in colori assortiti.<\/div>\n<\/details>\n<details style='margin-bottom:10px; padding:10px; background:#f9f9f9; border-radius:5px;'>\n<summary style='font-weight:bold; cursor:pointer;'>Quali sono le caratteristiche del progetto?<\/summary>\n<div style='margin-top:10px; color:#555;'>Pantofole monocolore con linee sottili.<\/div>\n<\/details>\n<details style='margin-bottom:10px; padding:10px; background:#f9f9f9; border-radius:5px;'>\n<summary style='font-weight:bold; cursor:pointer;'>\u00c8 adatta per l&#8217;uso estivo?<\/summary>\n<div style='margin-top:10px; color:#555;'>S\u00ec, \u00e8 ideale per l&#8217;uso estivo, comoda e facile da indossare.<\/div>\n<\/details>\n<\/div>\n","protected":false},"excerpt":{"rendered":"<p>(colori e misure assortiti) N\u00b0:40-45 Domande Frequenti Quali taglie sono disponibili? Disponibile nelle taglie 40-45. In quali colori \u00e8 disponibile? Disponibile in colori assortiti. Quali sono le caratteristiche del progetto? Pantofole monocolore con linee sottili. \u00c8 adatta per l&#8217;uso estivo? S\u00ec, \u00e8 ideale per l&#8217;uso estivo, comoda e facile da indossare.<\/p>\n","protected":false},"featured_media":15631,"comment_status":"closed","ping_status":"open","template":"","meta":[],"product_brand":[],"product_cat":[],"product_tag":[15],"class_list":{"0":"post-5315370","1":"product","2":"type-product","3":"status-publish","4":"has-post-thumbnail","6":"product_tag-uncategorized","8":"first","9":"onbackorder","10":"purchasable","11":"product-type-simple"},"jetpack_sharing_enabled":true,"_links":{"self":[{"href":"https:\/\/gadgettravellers.eu\/it\/wp-json\/wp\/v2\/product\/5315370","targetHints":{"allow":["GET"]}}],"collection":[{"href":"https:\/\/gadgettravellers.eu\/it\/wp-json\/wp\/v2\/product"}],"about":[{"href":"https:\/\/gadgettravellers.eu\/it\/wp-json\/wp\/v2\/types\/product"}],"replies":[{"embeddable":true,"href":"https:\/\/gadgettravellers.eu\/it\/wp-json\/wp\/v2\/comments?post=5315370"}],"wp:featuredmedia":[{"embeddable":true,"href":"https:\/\/gadgettravellers.eu\/it\/wp-json\/wp\/v2\/media\/15631"}],"wp:attachment":[{"href":"https:\/\/gadgettravellers.eu\/it\/wp-json\/wp\/v2\/media?parent=5315370"}],"wp:term":[{"taxonomy":"product_brand","embeddable":true,"href":"https:\/\/gadgettravellers.eu\/it\/wp-json\/wp\/v2\/product_brand?post=5315370"},{"taxonomy":"product_cat","embeddable":true,"href":"https:\/\/gadgettravellers.eu\/it\/wp-json\/wp\/v2\/product_cat?post=5315370"},{"taxonomy":"product_tag","embeddable":true,"href":"https:\/\/gadgettravellers.eu\/it\/wp-json\/wp\/v2\/product_tag?post=5315370"}],"curies":[{"name":"wp","href":"https:\/\/api.w.org\/{rel}","templated":true}]}}