{"id":5315383,"date":"2026-01-19T14:24:44","date_gmt":"2026-01-19T12:24:44","guid":{"rendered":"https:\/\/gadgettravellers.eu\/shop\/veicolo-radiocomandato-brave-con-usb-ricaricabile-37x25x21cm-toymarkt-88733\/"},"modified":"2026-04-19T22:54:59","modified_gmt":"2026-04-19T20:54:59","slug":"veicolo-radiocomandato-brave-con-usb-ricaricabile-37x25x21cm-toymarkt-88733","status":"publish","type":"product","link":"https:\/\/gadgettravellers.eu\/it\/shop\/veicolo-radiocomandato-brave-con-usb-ricaricabile-37x25x21cm-toymarkt-88733\/","title":{"rendered":"Veicolo Radiocomandato Brave con usb &#038; Ricaricabile 37x25x21cm ToyMarkt 88733"},"content":{"rendered":"<p>Batteria &#038; usb 37x25x21cm<\/p>\n<div class='aiseo-faq-section' style='margin-top:30px; border-top:1px solid #eee; padding-top:20px;'>\n<h3>Domande Frequenti<\/h3>\n<details style='margin-bottom:10px; padding:10px; background:#f9f9f9; border-radius:5px;'>\n<summary style='font-weight:bold; cursor:pointer;'>Come si carica il veicolo?<\/summary>\n<div style='margin-top:10px; color:#555;'>Si carica tramite USB con la batteria ricaricabile integrata.<\/div>\n<\/details>\n<details style='margin-bottom:10px; padding:10px; background:#f9f9f9; border-radius:5px;'>\n<summary style='font-weight:bold; cursor:pointer;'>Quali sono le dimensioni del veicolo?<\/summary>\n<div style='margin-top:10px; color:#555;'>Le dimensioni sono 37x25x21 cm.<\/div>\n<\/details>\n<details style='margin-bottom:10px; padding:10px; background:#f9f9f9; border-radius:5px;'>\n<summary style='font-weight:bold; cursor:pointer;'>\u00c8 adatto per l&#8217;uso all&#8217;aperto?<\/summary>\n<div style='margin-top:10px; color:#555;'>S\u00ec, \u00e8 progettato per il divertimento sia al chiuso che all&#8217;aperto.<\/div>\n<\/details>\n<\/div>\n","protected":false},"excerpt":{"rendered":"<p>Batteria &#038; usb 37x25x21cm Domande Frequenti Come si carica il veicolo? Si carica tramite USB con la batteria ricaricabile integrata. Quali sono le dimensioni del veicolo? Le dimensioni sono 37x25x21 cm. \u00c8 adatto per l&#8217;uso all&#8217;aperto? S\u00ec, \u00e8 progettato per il divertimento sia al chiuso che all&#8217;aperto.<\/p>\n","protected":false},"featured_media":15792,"comment_status":"closed","ping_status":"open","template":"","meta":[],"product_brand":[],"product_cat":[],"product_tag":[15],"class_list":{"0":"post-5315383","1":"product","2":"type-product","3":"status-publish","4":"has-post-thumbnail","6":"product_tag-uncategorized","8":"first","9":"onbackorder","10":"purchasable","11":"product-type-simple"},"jetpack_sharing_enabled":true,"_links":{"self":[{"href":"https:\/\/gadgettravellers.eu\/it\/wp-json\/wp\/v2\/product\/5315383","targetHints":{"allow":["GET"]}}],"collection":[{"href":"https:\/\/gadgettravellers.eu\/it\/wp-json\/wp\/v2\/product"}],"about":[{"href":"https:\/\/gadgettravellers.eu\/it\/wp-json\/wp\/v2\/types\/product"}],"replies":[{"embeddable":true,"href":"https:\/\/gadgettravellers.eu\/it\/wp-json\/wp\/v2\/comments?post=5315383"}],"wp:featuredmedia":[{"embeddable":true,"href":"https:\/\/gadgettravellers.eu\/it\/wp-json\/wp\/v2\/media\/15792"}],"wp:attachment":[{"href":"https:\/\/gadgettravellers.eu\/it\/wp-json\/wp\/v2\/media?parent=5315383"}],"wp:term":[{"taxonomy":"product_brand","embeddable":true,"href":"https:\/\/gadgettravellers.eu\/it\/wp-json\/wp\/v2\/product_brand?post=5315383"},{"taxonomy":"product_cat","embeddable":true,"href":"https:\/\/gadgettravellers.eu\/it\/wp-json\/wp\/v2\/product_cat?post=5315383"},{"taxonomy":"product_tag","embeddable":true,"href":"https:\/\/gadgettravellers.eu\/it\/wp-json\/wp\/v2\/product_tag?post=5315383"}],"curies":[{"name":"wp","href":"https:\/\/api.w.org\/{rel}","templated":true}]}}