{"id":5315421,"date":"2026-01-19T14:25:13","date_gmt":"2026-01-19T12:25:13","guid":{"rendered":"https:\/\/gadgettravellers.eu\/shop\/tetris-elettronico-in-scatola-17x25x3cm-toymarkt-88836\/"},"modified":"2026-04-14T02:41:45","modified_gmt":"2026-04-14T00:41:45","slug":"tetris-elettronico-in-scatola-17x25x3cm-toymarkt-88836","status":"publish","type":"product","link":"https:\/\/gadgettravellers.eu\/it\/shop\/tetris-elettronico-in-scatola-17x25x3cm-toymarkt-88836\/","title":{"rendered":"Tetris Elettronico in Scatola 17x25x3cm ToyMarkt 88836"},"content":{"rendered":"<p>17x25x3cm<\/p>\n<div class='aiseo-faq-section' style='margin-top:30px; border-top:1px solid #eee; padding-top:20px;'>\n<h3>Domande Frequenti<\/h3>\n<details style='margin-bottom:10px; padding:10px; background:#f9f9f9; border-radius:5px;'>\n<summary style='font-weight:bold; cursor:pointer;'>Quali sono le dimensioni della scheda?<\/summary>\n<div style='margin-top:10px; color:#555;'>Le dimensioni sono 17x25x3 cm.<\/div>\n<\/details>\n<details style='margin-bottom:10px; padding:10px; background:#f9f9f9; border-radius:5px;'>\n<summary style='font-weight:bold; cursor:pointer;'>\u00c8 adatto per i viaggi?<\/summary>\n<div style='margin-top:10px; color:#555;'>S\u00ec, la dimensione compatta lo rende ideale per viaggiare e trasportarlo in una borsa.<\/div>\n<\/details>\n<details style='margin-bottom:10px; padding:10px; background:#f9f9f9; border-radius:5px;'>\n<summary style='font-weight:bold; cursor:pointer;'>Per quali et\u00e0 \u00e8 adatto?<\/summary>\n<div style='margin-top:10px; color:#555;'>Adatto a bambini e adulti che desiderano un intrattenimento veloce.<\/div>\n<\/details>\n<details style='margin-bottom:10px; padding:10px; background:#f9f9f9; border-radius:5px;'>\n<summary style='font-weight:bold; cursor:pointer;'>\u00c8 facile da usare?<\/summary>\n<div style='margin-top:10px; color:#555;'>S\u00ec, il gioco \u00e8 semplice da usare e adatto a tutti.<\/div>\n<\/details>\n<\/div>\n","protected":false},"excerpt":{"rendered":"<p>17x25x3cm Domande Frequenti Quali sono le dimensioni della scheda? Le dimensioni sono 17x25x3 cm. \u00c8 adatto per i viaggi? S\u00ec, la dimensione compatta lo rende ideale per viaggiare e trasportarlo in una borsa. Per quali et\u00e0 \u00e8 adatto? Adatto a bambini e adulti che desiderano un intrattenimento veloce. \u00c8 facile da usare? S\u00ec, il gioco [&hellip;]<\/p>\n","protected":false},"featured_media":16077,"comment_status":"closed","ping_status":"open","template":"","meta":[],"product_brand":[],"product_cat":[],"product_tag":[15],"class_list":{"0":"post-5315421","1":"product","2":"type-product","3":"status-publish","4":"has-post-thumbnail","6":"product_tag-uncategorized","8":"first","9":"onbackorder","10":"purchasable","11":"product-type-simple"},"jetpack_sharing_enabled":true,"_links":{"self":[{"href":"https:\/\/gadgettravellers.eu\/it\/wp-json\/wp\/v2\/product\/5315421","targetHints":{"allow":["GET"]}}],"collection":[{"href":"https:\/\/gadgettravellers.eu\/it\/wp-json\/wp\/v2\/product"}],"about":[{"href":"https:\/\/gadgettravellers.eu\/it\/wp-json\/wp\/v2\/types\/product"}],"replies":[{"embeddable":true,"href":"https:\/\/gadgettravellers.eu\/it\/wp-json\/wp\/v2\/comments?post=5315421"}],"wp:featuredmedia":[{"embeddable":true,"href":"https:\/\/gadgettravellers.eu\/it\/wp-json\/wp\/v2\/media\/16077"}],"wp:attachment":[{"href":"https:\/\/gadgettravellers.eu\/it\/wp-json\/wp\/v2\/media?parent=5315421"}],"wp:term":[{"taxonomy":"product_brand","embeddable":true,"href":"https:\/\/gadgettravellers.eu\/it\/wp-json\/wp\/v2\/product_brand?post=5315421"},{"taxonomy":"product_cat","embeddable":true,"href":"https:\/\/gadgettravellers.eu\/it\/wp-json\/wp\/v2\/product_cat?post=5315421"},{"taxonomy":"product_tag","embeddable":true,"href":"https:\/\/gadgettravellers.eu\/it\/wp-json\/wp\/v2\/product_tag?post=5315421"}],"curies":[{"name":"wp","href":"https:\/\/api.w.org\/{rel}","templated":true}]}}