{"id":5315503,"date":"2026-01-19T14:26:15","date_gmt":"2026-01-19T12:26:15","guid":{"rendered":"https:\/\/gadgettravellers.eu\/shop\/giochiamo-in-modo-sano-gioco-da-tavolo-27x27cm-ak\/"},"modified":"2026-04-22T22:40:52","modified_gmt":"2026-04-22T20:40:52","slug":"giochiamo-in-modo-sano-gioco-da-tavolo-27x27cm-ak","status":"publish","type":"product","link":"https:\/\/gadgettravellers.eu\/it\/shop\/giochiamo-in-modo-sano-gioco-da-tavolo-27x27cm-ak\/","title":{"rendered":"Giochiamo in modo sano Gioco da tavolo 27x27cm AK"},"content":{"rendered":"<p>27x27cm<\/p>\n<div class='aiseo-faq-section' style='margin-top:30px; border-top:1px solid #eee; padding-top:20px;'>\n<h3>Domande Frequenti<\/h3>\n<details style='margin-bottom:10px; padding:10px; background:#f9f9f9; border-radius:5px;'>\n<summary style='font-weight:bold; cursor:pointer;'>Per quale et\u00e0 \u00e8 adatto il gioco?<\/summary>\n<div style='margin-top:10px; color:#555;'>Ideale per bambini in et\u00e0 prescolare e per uso familiare.<\/div>\n<\/details>\n<details style='margin-bottom:10px; padding:10px; background:#f9f9f9; border-radius:5px;'>\n<summary style='font-weight:bold; cursor:pointer;'>Cosa insegna il gioco?<\/summary>\n<div style='margin-top:10px; color:#555;'>Abitua i bambini ai principi base dell&#8217;igiene, alle corrette abitudini e migliora il coordinamento.<\/div>\n<\/details>\n<details style='margin-bottom:10px; padding:10px; background:#f9f9f9; border-radius:5px;'>\n<summary style='font-weight:bold; cursor:pointer;'>Quali sono le dimensioni e quanto \u00e8 facile da trasportare?<\/summary>\n<div style='margin-top:10px; color:#555;'>Dimensioni compatte 27&#215;27 cm, con facile conservazione e trasporto.<\/div>\n<\/details>\n<details style='margin-bottom:10px; padding:10px; background:#f9f9f9; border-radius:5px;'>\n<summary style='font-weight:bold; cursor:pointer;'>Di quali materiali \u00e8 fatto?<\/summary>\n<div style='margin-top:10px; color:#555;'>Realizzato con materiali sicuri e resistenti per un uso a lungo termine.<\/div>\n<\/details>\n<details style='margin-bottom:10px; padding:10px; background:#f9f9f9; border-radius:5px;'>\n<summary style='font-weight:bold; cursor:pointer;'>Cosa lo rende un buon regalo?<\/summary>\n<div style='margin-top:10px; color:#555;'>Offre interattivit\u00e0 educativa ed \u00e8 adatto per il tempo in famiglia e l&#8217;apprendimento prescolare.<\/div>\n<\/details>\n<\/div>\n","protected":false},"excerpt":{"rendered":"<p>27x27cm Domande Frequenti Per quale et\u00e0 \u00e8 adatto il gioco? Ideale per bambini in et\u00e0 prescolare e per uso familiare. Cosa insegna il gioco? Abitua i bambini ai principi base dell&#8217;igiene, alle corrette abitudini e migliora il coordinamento. Quali sono le dimensioni e quanto \u00e8 facile da trasportare? Dimensioni compatte 27&#215;27 cm, con facile conservazione [&hellip;]<\/p>\n","protected":false},"featured_media":16412,"comment_status":"closed","ping_status":"open","template":"","meta":[],"product_brand":[],"product_cat":[],"product_tag":[15],"class_list":{"0":"post-5315503","1":"product","2":"type-product","3":"status-publish","4":"has-post-thumbnail","6":"product_tag-uncategorized","8":"first","9":"onbackorder","10":"purchasable","11":"product-type-simple"},"jetpack_sharing_enabled":true,"_links":{"self":[{"href":"https:\/\/gadgettravellers.eu\/it\/wp-json\/wp\/v2\/product\/5315503","targetHints":{"allow":["GET"]}}],"collection":[{"href":"https:\/\/gadgettravellers.eu\/it\/wp-json\/wp\/v2\/product"}],"about":[{"href":"https:\/\/gadgettravellers.eu\/it\/wp-json\/wp\/v2\/types\/product"}],"replies":[{"embeddable":true,"href":"https:\/\/gadgettravellers.eu\/it\/wp-json\/wp\/v2\/comments?post=5315503"}],"wp:featuredmedia":[{"embeddable":true,"href":"https:\/\/gadgettravellers.eu\/it\/wp-json\/wp\/v2\/media\/16412"}],"wp:attachment":[{"href":"https:\/\/gadgettravellers.eu\/it\/wp-json\/wp\/v2\/media?parent=5315503"}],"wp:term":[{"taxonomy":"product_brand","embeddable":true,"href":"https:\/\/gadgettravellers.eu\/it\/wp-json\/wp\/v2\/product_brand?post=5315503"},{"taxonomy":"product_cat","embeddable":true,"href":"https:\/\/gadgettravellers.eu\/it\/wp-json\/wp\/v2\/product_cat?post=5315503"},{"taxonomy":"product_tag","embeddable":true,"href":"https:\/\/gadgettravellers.eu\/it\/wp-json\/wp\/v2\/product_tag?post=5315503"}],"curies":[{"name":"wp","href":"https:\/\/api.w.org\/{rel}","templated":true}]}}