{"id":5315507,"date":"2026-01-19T14:26:18","date_gmt":"2026-01-19T12:26:18","guid":{"rendered":"https:\/\/gadgettravellers.eu\/shop\/mattoncini-colorati-da-tavolo-6-5x23x6-5cm-toymarkt-891654\/"},"modified":"2026-04-22T22:40:54","modified_gmt":"2026-04-22T20:40:54","slug":"mattoncini-colorati-da-tavolo-6-5x23x6-5cm-toymarkt-891654","status":"publish","type":"product","link":"https:\/\/gadgettravellers.eu\/it\/shop\/mattoncini-colorati-da-tavolo-6-5x23x6-5cm-toymarkt-891654\/","title":{"rendered":"Mattoncini Colorati da Tavolo 6.5x23x6.5cm ToyMarkt 891654"},"content":{"rendered":"<p>Con mattoncini colorati 6.5x23x6.5cm<\/p>\n<div class='aiseo-faq-section' style='margin-top:30px; border-top:1px solid #eee; padding-top:20px;'>\n<h3>Domande Frequenti<\/h3>\n<details style='margin-bottom:10px; padding:10px; background:#f9f9f9; border-radius:5px;'>\n<summary style='font-weight:bold; cursor:pointer;'>Quali sono le dimensioni dei mattoni?<\/summary>\n<div style='margin-top:10px; color:#555;'>Le dimensioni sono 6,5x23x6,5 cm.<\/div>\n<\/details>\n<details style='margin-bottom:10px; padding:10px; background:#f9f9f9; border-radius:5px;'>\n<summary style='font-weight:bold; cursor:pointer;'>Per quale uso sono ideali?<\/summary>\n<div style='margin-top:10px; color:#555;'>Ideali per il gioco creativo e l&#8217;esercizio della motricit\u00e0 fine all&#8217;asilo e a casa.<\/div>\n<\/details>\n<details style='margin-bottom:10px; padding:10px; background:#f9f9f9; border-radius:5px;'>\n<summary style='font-weight:bold; cursor:pointer;'>Qual \u00e8 il beneficio educativo di questi mattoncini?<\/summary>\n<div style='margin-top:10px; color:#555;'>Aiutano nello sviluppo della motricit\u00e0 fine e nel pensiero creativo\/costruttivo.<\/div>\n<\/details>\n<details style='margin-bottom:10px; padding:10px; background:#f9f9f9; border-radius:5px;'>\n<summary style='font-weight:bold; cursor:pointer;'>Sono adatti per l&#8217;et\u00e0 prescolare?<\/summary>\n<div style='margin-top:10px; color:#555;'>S\u00ec, sono adatti per la scuola materna e per giocare a casa con bambini in et\u00e0 prescolare.<\/div>\n<\/details>\n<\/div>\n","protected":false},"excerpt":{"rendered":"<p>Con mattoncini colorati 6.5x23x6.5cm Domande Frequenti Quali sono le dimensioni dei mattoni? Le dimensioni sono 6,5x23x6,5 cm. Per quale uso sono ideali? Ideali per il gioco creativo e l&#8217;esercizio della motricit\u00e0 fine all&#8217;asilo e a casa. Qual \u00e8 il beneficio educativo di questi mattoncini? Aiutano nello sviluppo della motricit\u00e0 fine e nel pensiero creativo\/costruttivo. Sono [&hellip;]<\/p>\n","protected":false},"featured_media":16416,"comment_status":"closed","ping_status":"open","template":"","meta":[],"product_brand":[],"product_cat":[],"product_tag":[15],"class_list":{"0":"post-5315507","1":"product","2":"type-product","3":"status-publish","4":"has-post-thumbnail","6":"product_tag-uncategorized","8":"first","9":"onbackorder","10":"purchasable","11":"product-type-simple"},"jetpack_sharing_enabled":true,"_links":{"self":[{"href":"https:\/\/gadgettravellers.eu\/it\/wp-json\/wp\/v2\/product\/5315507","targetHints":{"allow":["GET"]}}],"collection":[{"href":"https:\/\/gadgettravellers.eu\/it\/wp-json\/wp\/v2\/product"}],"about":[{"href":"https:\/\/gadgettravellers.eu\/it\/wp-json\/wp\/v2\/types\/product"}],"replies":[{"embeddable":true,"href":"https:\/\/gadgettravellers.eu\/it\/wp-json\/wp\/v2\/comments?post=5315507"}],"wp:featuredmedia":[{"embeddable":true,"href":"https:\/\/gadgettravellers.eu\/it\/wp-json\/wp\/v2\/media\/16416"}],"wp:attachment":[{"href":"https:\/\/gadgettravellers.eu\/it\/wp-json\/wp\/v2\/media?parent=5315507"}],"wp:term":[{"taxonomy":"product_brand","embeddable":true,"href":"https:\/\/gadgettravellers.eu\/it\/wp-json\/wp\/v2\/product_brand?post=5315507"},{"taxonomy":"product_cat","embeddable":true,"href":"https:\/\/gadgettravellers.eu\/it\/wp-json\/wp\/v2\/product_cat?post=5315507"},{"taxonomy":"product_tag","embeddable":true,"href":"https:\/\/gadgettravellers.eu\/it\/wp-json\/wp\/v2\/product_tag?post=5315507"}],"curies":[{"name":"wp","href":"https:\/\/api.w.org\/{rel}","templated":true}]}}