{"id":5315515,"date":"2026-01-19T14:26:23","date_gmt":"2026-01-19T12:26:23","guid":{"rendered":"https:\/\/gadgettravellers.eu\/shop\/puzzle-1000-pezzi-panoramic-view-of-london-32x23x7cm-dino-545397\/"},"modified":"2026-04-22T22:40:58","modified_gmt":"2026-04-22T20:40:58","slug":"puzzle-1000-pezzi-panoramic-view-of-london-32x23x7cm-dino-545397","status":"publish","type":"product","link":"https:\/\/gadgettravellers.eu\/it\/shop\/puzzle-1000-pezzi-panoramic-view-of-london-32x23x7cm-dino-545397\/","title":{"rendered":"Puzzle 1000 pezzi Panoramic View of London 32x23x7cm Dino 545397"},"content":{"rendered":"<p>1000 pz 32x23x7cm<\/p>\n<div class='aiseo-faq-section' style='margin-top:30px; border-top:1px solid #eee; padding-top:20px;'>\n<h3>Domande Frequenti<\/h3>\n<details style='margin-bottom:10px; padding:10px; background:#f9f9f9; border-radius:5px;'>\n<summary style='font-weight:bold; cursor:pointer;'>Quanti pezzi ha questo puzzle?<\/summary>\n<div style='margin-top:10px; color:#555;'>1000 pezzi.<\/div>\n<\/details>\n<details style='margin-bottom:10px; padding:10px; background:#f9f9f9; border-radius:5px;'>\n<summary style='font-weight:bold; cursor:pointer;'>Quali sono le dimensioni del puzzle\/della scatola?<\/summary>\n<div style='margin-top:10px; color:#555;'>32x23x7cm.<\/div>\n<\/details>\n<details style='margin-bottom:10px; padding:10px; background:#f9f9f9; border-radius:5px;'>\n<summary style='font-weight:bold; cursor:pointer;'>Per quale pubblico \u00e8 adatto?<\/summary>\n<div style='margin-top:10px; color:#555;'>Ideale per momenti per adulti e in famiglia.<\/div>\n<\/details>\n<details style='margin-bottom:10px; padding:10px; background:#f9f9f9; border-radius:5px;'>\n<summary style='font-weight:bold; cursor:pointer;'>Di che materiale \u00e8 fatto e qual \u00e8 la qualit\u00e0 di stampa?<\/summary>\n<div style='margin-top:10px; color:#555;'>Realizzato in cartone di qualit\u00e0 con stampa dettagliata.<\/div>\n<\/details>\n<\/div>\n","protected":false},"excerpt":{"rendered":"<p>1000 pz 32x23x7cm Domande Frequenti Quanti pezzi ha questo puzzle? 1000 pezzi. Quali sono le dimensioni del puzzle\/della scatola? 32x23x7cm. Per quale pubblico \u00e8 adatto? Ideale per momenti per adulti e in famiglia. Di che materiale \u00e8 fatto e qual \u00e8 la qualit\u00e0 di stampa? Realizzato in cartone di qualit\u00e0 con stampa dettagliata.<\/p>\n","protected":false},"featured_media":16525,"comment_status":"closed","ping_status":"open","template":"","meta":[],"product_brand":[],"product_cat":[],"product_tag":[15],"class_list":{"0":"post-5315515","1":"product","2":"type-product","3":"status-publish","4":"has-post-thumbnail","6":"product_tag-uncategorized","8":"first","9":"onbackorder","10":"purchasable","11":"product-type-simple"},"jetpack_sharing_enabled":true,"_links":{"self":[{"href":"https:\/\/gadgettravellers.eu\/it\/wp-json\/wp\/v2\/product\/5315515","targetHints":{"allow":["GET"]}}],"collection":[{"href":"https:\/\/gadgettravellers.eu\/it\/wp-json\/wp\/v2\/product"}],"about":[{"href":"https:\/\/gadgettravellers.eu\/it\/wp-json\/wp\/v2\/types\/product"}],"replies":[{"embeddable":true,"href":"https:\/\/gadgettravellers.eu\/it\/wp-json\/wp\/v2\/comments?post=5315515"}],"wp:featuredmedia":[{"embeddable":true,"href":"https:\/\/gadgettravellers.eu\/it\/wp-json\/wp\/v2\/media\/16525"}],"wp:attachment":[{"href":"https:\/\/gadgettravellers.eu\/it\/wp-json\/wp\/v2\/media?parent=5315515"}],"wp:term":[{"taxonomy":"product_brand","embeddable":true,"href":"https:\/\/gadgettravellers.eu\/it\/wp-json\/wp\/v2\/product_brand?post=5315515"},{"taxonomy":"product_cat","embeddable":true,"href":"https:\/\/gadgettravellers.eu\/it\/wp-json\/wp\/v2\/product_cat?post=5315515"},{"taxonomy":"product_tag","embeddable":true,"href":"https:\/\/gadgettravellers.eu\/it\/wp-json\/wp\/v2\/product_tag?post=5315515"}],"curies":[{"name":"wp","href":"https:\/\/api.w.org\/{rel}","templated":true}]}}