{"id":5315516,"date":"2026-01-19T14:26:25","date_gmt":"2026-01-19T12:26:25","guid":{"rendered":"https:\/\/gadgettravellers.eu\/shop\/puzzle-3d-da-colorare-38-pezzi-castello-26x18x3cm-toymarkt-891730\/"},"modified":"2026-04-21T21:24:47","modified_gmt":"2026-04-21T19:24:47","slug":"puzzle-3d-da-colorare-38-pezzi-castello-26x18x3cm-toymarkt-891730","status":"publish","type":"product","link":"https:\/\/gadgettravellers.eu\/it\/shop\/puzzle-3d-da-colorare-38-pezzi-castello-26x18x3cm-toymarkt-891730\/","title":{"rendered":"Puzzle 3d da colorare 38 pezzi Castello 26x18x3cm ToyMarkt 891730"},"content":{"rendered":"<p>Colorazione 38 pz 26x18x3cm<\/p>\n<div class='aiseo-faq-section' style='margin-top:30px; border-top:1px solid #eee; padding-top:20px;'>\n<h3>Domande Frequenti<\/h3>\n<details style='margin-bottom:10px; padding:10px; background:#f9f9f9; border-radius:5px;'>\n<summary style='font-weight:bold; cursor:pointer;'>Quanti pezzi ha il puzzle?<\/summary>\n<div style='margin-top:10px; color:#555;'>Il puzzle include 38 pezzi.<\/div>\n<\/details>\n<details style='margin-bottom:10px; padding:10px; background:#f9f9f9; border-radius:5px;'>\n<summary style='font-weight:bold; cursor:pointer;'>Quali sono le dimensioni del prodotto?<\/summary>\n<div style='margin-top:10px; color:#555;'>Le dimensioni sono 26x18x3 cm.<\/div>\n<\/details>\n<details style='margin-bottom:10px; padding:10px; background:#f9f9f9; border-radius:5px;'>\n<summary style='font-weight:bold; cursor:pointer;'>Sono inclusi colori o pennarelli per colorare?<\/summary>\n<div style='margin-top:10px; color:#555;'>Nella descrizione non \u00e8 indicato che sono inclusi colori o pennarelli.<\/div>\n<\/details>\n<details style='margin-bottom:10px; padding:10px; background:#f9f9f9; border-radius:5px;'>\n<summary style='font-weight:bold; cursor:pointer;'>Perch\u00e9 questo prodotto \u00e8 adatto per attivit\u00e0 creative?<\/summary>\n<div style='margin-top:10px; color:#555;'>Offre un disegno da colorare e assemblare, aiutando nello sviluppo della creativit\u00e0 e della motricit\u00e0 fine.<\/div>\n<\/details>\n<\/div>\n","protected":false},"excerpt":{"rendered":"<p>Colorazione 38 pz 26x18x3cm Domande Frequenti Quanti pezzi ha il puzzle? Il puzzle include 38 pezzi. Quali sono le dimensioni del prodotto? Le dimensioni sono 26x18x3 cm. Sono inclusi colori o pennarelli per colorare? Nella descrizione non \u00e8 indicato che sono inclusi colori o pennarelli. Perch\u00e9 questo prodotto \u00e8 adatto per attivit\u00e0 creative? Offre un [&hellip;]<\/p>\n","protected":false},"featured_media":16532,"comment_status":"closed","ping_status":"open","template":"","meta":[],"product_brand":[],"product_cat":[],"product_tag":[15],"class_list":{"0":"post-5315516","1":"product","2":"type-product","3":"status-publish","4":"has-post-thumbnail","6":"product_tag-uncategorized","8":"first","9":"onbackorder","10":"purchasable","11":"product-type-simple"},"jetpack_sharing_enabled":true,"_links":{"self":[{"href":"https:\/\/gadgettravellers.eu\/it\/wp-json\/wp\/v2\/product\/5315516","targetHints":{"allow":["GET"]}}],"collection":[{"href":"https:\/\/gadgettravellers.eu\/it\/wp-json\/wp\/v2\/product"}],"about":[{"href":"https:\/\/gadgettravellers.eu\/it\/wp-json\/wp\/v2\/types\/product"}],"replies":[{"embeddable":true,"href":"https:\/\/gadgettravellers.eu\/it\/wp-json\/wp\/v2\/comments?post=5315516"}],"wp:featuredmedia":[{"embeddable":true,"href":"https:\/\/gadgettravellers.eu\/it\/wp-json\/wp\/v2\/media\/16532"}],"wp:attachment":[{"href":"https:\/\/gadgettravellers.eu\/it\/wp-json\/wp\/v2\/media?parent=5315516"}],"wp:term":[{"taxonomy":"product_brand","embeddable":true,"href":"https:\/\/gadgettravellers.eu\/it\/wp-json\/wp\/v2\/product_brand?post=5315516"},{"taxonomy":"product_cat","embeddable":true,"href":"https:\/\/gadgettravellers.eu\/it\/wp-json\/wp\/v2\/product_cat?post=5315516"},{"taxonomy":"product_tag","embeddable":true,"href":"https:\/\/gadgettravellers.eu\/it\/wp-json\/wp\/v2\/product_tag?post=5315516"}],"curies":[{"name":"wp","href":"https:\/\/api.w.org\/{rel}","templated":true}]}}