{"id":5315540,"date":"2026-01-19T14:26:45","date_gmt":"2026-01-19T12:26:45","guid":{"rendered":"https:\/\/gadgettravellers.eu\/shop\/gioco-e-imparo-gli-animali-memo-18x25x4cm-ak\/"},"modified":"2026-04-22T22:41:09","modified_gmt":"2026-04-22T20:41:09","slug":"gioco-e-imparo-gli-animali-memo-18x25x4cm-ak","status":"publish","type":"product","link":"https:\/\/gadgettravellers.eu\/it\/shop\/gioco-e-imparo-gli-animali-memo-18x25x4cm-ak\/","title":{"rendered":"Gioco e Imparo gli animali Memo 18x25x4cm AK"},"content":{"rendered":"<p>18x25x4cm<\/p>\n<div class='aiseo-faq-section' style='margin-top:30px; border-top:1px solid #eee; padding-top:20px;'>\n<h3>Domande Frequenti<\/h3>\n<details style='margin-bottom:10px; padding:10px; background:#f9f9f9; border-radius:5px;'>\n<summary style='font-weight:bold; cursor:pointer;'>Quali sono le dimensioni del gioco?<\/summary>\n<div style='margin-top:10px; color:#555;'>Le dimensioni sono 18x25x4 cm.<\/div>\n<\/details>\n<details style='margin-bottom:10px; padding:10px; background:#f9f9f9; border-radius:5px;'>\n<summary style='font-weight:bold; cursor:pointer;'>Per quale et\u00e0 \u00e8 adatto?<\/summary>\n<div style='margin-top:10px; color:#555;'>\u00c8 ideale per le et\u00e0 pi\u00f9 piccole e i bambini in et\u00e0 prescolare.<\/div>\n<\/details>\n<details style='margin-bottom:10px; padding:10px; background:#f9f9f9; border-radius:5px;'>\n<summary style='font-weight:bold; cursor:pointer;'>Quali competenze sviluppa il gioco?<\/summary>\n<div style='margin-top:10px; color:#555;'>Migliora la memoria, l&#8217;osservazione e il vocabolario dei bambini.<\/div>\n<\/details>\n<details style='margin-bottom:10px; padding:10px; background:#f9f9f9; border-radius:5px;'>\n<summary style='font-weight:bold; cursor:pointer;'>\u00c8 facile da trasportare e conservare?<\/summary>\n<div style='margin-top:10px; color:#555;'>S\u00ec \u2014 la dimensione compatta consente una facile conservazione e trasporto, adatta per casa, scuola o viaggio.<\/div>\n<\/details>\n<\/div>\n","protected":false},"excerpt":{"rendered":"<p>18x25x4cm Domande Frequenti Quali sono le dimensioni del gioco? Le dimensioni sono 18x25x4 cm. Per quale et\u00e0 \u00e8 adatto? \u00c8 ideale per le et\u00e0 pi\u00f9 piccole e i bambini in et\u00e0 prescolare. Quali competenze sviluppa il gioco? Migliora la memoria, l&#8217;osservazione e il vocabolario dei bambini. \u00c8 facile da trasportare e conservare? S\u00ec \u2014 la [&hellip;]<\/p>\n","protected":false},"featured_media":16584,"comment_status":"closed","ping_status":"open","template":"","meta":[],"product_brand":[],"product_cat":[],"product_tag":[15],"class_list":{"0":"post-5315540","1":"product","2":"type-product","3":"status-publish","4":"has-post-thumbnail","6":"product_tag-uncategorized","8":"first","9":"onbackorder","10":"purchasable","11":"product-type-simple"},"jetpack_sharing_enabled":true,"_links":{"self":[{"href":"https:\/\/gadgettravellers.eu\/it\/wp-json\/wp\/v2\/product\/5315540","targetHints":{"allow":["GET"]}}],"collection":[{"href":"https:\/\/gadgettravellers.eu\/it\/wp-json\/wp\/v2\/product"}],"about":[{"href":"https:\/\/gadgettravellers.eu\/it\/wp-json\/wp\/v2\/types\/product"}],"replies":[{"embeddable":true,"href":"https:\/\/gadgettravellers.eu\/it\/wp-json\/wp\/v2\/comments?post=5315540"}],"wp:featuredmedia":[{"embeddable":true,"href":"https:\/\/gadgettravellers.eu\/it\/wp-json\/wp\/v2\/media\/16584"}],"wp:attachment":[{"href":"https:\/\/gadgettravellers.eu\/it\/wp-json\/wp\/v2\/media?parent=5315540"}],"wp:term":[{"taxonomy":"product_brand","embeddable":true,"href":"https:\/\/gadgettravellers.eu\/it\/wp-json\/wp\/v2\/product_brand?post=5315540"},{"taxonomy":"product_cat","embeddable":true,"href":"https:\/\/gadgettravellers.eu\/it\/wp-json\/wp\/v2\/product_cat?post=5315540"},{"taxonomy":"product_tag","embeddable":true,"href":"https:\/\/gadgettravellers.eu\/it\/wp-json\/wp\/v2\/product_tag?post=5315540"}],"curies":[{"name":"wp","href":"https:\/\/api.w.org\/{rel}","templated":true}]}}