{"id":5315547,"date":"2026-01-19T14:26:51","date_gmt":"2026-01-19T12:26:51","guid":{"rendered":"https:\/\/gadgettravellers.eu\/shop\/calcio-balilla-champion-football-per-2-giocatori-32x22x5cm-toymarkt-891872\/"},"modified":"2026-04-22T22:41:12","modified_gmt":"2026-04-22T20:41:12","slug":"calcio-balilla-champion-football-per-2-giocatori-32x22x5cm-toymarkt-891872","status":"publish","type":"product","link":"https:\/\/gadgettravellers.eu\/it\/shop\/calcio-balilla-champion-football-per-2-giocatori-32x22x5cm-toymarkt-891872\/","title":{"rendered":"Calcio balilla Champion Football per 2 giocatori 32x22x5cm ToyMarkt 891872"},"content":{"rendered":"<p>32x22x5cm<\/p>\n<div class='aiseo-faq-section' style='margin-top:30px; border-top:1px solid #eee; padding-top:20px;'>\n<h3>Domande Frequenti<\/h3>\n<details style='margin-bottom:10px; padding:10px; background:#f9f9f9; border-radius:5px;'>\n<summary style='font-weight:bold; cursor:pointer;'>Per quanti giocatori \u00e8 il gioco?<\/summary>\n<div style='margin-top:10px; color:#555;'>Per due giocatori.<\/div>\n<\/details>\n<details style='margin-bottom:10px; padding:10px; background:#f9f9f9; border-radius:5px;'>\n<summary style='font-weight:bold; cursor:pointer;'>Quali sono le dimensioni del calcio balilla?<\/summary>\n<div style='margin-top:10px; color:#555;'>Le dimensioni sono 32x22x5 cm.<\/div>\n<\/details>\n<details style='margin-bottom:10px; padding:10px; background:#f9f9f9; border-radius:5px;'>\n<summary style='font-weight:bold; cursor:pointer;'>In quali ambienti pu\u00f2 essere utilizzato?<\/summary>\n<div style='margin-top:10px; color:#555;'>Ideale per l&#8217;uso su tavolo, scrivania o camera dei bambini e in generale in spazi piccoli.<\/div>\n<\/details>\n<details style='margin-bottom:10px; padding:10px; background:#f9f9f9; border-radius:5px;'>\n<summary style='font-weight:bold; cursor:pointer;'>\u00c8 portatile e facile da usare?<\/summary>\n<div style='margin-top:10px; color:#555;'>S\u00ec, \u00e8 portatile e facile da usare, adatto per giochi in famiglia o sfide improvvise.<\/div>\n<\/details>\n<\/div>\n","protected":false},"excerpt":{"rendered":"<p>32x22x5cm Domande Frequenti Per quanti giocatori \u00e8 il gioco? Per due giocatori. Quali sono le dimensioni del calcio balilla? Le dimensioni sono 32x22x5 cm. In quali ambienti pu\u00f2 essere utilizzato? Ideale per l&#8217;uso su tavolo, scrivania o camera dei bambini e in generale in spazi piccoli. \u00c8 portatile e facile da usare? S\u00ec, \u00e8 portatile [&hellip;]<\/p>\n","protected":false},"featured_media":5068370,"comment_status":"closed","ping_status":"open","template":"","meta":[],"product_brand":[],"product_cat":[],"product_tag":[15],"class_list":{"0":"post-5315547","1":"product","2":"type-product","3":"status-publish","4":"has-post-thumbnail","6":"product_tag-uncategorized","8":"first","9":"onbackorder","10":"purchasable","11":"product-type-simple"},"jetpack_sharing_enabled":true,"_links":{"self":[{"href":"https:\/\/gadgettravellers.eu\/it\/wp-json\/wp\/v2\/product\/5315547","targetHints":{"allow":["GET"]}}],"collection":[{"href":"https:\/\/gadgettravellers.eu\/it\/wp-json\/wp\/v2\/product"}],"about":[{"href":"https:\/\/gadgettravellers.eu\/it\/wp-json\/wp\/v2\/types\/product"}],"replies":[{"embeddable":true,"href":"https:\/\/gadgettravellers.eu\/it\/wp-json\/wp\/v2\/comments?post=5315547"}],"wp:featuredmedia":[{"embeddable":true,"href":"https:\/\/gadgettravellers.eu\/it\/wp-json\/wp\/v2\/media\/5068370"}],"wp:attachment":[{"href":"https:\/\/gadgettravellers.eu\/it\/wp-json\/wp\/v2\/media?parent=5315547"}],"wp:term":[{"taxonomy":"product_brand","embeddable":true,"href":"https:\/\/gadgettravellers.eu\/it\/wp-json\/wp\/v2\/product_brand?post=5315547"},{"taxonomy":"product_cat","embeddable":true,"href":"https:\/\/gadgettravellers.eu\/it\/wp-json\/wp\/v2\/product_cat?post=5315547"},{"taxonomy":"product_tag","embeddable":true,"href":"https:\/\/gadgettravellers.eu\/it\/wp-json\/wp\/v2\/product_tag?post=5315547"}],"curies":[{"name":"wp","href":"https:\/\/api.w.org\/{rel}","templated":true}]}}