{"id":5315548,"date":"2026-01-19T14:26:52","date_gmt":"2026-01-19T12:26:52","guid":{"rendered":"https:\/\/gadgettravellers.eu\/shop\/puzzle-da-pavimento-57-pz-trattore-23x18x6cm-toymarkt-891867\/"},"modified":"2026-04-22T22:41:12","modified_gmt":"2026-04-22T20:41:12","slug":"puzzle-da-pavimento-57-pz-trattore-23x18x6cm-toymarkt-891867","status":"publish","type":"product","link":"https:\/\/gadgettravellers.eu\/it\/shop\/puzzle-da-pavimento-57-pz-trattore-23x18x6cm-toymarkt-891867\/","title":{"rendered":"Puzzle da Pavimento 57 pz Trattore 23x18x6cm ToyMarkt 891867"},"content":{"rendered":"<p>Pavimento 57 pz 23x18x6cm<\/p>\n<div class='aiseo-faq-section' style='margin-top:30px; border-top:1px solid #eee; padding-top:20px;'>\n<h3>Domande Frequenti<\/h3>\n<details style='margin-bottom:10px; padding:10px; background:#f9f9f9; border-radius:5px;'>\n<summary style='font-weight:bold; cursor:pointer;'>Quanti pezzi ha il puzzle?<\/summary>\n<div style='margin-top:10px; color:#555;'>57 pezzi.<\/div>\n<\/details>\n<details style='margin-bottom:10px; padding:10px; background:#f9f9f9; border-radius:5px;'>\n<summary style='font-weight:bold; cursor:pointer;'>Quali sono le dimensioni del prodotto?<\/summary>\n<div style='margin-top:10px; color:#555;'>23x18x6 cm.<\/div>\n<\/details>\n<details style='margin-bottom:10px; padding:10px; background:#f9f9f9; border-radius:5px;'>\n<summary style='font-weight:bold; cursor:pointer;'>\u00c8 adatto per i bambini in et\u00e0 prescolare?<\/summary>\n<div style='margin-top:10px; color:#555;'>S\u00ec \u2014 ha grandi pezzi adatti ai bambini piccoli.<\/div>\n<\/details>\n<details style='margin-bottom:10px; padding:10px; background:#f9f9f9; border-radius:5px;'>\n<summary style='font-weight:bold; cursor:pointer;'>Cosa sviluppa il gioco?<\/summary>\n<div style='margin-top:10px; color:#555;'>Rafforza le abilit\u00e0 motorie fini e il pensiero logico.<\/div>\n<\/details>\n<\/div>\n","protected":false},"excerpt":{"rendered":"<p>Pavimento 57 pz 23x18x6cm Domande Frequenti Quanti pezzi ha il puzzle? 57 pezzi. Quali sono le dimensioni del prodotto? 23x18x6 cm. \u00c8 adatto per i bambini in et\u00e0 prescolare? S\u00ec \u2014 ha grandi pezzi adatti ai bambini piccoli. Cosa sviluppa il gioco? Rafforza le abilit\u00e0 motorie fini e il pensiero logico.<\/p>\n","protected":false},"featured_media":16598,"comment_status":"closed","ping_status":"open","template":"","meta":[],"product_brand":[],"product_cat":[],"product_tag":[15],"class_list":{"0":"post-5315548","1":"product","2":"type-product","3":"status-publish","4":"has-post-thumbnail","6":"product_tag-uncategorized","8":"first","9":"onbackorder","10":"purchasable","11":"product-type-simple"},"jetpack_sharing_enabled":true,"_links":{"self":[{"href":"https:\/\/gadgettravellers.eu\/it\/wp-json\/wp\/v2\/product\/5315548","targetHints":{"allow":["GET"]}}],"collection":[{"href":"https:\/\/gadgettravellers.eu\/it\/wp-json\/wp\/v2\/product"}],"about":[{"href":"https:\/\/gadgettravellers.eu\/it\/wp-json\/wp\/v2\/types\/product"}],"replies":[{"embeddable":true,"href":"https:\/\/gadgettravellers.eu\/it\/wp-json\/wp\/v2\/comments?post=5315548"}],"wp:featuredmedia":[{"embeddable":true,"href":"https:\/\/gadgettravellers.eu\/it\/wp-json\/wp\/v2\/media\/16598"}],"wp:attachment":[{"href":"https:\/\/gadgettravellers.eu\/it\/wp-json\/wp\/v2\/media?parent=5315548"}],"wp:term":[{"taxonomy":"product_brand","embeddable":true,"href":"https:\/\/gadgettravellers.eu\/it\/wp-json\/wp\/v2\/product_brand?post=5315548"},{"taxonomy":"product_cat","embeddable":true,"href":"https:\/\/gadgettravellers.eu\/it\/wp-json\/wp\/v2\/product_cat?post=5315548"},{"taxonomy":"product_tag","embeddable":true,"href":"https:\/\/gadgettravellers.eu\/it\/wp-json\/wp\/v2\/product_tag?post=5315548"}],"curies":[{"name":"wp","href":"https:\/\/api.w.org\/{rel}","templated":true}]}}