{"id":5315569,"date":"2026-01-19T14:27:08","date_gmt":"2026-01-19T12:27:08","guid":{"rendered":"https:\/\/gadgettravellers.eu\/shop\/puzzle-70-pezzi-unicorno-25x25x5cm-toymarkt-891903\/"},"modified":"2026-04-22T22:41:22","modified_gmt":"2026-04-22T20:41:22","slug":"puzzle-70-pezzi-unicorno-25x25x5cm-toymarkt-891903","status":"publish","type":"product","link":"https:\/\/gadgettravellers.eu\/it\/shop\/puzzle-70-pezzi-unicorno-25x25x5cm-toymarkt-891903\/","title":{"rendered":"Puzzle 70 pezzi Unicorno 25x25x5cm ToyMarkt 891903"},"content":{"rendered":"<p>70 pz 25x25x5cm<\/p>\n<div class='aiseo-faq-section' style='margin-top:30px; border-top:1px solid #eee; padding-top:20px;'>\n<h3>Domande Frequenti<\/h3>\n<details style='margin-bottom:10px; padding:10px; background:#f9f9f9; border-radius:5px;'>\n<summary style='font-weight:bold; cursor:pointer;'>Quanti pezzi ha il puzzle?<\/summary>\n<div style='margin-top:10px; color:#555;'>Il puzzle include 70 pezzi.<\/div>\n<\/details>\n<details style='margin-bottom:10px; padding:10px; background:#f9f9f9; border-radius:5px;'>\n<summary style='font-weight:bold; cursor:pointer;'>Quali sono le dimensioni del puzzle una volta assemblato?<\/summary>\n<div style='margin-top:10px; color:#555;'>Le dimensioni sono 25x25x5 cm.<\/div>\n<\/details>\n<details style='margin-bottom:10px; padding:10px; background:#f9f9f9; border-radius:5px;'>\n<summary style='font-weight:bold; cursor:pointer;'>\u00c8 adatto per bambini e uso familiare?<\/summary>\n<div style='margin-top:10px; color:#555;'>S\u00ec, \u00e8 ideale per i bambini e per il divertimento in famiglia, ed \u00e8 facile da montare.<\/div>\n<\/details>\n<\/div>\n","protected":false},"excerpt":{"rendered":"<p>70 pz 25x25x5cm Domande Frequenti Quanti pezzi ha il puzzle? Il puzzle include 70 pezzi. Quali sono le dimensioni del puzzle una volta assemblato? Le dimensioni sono 25x25x5 cm. \u00c8 adatto per bambini e uso familiare? S\u00ec, \u00e8 ideale per i bambini e per il divertimento in famiglia, ed \u00e8 facile da montare.<\/p>\n","protected":false},"featured_media":5028495,"comment_status":"closed","ping_status":"open","template":"","meta":[],"product_brand":[],"product_cat":[],"product_tag":[15],"class_list":{"0":"post-5315569","1":"product","2":"type-product","3":"status-publish","4":"has-post-thumbnail","6":"product_tag-uncategorized","8":"first","9":"onbackorder","10":"purchasable","11":"product-type-simple"},"jetpack_sharing_enabled":true,"_links":{"self":[{"href":"https:\/\/gadgettravellers.eu\/it\/wp-json\/wp\/v2\/product\/5315569","targetHints":{"allow":["GET"]}}],"collection":[{"href":"https:\/\/gadgettravellers.eu\/it\/wp-json\/wp\/v2\/product"}],"about":[{"href":"https:\/\/gadgettravellers.eu\/it\/wp-json\/wp\/v2\/types\/product"}],"replies":[{"embeddable":true,"href":"https:\/\/gadgettravellers.eu\/it\/wp-json\/wp\/v2\/comments?post=5315569"}],"wp:featuredmedia":[{"embeddable":true,"href":"https:\/\/gadgettravellers.eu\/it\/wp-json\/wp\/v2\/media\/5028495"}],"wp:attachment":[{"href":"https:\/\/gadgettravellers.eu\/it\/wp-json\/wp\/v2\/media?parent=5315569"}],"wp:term":[{"taxonomy":"product_brand","embeddable":true,"href":"https:\/\/gadgettravellers.eu\/it\/wp-json\/wp\/v2\/product_brand?post=5315569"},{"taxonomy":"product_cat","embeddable":true,"href":"https:\/\/gadgettravellers.eu\/it\/wp-json\/wp\/v2\/product_cat?post=5315569"},{"taxonomy":"product_tag","embeddable":true,"href":"https:\/\/gadgettravellers.eu\/it\/wp-json\/wp\/v2\/product_tag?post=5315569"}],"curies":[{"name":"wp","href":"https:\/\/api.w.org\/{rel}","templated":true}]}}