{"id":5315577,"date":"2026-01-19T14:27:13","date_gmt":"2026-01-19T12:27:13","guid":{"rendered":"https:\/\/gadgettravellers.eu\/shop\/calcio-balilla-shooting-football-39x27x5cm-toymarkt-891911\/"},"modified":"2026-04-22T22:41:25","modified_gmt":"2026-04-22T20:41:25","slug":"calcio-balilla-shooting-football-39x27x5cm-toymarkt-891911","status":"publish","type":"product","link":"https:\/\/gadgettravellers.eu\/it\/shop\/calcio-balilla-shooting-football-39x27x5cm-toymarkt-891911\/","title":{"rendered":"Calcio balilla Shooting Football 39x27x5cm ToyMarkt 891911"},"content":{"rendered":"<p>39x27x5cm<\/p>\n<div class='aiseo-faq-section' style='margin-top:30px; border-top:1px solid #eee; padding-top:20px;'>\n<h3>Domande Frequenti<\/h3>\n<details style='margin-bottom:10px; padding:10px; background:#f9f9f9; border-radius:5px;'>\n<summary style='font-weight:bold; cursor:pointer;'>Quali sono le dimensioni del prodotto?<\/summary>\n<div style='margin-top:10px; color:#555;'>Le dimensioni sono 39x27x5 cm.<\/div>\n<\/details>\n<details style='margin-bottom:10px; padding:10px; background:#f9f9f9; border-radius:5px;'>\n<summary style='font-weight:bold; cursor:pointer;'>\u00c8 adatto per bambini e adulti?<\/summary>\n<div style='margin-top:10px; color:#555;'>S\u00ec, offre divertimento per bambini e adulti.<\/div>\n<\/details>\n<details style='margin-bottom:10px; padding:10px; background:#f9f9f9; border-radius:5px;'>\n<summary style='font-weight:bold; cursor:pointer;'>Richiede montaggio?<\/summary>\n<div style='margin-top:10px; color:#555;'>Ha un&#8217;installazione semplice per un uso rapido e facile.<\/div>\n<\/details>\n<details style='margin-bottom:10px; padding:10px; background:#f9f9f9; border-radius:5px;'>\n<summary style='font-weight:bold; cursor:pointer;'>Pu\u00f2 essere utilizzato in ufficio o in spazi piccoli?<\/summary>\n<div style='margin-top:10px; color:#555;'>S\u00ec, \u00e8 portatile e leggero, ideale per l&#8217;uso a casa o in ufficio.<\/div>\n<\/details>\n<\/div>\n","protected":false},"excerpt":{"rendered":"<p>39x27x5cm Domande Frequenti Quali sono le dimensioni del prodotto? Le dimensioni sono 39x27x5 cm. \u00c8 adatto per bambini e adulti? S\u00ec, offre divertimento per bambini e adulti. Richiede montaggio? Ha un&#8217;installazione semplice per un uso rapido e facile. Pu\u00f2 essere utilizzato in ufficio o in spazi piccoli? S\u00ec, \u00e8 portatile e leggero, ideale per l&#8217;uso [&hellip;]<\/p>\n","protected":false},"featured_media":5180726,"comment_status":"closed","ping_status":"open","template":"","meta":[],"product_brand":[],"product_cat":[],"product_tag":[15],"class_list":{"0":"post-5315577","1":"product","2":"type-product","3":"status-publish","4":"has-post-thumbnail","6":"product_tag-uncategorized","8":"first","9":"onbackorder","10":"purchasable","11":"product-type-simple"},"jetpack_sharing_enabled":true,"_links":{"self":[{"href":"https:\/\/gadgettravellers.eu\/it\/wp-json\/wp\/v2\/product\/5315577","targetHints":{"allow":["GET"]}}],"collection":[{"href":"https:\/\/gadgettravellers.eu\/it\/wp-json\/wp\/v2\/product"}],"about":[{"href":"https:\/\/gadgettravellers.eu\/it\/wp-json\/wp\/v2\/types\/product"}],"replies":[{"embeddable":true,"href":"https:\/\/gadgettravellers.eu\/it\/wp-json\/wp\/v2\/comments?post=5315577"}],"wp:featuredmedia":[{"embeddable":true,"href":"https:\/\/gadgettravellers.eu\/it\/wp-json\/wp\/v2\/media\/5180726"}],"wp:attachment":[{"href":"https:\/\/gadgettravellers.eu\/it\/wp-json\/wp\/v2\/media?parent=5315577"}],"wp:term":[{"taxonomy":"product_brand","embeddable":true,"href":"https:\/\/gadgettravellers.eu\/it\/wp-json\/wp\/v2\/product_brand?post=5315577"},{"taxonomy":"product_cat","embeddable":true,"href":"https:\/\/gadgettravellers.eu\/it\/wp-json\/wp\/v2\/product_cat?post=5315577"},{"taxonomy":"product_tag","embeddable":true,"href":"https:\/\/gadgettravellers.eu\/it\/wp-json\/wp\/v2\/product_tag?post=5315577"}],"curies":[{"name":"wp","href":"https:\/\/api.w.org\/{rel}","templated":true}]}}