{"id":5315586,"date":"2026-01-19T14:27:19","date_gmt":"2026-01-19T12:27:19","guid":{"rendered":"https:\/\/gadgettravellers.eu\/shop\/puzzle-60-pezzi-in-cilindro-stitch-26cm-altezza-stitch\/"},"modified":"2026-04-22T22:41:29","modified_gmt":"2026-04-22T20:41:29","slug":"puzzle-60-pezzi-in-cilindro-stitch-26cm-altezza-stitch","status":"publish","type":"product","link":"https:\/\/gadgettravellers.eu\/it\/shop\/puzzle-60-pezzi-in-cilindro-stitch-26cm-altezza-stitch\/","title":{"rendered":"Puzzle 60 pezzi in Cilindro Stitch 26cm (altezza) Stitch"},"content":{"rendered":"<p>Realizzato 48x33cm 26cm (altezza)<\/p>\n<div class='aiseo-faq-section' style='margin-top:30px; border-top:1px solid #eee; padding-top:20px;'>\n<h3>Domande Frequenti<\/h3>\n<details style='margin-bottom:10px; padding:10px; background:#f9f9f9; border-radius:5px;'>\n<summary style='font-weight:bold; cursor:pointer;'>Qual \u00e8 la dimensione finale quando il puzzle \u00e8 assemblato?<\/summary>\n<div style='margin-top:10px; color:#555;'>Il puzzle assemblato ha dimensioni 48&#215;33 cm.<\/div>\n<\/details>\n<details style='margin-bottom:10px; padding:10px; background:#f9f9f9; border-radius:5px;'>\n<summary style='font-weight:bold; cursor:pointer;'>Quanti pezzi ha il puzzle?<\/summary>\n<div style='margin-top:10px; color:#555;'>Il puzzle include 60 pezzi.<\/div>\n<\/details>\n<details style='margin-bottom:10px; padding:10px; background:#f9f9f9; border-radius:5px;'>\n<summary style='font-weight:bold; cursor:pointer;'>A quale et\u00e0 \u00e8 destinato il puzzle?<\/summary>\n<div style='margin-top:10px; color:#555;'>\u00c8 ideale per bambini di 3 anni e oltre.<\/div>\n<\/details>\n<details style='margin-bottom:10px; padding:10px; background:#f9f9f9; border-radius:5px;'>\n<summary style='font-weight:bold; cursor:pointer;'>Qual \u00e8 l&#8217;imballaggio e quali sono le sue dimensioni?<\/summary>\n<div style='margin-top:10px; color:#555;'>Confezionato in un cilindro alto 26 cm per una facile conservazione.<\/div>\n<\/details>\n<\/div>\n","protected":false},"excerpt":{"rendered":"<p>Realizzato 48x33cm 26cm (altezza) Domande Frequenti Qual \u00e8 la dimensione finale quando il puzzle \u00e8 assemblato? Il puzzle assemblato ha dimensioni 48&#215;33 cm. Quanti pezzi ha il puzzle? Il puzzle include 60 pezzi. A quale et\u00e0 \u00e8 destinato il puzzle? \u00c8 ideale per bambini di 3 anni e oltre. Qual \u00e8 l&#8217;imballaggio e quali sono [&hellip;]<\/p>\n","protected":false},"featured_media":5180747,"comment_status":"closed","ping_status":"open","template":"","meta":[],"product_brand":[],"product_cat":[],"product_tag":[15],"class_list":{"0":"post-5315586","1":"product","2":"type-product","3":"status-publish","4":"has-post-thumbnail","6":"product_tag-uncategorized","8":"first","9":"onbackorder","10":"purchasable","11":"product-type-simple"},"jetpack_sharing_enabled":true,"_links":{"self":[{"href":"https:\/\/gadgettravellers.eu\/it\/wp-json\/wp\/v2\/product\/5315586","targetHints":{"allow":["GET"]}}],"collection":[{"href":"https:\/\/gadgettravellers.eu\/it\/wp-json\/wp\/v2\/product"}],"about":[{"href":"https:\/\/gadgettravellers.eu\/it\/wp-json\/wp\/v2\/types\/product"}],"replies":[{"embeddable":true,"href":"https:\/\/gadgettravellers.eu\/it\/wp-json\/wp\/v2\/comments?post=5315586"}],"wp:featuredmedia":[{"embeddable":true,"href":"https:\/\/gadgettravellers.eu\/it\/wp-json\/wp\/v2\/media\/5180747"}],"wp:attachment":[{"href":"https:\/\/gadgettravellers.eu\/it\/wp-json\/wp\/v2\/media?parent=5315586"}],"wp:term":[{"taxonomy":"product_brand","embeddable":true,"href":"https:\/\/gadgettravellers.eu\/it\/wp-json\/wp\/v2\/product_brand?post=5315586"},{"taxonomy":"product_cat","embeddable":true,"href":"https:\/\/gadgettravellers.eu\/it\/wp-json\/wp\/v2\/product_cat?post=5315586"},{"taxonomy":"product_tag","embeddable":true,"href":"https:\/\/gadgettravellers.eu\/it\/wp-json\/wp\/v2\/product_tag?post=5315586"}],"curies":[{"name":"wp","href":"https:\/\/api.w.org\/{rel}","templated":true}]}}