{"id":5315594,"date":"2026-01-19T14:27:25","date_gmt":"2026-01-19T12:27:25","guid":{"rendered":"https:\/\/gadgettravellers.eu\/shop\/scacchi-travel-13x7cm-toymarkt-89241\/"},"modified":"2026-04-22T22:41:33","modified_gmt":"2026-04-22T20:41:33","slug":"scacchi-travel-13x7cm-toymarkt-89241","status":"publish","type":"product","link":"https:\/\/gadgettravellers.eu\/it\/shop\/scacchi-travel-13x7cm-toymarkt-89241\/","title":{"rendered":"Scacchi Travel 13x7cm ToyMarkt 89241"},"content":{"rendered":"<p>Magnetico 13x7cm<\/p>\n<div class='aiseo-faq-section' style='margin-top:30px; border-top:1px solid #eee; padding-top:20px;'>\n<h3>Domande Frequenti<\/h3>\n<details style='margin-bottom:10px; padding:10px; background:#f9f9f9; border-radius:5px;'>\n<summary style='font-weight:bold; cursor:pointer;'>Quali sono le dimensioni del set?<\/summary>\n<div style='margin-top:10px; color:#555;'>Le dimensioni sono 13x7cm.<\/div>\n<\/details>\n<details style='margin-bottom:10px; padding:10px; background:#f9f9f9; border-radius:5px;'>\n<summary style='font-weight:bold; cursor:pointer;'>Il set \u00e8 magnetico?<\/summary>\n<div style='margin-top:10px; color:#555;'>S\u00ec, il set \u00e8 magnetico.<\/div>\n<\/details>\n<details style='margin-bottom:10px; padding:10px; background:#f9f9f9; border-radius:5px;'>\n<summary style='font-weight:bold; cursor:pointer;'>\u00c8 adatto per viaggiare?<\/summary>\n<div style='margin-top:10px; color:#555;'>S\u00ec, \u00e8 compatto e portatile, ideale per giocare in strada.<\/div>\n<\/details>\n<details style='margin-bottom:10px; padding:10px; background:#f9f9f9; border-radius:5px;'>\n<summary style='font-weight:bold; cursor:pointer;'>\u00c8 adatto per bambini e adulti?<\/summary>\n<div style='margin-top:10px; color:#555;'>S\u00ec, \u00e8 destinato come regalo sia per bambini che per adulti.<\/div>\n<\/details>\n<\/div>\n","protected":false},"excerpt":{"rendered":"<p>Magnetico 13x7cm Domande Frequenti Quali sono le dimensioni del set? Le dimensioni sono 13x7cm. Il set \u00e8 magnetico? S\u00ec, il set \u00e8 magnetico. \u00c8 adatto per viaggiare? S\u00ec, \u00e8 compatto e portatile, ideale per giocare in strada. \u00c8 adatto per bambini e adulti? S\u00ec, \u00e8 destinato come regalo sia per bambini che per adulti.<\/p>\n","protected":false},"featured_media":16755,"comment_status":"closed","ping_status":"open","template":"","meta":[],"product_brand":[],"product_cat":[],"product_tag":[15],"class_list":{"0":"post-5315594","1":"product","2":"type-product","3":"status-publish","4":"has-post-thumbnail","6":"product_tag-uncategorized","8":"first","9":"onbackorder","10":"purchasable","11":"product-type-simple"},"jetpack_sharing_enabled":true,"_links":{"self":[{"href":"https:\/\/gadgettravellers.eu\/it\/wp-json\/wp\/v2\/product\/5315594","targetHints":{"allow":["GET"]}}],"collection":[{"href":"https:\/\/gadgettravellers.eu\/it\/wp-json\/wp\/v2\/product"}],"about":[{"href":"https:\/\/gadgettravellers.eu\/it\/wp-json\/wp\/v2\/types\/product"}],"replies":[{"embeddable":true,"href":"https:\/\/gadgettravellers.eu\/it\/wp-json\/wp\/v2\/comments?post=5315594"}],"wp:featuredmedia":[{"embeddable":true,"href":"https:\/\/gadgettravellers.eu\/it\/wp-json\/wp\/v2\/media\/16755"}],"wp:attachment":[{"href":"https:\/\/gadgettravellers.eu\/it\/wp-json\/wp\/v2\/media?parent=5315594"}],"wp:term":[{"taxonomy":"product_brand","embeddable":true,"href":"https:\/\/gadgettravellers.eu\/it\/wp-json\/wp\/v2\/product_brand?post=5315594"},{"taxonomy":"product_cat","embeddable":true,"href":"https:\/\/gadgettravellers.eu\/it\/wp-json\/wp\/v2\/product_cat?post=5315594"},{"taxonomy":"product_tag","embeddable":true,"href":"https:\/\/gadgettravellers.eu\/it\/wp-json\/wp\/v2\/product_tag?post=5315594"}],"curies":[{"name":"wp","href":"https:\/\/api.w.org\/{rel}","templated":true}]}}