{"id":5315602,"date":"2026-01-19T14:27:32","date_gmt":"2026-01-19T12:27:32","guid":{"rendered":"https:\/\/gadgettravellers.eu\/shop\/xilofono-in-scatola-245x13cm-toymarkt-89305\/"},"modified":"2026-04-22T22:41:36","modified_gmt":"2026-04-22T20:41:36","slug":"xilofono-in-scatola-245x13cm-toymarkt-89305","status":"publish","type":"product","link":"https:\/\/gadgettravellers.eu\/it\/shop\/xilofono-in-scatola-245x13cm-toymarkt-89305\/","title":{"rendered":"Xilofono in Scatola 24,5x13cm ToyMarkt 89305"},"content":{"rendered":"<p>24,5x13cm<\/p>\n<div class='aiseo-faq-section' style='margin-top:30px; border-top:1px solid #eee; padding-top:20px;'>\n<h3>Domande Frequenti<\/h3>\n<details style='margin-bottom:10px; padding:10px; background:#f9f9f9; border-radius:5px;'>\n<summary style='font-weight:bold; cursor:pointer;'>Quali sono le dimensioni del prodotto?<\/summary>\n<div style='margin-top:10px; color:#555;'>Le dimensioni sono 24,5&#215;13 cm.<\/div>\n<\/details>\n<details style='margin-bottom:10px; padding:10px; background:#f9f9f9; border-radius:5px;'>\n<summary style='font-weight:bold; cursor:pointer;'>Di che materiale \u00e8 fatto?<\/summary>\n<div style='margin-top:10px; color:#555;'>Legno massiccio con placche disposte che producono toni puri.<\/div>\n<\/details>\n<details style='margin-bottom:10px; padding:10px; background:#f9f9f9; border-radius:5px;'>\n<summary style='font-weight:bold; cursor:pointer;'>\u00c8 adatto per esperienze musicali iniziali?<\/summary>\n<div style='margin-top:10px; color:#555;'>S\u00ec, \u00e8 ideale per le prime esperienze musicali e per rafforzare la percezione uditiva.<\/div>\n<\/details>\n<details style='margin-bottom:10px; padding:10px; background:#f9f9f9; border-radius:5px;'>\n<summary style='font-weight:bold; cursor:pointer;'>Ha bisogno di corrente o batterie?<\/summary>\n<div style='margin-top:10px; color:#555;'>No, \u00e8 non elettrico e funziona meccanicamente con colpi.<\/div>\n<\/details>\n<details style='margin-bottom:10px; padding:10px; background:#f9f9f9; border-radius:5px;'>\n<summary style='font-weight:bold; cursor:pointer;'>\u00c8 facile da trasportare e conservare?<\/summary>\n<div style='margin-top:10px; color:#555;'>S\u00ec, la scatola facilita il trasporto e la conservazione.<\/div>\n<\/details>\n<\/div>\n","protected":false},"excerpt":{"rendered":"<p>24,5x13cm Domande Frequenti Quali sono le dimensioni del prodotto? Le dimensioni sono 24,5&#215;13 cm. Di che materiale \u00e8 fatto? Legno massiccio con placche disposte che producono toni puri. \u00c8 adatto per esperienze musicali iniziali? S\u00ec, \u00e8 ideale per le prime esperienze musicali e per rafforzare la percezione uditiva. Ha bisogno di corrente o batterie? No, [&hellip;]<\/p>\n","protected":false},"featured_media":16872,"comment_status":"closed","ping_status":"open","template":"","meta":[],"product_brand":[],"product_cat":[],"product_tag":[15],"class_list":{"0":"post-5315602","1":"product","2":"type-product","3":"status-publish","4":"has-post-thumbnail","6":"product_tag-uncategorized","8":"first","9":"onbackorder","10":"purchasable","11":"product-type-simple"},"jetpack_sharing_enabled":true,"_links":{"self":[{"href":"https:\/\/gadgettravellers.eu\/it\/wp-json\/wp\/v2\/product\/5315602","targetHints":{"allow":["GET"]}}],"collection":[{"href":"https:\/\/gadgettravellers.eu\/it\/wp-json\/wp\/v2\/product"}],"about":[{"href":"https:\/\/gadgettravellers.eu\/it\/wp-json\/wp\/v2\/types\/product"}],"replies":[{"embeddable":true,"href":"https:\/\/gadgettravellers.eu\/it\/wp-json\/wp\/v2\/comments?post=5315602"}],"wp:featuredmedia":[{"embeddable":true,"href":"https:\/\/gadgettravellers.eu\/it\/wp-json\/wp\/v2\/media\/16872"}],"wp:attachment":[{"href":"https:\/\/gadgettravellers.eu\/it\/wp-json\/wp\/v2\/media?parent=5315602"}],"wp:term":[{"taxonomy":"product_brand","embeddable":true,"href":"https:\/\/gadgettravellers.eu\/it\/wp-json\/wp\/v2\/product_brand?post=5315602"},{"taxonomy":"product_cat","embeddable":true,"href":"https:\/\/gadgettravellers.eu\/it\/wp-json\/wp\/v2\/product_cat?post=5315602"},{"taxonomy":"product_tag","embeddable":true,"href":"https:\/\/gadgettravellers.eu\/it\/wp-json\/wp\/v2\/product_tag?post=5315602"}],"curies":[{"name":"wp","href":"https:\/\/api.w.org\/{rel}","templated":true}]}}