{"id":5315604,"date":"2026-01-19T14:27:34","date_gmt":"2026-01-19T12:27:34","guid":{"rendered":"https:\/\/gadgettravellers.eu\/shop\/il-miglior-studente-27x27cm-epa-217\/"},"modified":"2026-04-05T22:50:44","modified_gmt":"2026-04-05T20:50:44","slug":"il-miglior-studente-27x27cm-epa-217","status":"publish","type":"product","link":"https:\/\/gadgettravellers.eu\/it\/shop\/il-miglior-studente-27x27cm-epa-217\/","title":{"rendered":"Il Miglior Studente 27x27cm EPA 217"},"content":{"rendered":"<p>27x27cm<\/p>\n<div class='aiseo-faq-section' style='margin-top:30px; border-top:1px solid #eee; padding-top:20px;'>\n<h3>Domande Frequenti<\/h3>\n<details style='margin-bottom:10px; padding:10px; background:#f9f9f9; border-radius:5px;'>\n<summary style='font-weight:bold; cursor:pointer;'>Qual \u00e8 la dimensione della federa?<\/summary>\n<div style='margin-top:10px; color:#555;'>La dimensione \u00e8 27&#215;27 cm, cio\u00e8 un piccolo quadrato.<\/div>\n<\/details>\n<details style='margin-bottom:10px; padding:10px; background:#f9f9f9; border-radius:5px;'>\n<summary style='font-weight:bold; cursor:pointer;'>\u00c8 adatta per l&#8217;uso quotidiano?<\/summary>\n<div style='margin-top:10px; color:#555;'>S\u00ec \u2014 la descrizione afferma che \u00e8 adatto all&#8217;uso quotidiano.<\/div>\n<\/details>\n<details style='margin-bottom:10px; padding:10px; background:#f9f9f9; border-radius:5px;'>\n<summary style='font-weight:bold; cursor:pointer;'>Dove pu\u00f2 essere utilizzata questa federa?<\/summary>\n<div style='margin-top:10px; color:#555;'>Ideale per la decorazione della cameretta dei bambini e degli spazi scolastici, nonch\u00e9 su sedie, poltrone e letti.<\/div>\n<\/details>\n<details style='margin-bottom:10px; padding:10px; background:#f9f9f9; border-radius:5px;'>\n<summary style='font-weight:bold; cursor:pointer;'>Ci sono istruzioni per il lavaggio?<\/summary>\n<div style='margin-top:10px; color:#555;'>Si consiglia di controllare le istruzioni per la cura prima del lavaggio.<\/div>\n<\/details>\n<\/div>\n","protected":false},"excerpt":{"rendered":"<p>27x27cm Domande Frequenti Qual \u00e8 la dimensione della federa? La dimensione \u00e8 27&#215;27 cm, cio\u00e8 un piccolo quadrato. \u00c8 adatta per l&#8217;uso quotidiano? S\u00ec \u2014 la descrizione afferma che \u00e8 adatto all&#8217;uso quotidiano. Dove pu\u00f2 essere utilizzata questa federa? Ideale per la decorazione della cameretta dei bambini e degli spazi scolastici, nonch\u00e9 su sedie, poltrone [&hellip;]<\/p>\n","protected":false},"featured_media":16870,"comment_status":"closed","ping_status":"open","template":"","meta":[],"product_brand":[],"product_cat":[],"product_tag":[15],"class_list":{"0":"post-5315604","1":"product","2":"type-product","3":"status-publish","4":"has-post-thumbnail","6":"product_tag-uncategorized","8":"first","9":"onbackorder","10":"purchasable","11":"product-type-simple"},"jetpack_sharing_enabled":true,"_links":{"self":[{"href":"https:\/\/gadgettravellers.eu\/it\/wp-json\/wp\/v2\/product\/5315604","targetHints":{"allow":["GET"]}}],"collection":[{"href":"https:\/\/gadgettravellers.eu\/it\/wp-json\/wp\/v2\/product"}],"about":[{"href":"https:\/\/gadgettravellers.eu\/it\/wp-json\/wp\/v2\/types\/product"}],"replies":[{"embeddable":true,"href":"https:\/\/gadgettravellers.eu\/it\/wp-json\/wp\/v2\/comments?post=5315604"}],"wp:featuredmedia":[{"embeddable":true,"href":"https:\/\/gadgettravellers.eu\/it\/wp-json\/wp\/v2\/media\/16870"}],"wp:attachment":[{"href":"https:\/\/gadgettravellers.eu\/it\/wp-json\/wp\/v2\/media?parent=5315604"}],"wp:term":[{"taxonomy":"product_brand","embeddable":true,"href":"https:\/\/gadgettravellers.eu\/it\/wp-json\/wp\/v2\/product_brand?post=5315604"},{"taxonomy":"product_cat","embeddable":true,"href":"https:\/\/gadgettravellers.eu\/it\/wp-json\/wp\/v2\/product_cat?post=5315604"},{"taxonomy":"product_tag","embeddable":true,"href":"https:\/\/gadgettravellers.eu\/it\/wp-json\/wp\/v2\/product_tag?post=5315604"}],"curies":[{"name":"wp","href":"https:\/\/api.w.org\/{rel}","templated":true}]}}