{"id":5315606,"date":"2026-01-19T14:27:35","date_gmt":"2026-01-19T12:27:35","guid":{"rendered":"https:\/\/gadgettravellers.eu\/shop\/i-12-mesi-dellanno-remoundo-233\/"},"modified":"2026-04-22T22:41:37","modified_gmt":"2026-04-22T20:41:37","slug":"i-12-mesi-dellanno-remoundo-233","status":"publish","type":"product","link":"https:\/\/gadgettravellers.eu\/it\/shop\/i-12-mesi-dellanno-remoundo-233\/","title":{"rendered":"I 12 Mesi dell&#8217;Anno  Remoundo 233"},"content":{"rendered":"<div class='aiseo-faq-section' style='margin-top:30px; border-top:1px solid #eee; padding-top:20px;'>\n<h3>Domande Frequenti<\/h3>\n<details style='margin-bottom:10px; padding:10px; background:#f9f9f9; border-radius:5px;'>\n<summary style='font-weight:bold; cursor:pointer;'>Questo liquido \u00e8 adatto per dispositivi pod e box mod?<\/summary>\n<div style='margin-top:10px; color:#555;'>S\u00ec, la composizione offre prestazioni stabili ed \u00e8 adatta per l&#8217;uso in dispositivi pod e box mod.<\/div>\n<\/details>\n<details style='margin-bottom:10px; padding:10px; background:#f9f9f9; border-radius:5px;'>\n<summary style='font-weight:bold; cursor:pointer;'>Che tipo di nicotina contiene il prodotto?<\/summary>\n<div style='margin-top:10px; color:#555;'>Si tratta di una serie di liquidi di ricarica freebase, come indicato nella descrizione.<\/div>\n<\/details>\n<details style='margin-bottom:10px; padding:10px; background:#f9f9f9; border-radius:5px;'>\n<summary style='font-weight:bold; cursor:pointer;'>La confezione ha un tappo di sicurezza per bambini?<\/summary>\n<div style='margin-top:10px; color:#555;'>S\u00ec, la confezione include un tappo protettivo per bambini e istruzioni chiare per l&#8217;uso.<\/div>\n<\/details>\n<details style='margin-bottom:10px; padding:10px; background:#f9f9f9; border-radius:5px;'>\n<summary style='font-weight:bold; cursor:pointer;'>\u00c8 adatto per l&#8217;uso quotidiano?<\/summary>\n<div style='margin-top:10px; color:#555;'>S\u00ec, \u00e8 ideale per l&#8217;uso quotidiano e per provare l&#8217;intera collezione di sapori.<\/div>\n<\/details>\n<details style='margin-bottom:10px; padding:10px; background:#f9f9f9; border-radius:5px;'>\n<summary style='font-weight:bold; cursor:pointer;'>Qual \u00e8 il rapporto VG\/PG?<\/summary>\n<div style='margin-top:10px; color:#555;'>La composizione \u00e8 descritta come un equilibrio bilanciato VG\/PG, offrendo un buon equilibrio tra sapore e produzione di vapore.<\/div>\n<\/details>\n<\/div>\n","protected":false},"excerpt":{"rendered":"<p>Domande Frequenti Questo liquido \u00e8 adatto per dispositivi pod e box mod? S\u00ec, la composizione offre prestazioni stabili ed \u00e8 adatta per l&#8217;uso in dispositivi pod e box mod. Che tipo di nicotina contiene il prodotto? Si tratta di una serie di liquidi di ricarica freebase, come indicato nella descrizione. La confezione ha un tappo [&hellip;]<\/p>\n","protected":false},"featured_media":16882,"comment_status":"closed","ping_status":"open","template":"","meta":[],"product_brand":[],"product_cat":[],"product_tag":[15],"class_list":{"0":"post-5315606","1":"product","2":"type-product","3":"status-publish","4":"has-post-thumbnail","6":"product_tag-uncategorized","8":"first","9":"onbackorder","10":"purchasable","11":"product-type-simple"},"jetpack_sharing_enabled":true,"_links":{"self":[{"href":"https:\/\/gadgettravellers.eu\/it\/wp-json\/wp\/v2\/product\/5315606","targetHints":{"allow":["GET"]}}],"collection":[{"href":"https:\/\/gadgettravellers.eu\/it\/wp-json\/wp\/v2\/product"}],"about":[{"href":"https:\/\/gadgettravellers.eu\/it\/wp-json\/wp\/v2\/types\/product"}],"replies":[{"embeddable":true,"href":"https:\/\/gadgettravellers.eu\/it\/wp-json\/wp\/v2\/comments?post=5315606"}],"wp:featuredmedia":[{"embeddable":true,"href":"https:\/\/gadgettravellers.eu\/it\/wp-json\/wp\/v2\/media\/16882"}],"wp:attachment":[{"href":"https:\/\/gadgettravellers.eu\/it\/wp-json\/wp\/v2\/media?parent=5315606"}],"wp:term":[{"taxonomy":"product_brand","embeddable":true,"href":"https:\/\/gadgettravellers.eu\/it\/wp-json\/wp\/v2\/product_brand?post=5315606"},{"taxonomy":"product_cat","embeddable":true,"href":"https:\/\/gadgettravellers.eu\/it\/wp-json\/wp\/v2\/product_cat?post=5315606"},{"taxonomy":"product_tag","embeddable":true,"href":"https:\/\/gadgettravellers.eu\/it\/wp-json\/wp\/v2\/product_tag?post=5315606"}],"curies":[{"name":"wp","href":"https:\/\/api.w.org\/{rel}","templated":true}]}}