{"id":5315653,"date":"2026-01-19T14:28:16","date_gmt":"2026-01-19T12:28:16","guid":{"rendered":"https:\/\/gadgettravellers.eu\/shop\/maschere-per-il-viso-monouso-50-pezzi-iva-24-175x95mm-4teen4ty-27222\/"},"modified":"2026-04-22T22:41:57","modified_gmt":"2026-04-22T20:41:57","slug":"maschere-per-il-viso-monouso-50-pezzi-iva-24-175x95mm-4teen4ty-27222","status":"publish","type":"product","link":"https:\/\/gadgettravellers.eu\/it\/shop\/maschere-per-il-viso-monouso-50-pezzi-iva-24-175x95mm-4teen4ty-27222\/","title":{"rendered":"Maschere per il viso monouso 50 pezzi (IVA 24%) 175x95mm 4teen4ty 27222"},"content":{"rendered":"<p>Cyt=50 pz. 3 strati di filtro.} Con clip di adattamento del naso. Non si accettano resi per le maschere. Non ha la certificazione CE perch\u00e9 non \u00e8 destinata ai medici. \u00c8 una maschera di uso generale e viene utilizzata dal grande pubblico secondo le misure preventive contro il co 175x95mm<\/p>\n","protected":false},"excerpt":{"rendered":"<p>Cyt=50 pz. 3 strati di filtro.} Con clip di adattamento del naso. Non si accettano resi per le maschere. Non ha la certificazione CE perch\u00e9 non \u00e8 destinata ai medici. \u00c8 una maschera di uso generale e viene utilizzata dal grande pubblico secondo le misure preventive contro il co 175x95mm<\/p>\n","protected":false},"featured_media":17064,"comment_status":"closed","ping_status":"open","template":"","meta":[],"product_brand":[],"product_cat":[],"product_tag":[15],"class_list":{"0":"post-5315653","1":"product","2":"type-product","3":"status-publish","4":"has-post-thumbnail","6":"product_tag-uncategorized","8":"first","9":"onbackorder","10":"purchasable","11":"product-type-simple"},"jetpack_sharing_enabled":true,"_links":{"self":[{"href":"https:\/\/gadgettravellers.eu\/it\/wp-json\/wp\/v2\/product\/5315653","targetHints":{"allow":["GET"]}}],"collection":[{"href":"https:\/\/gadgettravellers.eu\/it\/wp-json\/wp\/v2\/product"}],"about":[{"href":"https:\/\/gadgettravellers.eu\/it\/wp-json\/wp\/v2\/types\/product"}],"replies":[{"embeddable":true,"href":"https:\/\/gadgettravellers.eu\/it\/wp-json\/wp\/v2\/comments?post=5315653"}],"wp:featuredmedia":[{"embeddable":true,"href":"https:\/\/gadgettravellers.eu\/it\/wp-json\/wp\/v2\/media\/17064"}],"wp:attachment":[{"href":"https:\/\/gadgettravellers.eu\/it\/wp-json\/wp\/v2\/media?parent=5315653"}],"wp:term":[{"taxonomy":"product_brand","embeddable":true,"href":"https:\/\/gadgettravellers.eu\/it\/wp-json\/wp\/v2\/product_brand?post=5315653"},{"taxonomy":"product_cat","embeddable":true,"href":"https:\/\/gadgettravellers.eu\/it\/wp-json\/wp\/v2\/product_cat?post=5315653"},{"taxonomy":"product_tag","embeddable":true,"href":"https:\/\/gadgettravellers.eu\/it\/wp-json\/wp\/v2\/product_tag?post=5315653"}],"curies":[{"name":"wp","href":"https:\/\/api.w.org\/{rel}","templated":true}]}}