{"id":5315675,"date":"2026-01-19T14:28:35","date_gmt":"2026-01-19T12:28:35","guid":{"rendered":"https:\/\/gadgettravellers.eu\/shop\/bidone-della-spazzatura-friction-33cm-toymarkt-902050\/"},"modified":"2026-04-22T22:42:08","modified_gmt":"2026-04-22T20:42:08","slug":"bidone-della-spazzatura-friction-33cm-toymarkt-902050","status":"publish","type":"product","link":"https:\/\/gadgettravellers.eu\/it\/shop\/bidone-della-spazzatura-friction-33cm-toymarkt-902050\/","title":{"rendered":"Bidone della spazzatura Friction 33cm ToyMarkt 902050"},"content":{"rendered":"<p>33cm<\/p>\n<div class='aiseo-faq-section' style='margin-top:30px; border-top:1px solid #eee; padding-top:20px;'>\n<h3>Domande Frequenti<\/h3>\n<details style='margin-bottom:10px; padding:10px; background:#f9f9f9; border-radius:5px;'>\n<summary style='font-weight:bold; cursor:pointer;'>Di che materiale \u00e8 fatto il camion della spazzatura?<\/summary>\n<div style='margin-top:10px; color:#555;'>Realizzato in plastica resistente, leggero e adatto all&#8217;uso domestico.<\/div>\n<\/details>\n<details style='margin-bottom:10px; padding:10px; background:#f9f9f9; border-radius:5px;'>\n<summary style='font-weight:bold; cursor:pointer;'>\u00c8 compatibile con la scopa a mano?<\/summary>\n<div style='margin-top:10px; color:#555;'>S\u00ec, \u00e8 compatibile con la scopa a mano ed \u00e8 adatto per una pulizia rapida di piccole superfici.<\/div>\n<\/details>\n<details style='margin-bottom:10px; padding:10px; background:#f9f9f9; border-radius:5px;'>\n<summary style='font-weight:bold; cursor:pointer;'>Pu\u00f2 essere usato come gioco per bambini?<\/summary>\n<div style='margin-top:10px; color:#555;'>S\u00ec, \u00e8 ideale come accessorio di gioco per bambini e ha dimensioni ridotte per una facile conservazione.<\/div>\n<\/details>\n<\/div>\n","protected":false},"excerpt":{"rendered":"<p>33cm Domande Frequenti Di che materiale \u00e8 fatto il camion della spazzatura? Realizzato in plastica resistente, leggero e adatto all&#8217;uso domestico. \u00c8 compatibile con la scopa a mano? S\u00ec, \u00e8 compatibile con la scopa a mano ed \u00e8 adatto per una pulizia rapida di piccole superfici. Pu\u00f2 essere usato come gioco per bambini? S\u00ec, \u00e8 [&hellip;]<\/p>\n","protected":false},"featured_media":17225,"comment_status":"closed","ping_status":"open","template":"","meta":[],"product_brand":[],"product_cat":[],"product_tag":[15],"class_list":{"0":"post-5315675","1":"product","2":"type-product","3":"status-publish","4":"has-post-thumbnail","6":"product_tag-uncategorized","8":"first","9":"onbackorder","10":"purchasable","11":"product-type-simple"},"jetpack_sharing_enabled":true,"_links":{"self":[{"href":"https:\/\/gadgettravellers.eu\/it\/wp-json\/wp\/v2\/product\/5315675","targetHints":{"allow":["GET"]}}],"collection":[{"href":"https:\/\/gadgettravellers.eu\/it\/wp-json\/wp\/v2\/product"}],"about":[{"href":"https:\/\/gadgettravellers.eu\/it\/wp-json\/wp\/v2\/types\/product"}],"replies":[{"embeddable":true,"href":"https:\/\/gadgettravellers.eu\/it\/wp-json\/wp\/v2\/comments?post=5315675"}],"wp:featuredmedia":[{"embeddable":true,"href":"https:\/\/gadgettravellers.eu\/it\/wp-json\/wp\/v2\/media\/17225"}],"wp:attachment":[{"href":"https:\/\/gadgettravellers.eu\/it\/wp-json\/wp\/v2\/media?parent=5315675"}],"wp:term":[{"taxonomy":"product_brand","embeddable":true,"href":"https:\/\/gadgettravellers.eu\/it\/wp-json\/wp\/v2\/product_brand?post=5315675"},{"taxonomy":"product_cat","embeddable":true,"href":"https:\/\/gadgettravellers.eu\/it\/wp-json\/wp\/v2\/product_cat?post=5315675"},{"taxonomy":"product_tag","embeddable":true,"href":"https:\/\/gadgettravellers.eu\/it\/wp-json\/wp\/v2\/product_tag?post=5315675"}],"curies":[{"name":"wp","href":"https:\/\/api.w.org\/{rel}","templated":true}]}}