{"id":5315686,"date":"2026-01-19T14:28:45","date_gmt":"2026-01-19T12:28:45","guid":{"rendered":"https:\/\/gadgettravellers.eu\/shop\/trattore-escavatore-friction-rimorchio-57x13x13cm-toymarkt-902132\/"},"modified":"2026-04-22T22:42:13","modified_gmt":"2026-04-22T20:42:13","slug":"trattore-escavatore-friction-rimorchio-57x13x13cm-toymarkt-902132","status":"publish","type":"product","link":"https:\/\/gadgettravellers.eu\/it\/shop\/trattore-escavatore-friction-rimorchio-57x13x13cm-toymarkt-902132\/","title":{"rendered":"Trattore-Escavatore Friction &#038; Rimorchio 57x13x13cm ToyMarkt 902132"},"content":{"rendered":"<p>57x13x13cm<\/p>\n<div class='aiseo-faq-section' style='margin-top:30px; border-top:1px solid #eee; padding-top:20px;'>\n<h3>Domande Frequenti<\/h3>\n<details style='margin-bottom:10px; padding:10px; background:#f9f9f9; border-radius:5px;'>\n<summary style='font-weight:bold; cursor:pointer;'>Da quale et\u00e0 \u00e8 consigliato il gioco?<\/summary>\n<div style='margin-top:10px; color:#555;'>Adatto a bambini di 3 anni e oltre, come indicato nella breve descrizione.<\/div>\n<\/details>\n<details style='margin-bottom:10px; padding:10px; background:#f9f9f9; border-radius:5px;'>\n<summary style='font-weight:bold; cursor:pointer;'>Ha bisogno di batterie per funzionare?<\/summary>\n<div style='margin-top:10px; color:#555;'>No \u2014 il veicolo funziona con un sistema a frizione senza batterie.<\/div>\n<\/details>\n<details style='margin-bottom:10px; padding:10px; background:#f9f9f9; border-radius:5px;'>\n<summary style='font-weight:bold; cursor:pointer;'>Pu\u00f2 essere utilizzato sia all&#8217;interno che all&#8217;esterno?<\/summary>\n<div style='margin-top:10px; color:#555;'>S\u00ec, \u00e8 realizzato in plastica resistente ed \u00e8 adatto per uso interno ed esterno.<\/div>\n<\/details>\n<\/div>\n","protected":false},"excerpt":{"rendered":"<p>57x13x13cm Domande Frequenti Da quale et\u00e0 \u00e8 consigliato il gioco? Adatto a bambini di 3 anni e oltre, come indicato nella breve descrizione. Ha bisogno di batterie per funzionare? No \u2014 il veicolo funziona con un sistema a frizione senza batterie. Pu\u00f2 essere utilizzato sia all&#8217;interno che all&#8217;esterno? S\u00ec, \u00e8 realizzato in plastica resistente ed [&hellip;]<\/p>\n","protected":false},"featured_media":17256,"comment_status":"closed","ping_status":"open","template":"","meta":[],"product_brand":[],"product_cat":[],"product_tag":[15],"class_list":{"0":"post-5315686","1":"product","2":"type-product","3":"status-publish","4":"has-post-thumbnail","6":"product_tag-uncategorized","8":"first","9":"onbackorder","10":"purchasable","11":"product-type-simple"},"jetpack_sharing_enabled":true,"_links":{"self":[{"href":"https:\/\/gadgettravellers.eu\/it\/wp-json\/wp\/v2\/product\/5315686","targetHints":{"allow":["GET"]}}],"collection":[{"href":"https:\/\/gadgettravellers.eu\/it\/wp-json\/wp\/v2\/product"}],"about":[{"href":"https:\/\/gadgettravellers.eu\/it\/wp-json\/wp\/v2\/types\/product"}],"replies":[{"embeddable":true,"href":"https:\/\/gadgettravellers.eu\/it\/wp-json\/wp\/v2\/comments?post=5315686"}],"wp:featuredmedia":[{"embeddable":true,"href":"https:\/\/gadgettravellers.eu\/it\/wp-json\/wp\/v2\/media\/17256"}],"wp:attachment":[{"href":"https:\/\/gadgettravellers.eu\/it\/wp-json\/wp\/v2\/media?parent=5315686"}],"wp:term":[{"taxonomy":"product_brand","embeddable":true,"href":"https:\/\/gadgettravellers.eu\/it\/wp-json\/wp\/v2\/product_brand?post=5315686"},{"taxonomy":"product_cat","embeddable":true,"href":"https:\/\/gadgettravellers.eu\/it\/wp-json\/wp\/v2\/product_cat?post=5315686"},{"taxonomy":"product_tag","embeddable":true,"href":"https:\/\/gadgettravellers.eu\/it\/wp-json\/wp\/v2\/product_tag?post=5315686"}],"curies":[{"name":"wp","href":"https:\/\/api.w.org\/{rel}","templated":true}]}}