{"id":5315688,"date":"2026-01-19T14:28:46","date_gmt":"2026-01-19T12:28:46","guid":{"rendered":"https:\/\/gadgettravellers.eu\/shop\/veicoli-132-metallo-pull-back-16x8x6cm-toymarkt-902113\/"},"modified":"2026-04-22T22:42:14","modified_gmt":"2026-04-22T20:42:14","slug":"veicoli-132-metallo-pull-back-16x8x6cm-toymarkt-902113","status":"publish","type":"product","link":"https:\/\/gadgettravellers.eu\/it\/shop\/veicoli-132-metallo-pull-back-16x8x6cm-toymarkt-902113\/","title":{"rendered":"Veicoli 1:32 Metallo Pull Back 16x8x6cm ToyMarkt 902113"},"content":{"rendered":"<p>Metallico, le porte si aprono 16x8x6cm<\/p>\n<div class='aiseo-faq-section' style='margin-top:30px; border-top:1px solid #eee; padding-top:20px;'>\n<h3>Domande Frequenti<\/h3>\n<details style='margin-bottom:10px; padding:10px; background:#f9f9f9; border-radius:5px;'>\n<summary style='font-weight:bold; cursor:pointer;'>A quale scala \u00e8 il veicolo?<\/summary>\n<div style='margin-top:10px; color:#555;'>Il modello \u00e8 in scala 1:32.<\/div>\n<\/details>\n<details style='margin-bottom:10px; padding:10px; background:#f9f9f9; border-radius:5px;'>\n<summary style='font-weight:bold; cursor:pointer;'>Di che materiale \u00e8 fatto?<\/summary>\n<div style='margin-top:10px; color:#555;'>\u00c8 un corpo metallico.<\/div>\n<\/details>\n<details style='margin-bottom:10px; padding:10px; background:#f9f9f9; border-radius:5px;'>\n<summary style='font-weight:bold; cursor:pointer;'>Ha movimento pull-back?<\/summary>\n<div style='margin-top:10px; color:#555;'>S\u00ec, ha un meccanismo a strappo per le macchinine.<\/div>\n<\/details>\n<details style='margin-bottom:10px; padding:10px; background:#f9f9f9; border-radius:5px;'>\n<summary style='font-weight:bold; cursor:pointer;'>Si aprono le porte?<\/summary>\n<div style='margin-top:10px; color:#555;'>S\u00ec, le porte si aprono.<\/div>\n<\/details>\n<details style='margin-bottom:10px; padding:10px; background:#f9f9f9; border-radius:5px;'>\n<summary style='font-weight:bold; cursor:pointer;'>Quali sono le dimensioni e sono per gioco o collezione?<\/summary>\n<div style='margin-top:10px; color:#555;'>Le dimensioni sono 16x8x6 cm ed \u00e8 resistente per il gioco oltre che adatto per la collezione.<\/div>\n<\/details>\n<\/div>\n","protected":false},"excerpt":{"rendered":"<p>Metallico, le porte si aprono 16x8x6cm Domande Frequenti A quale scala \u00e8 il veicolo? Il modello \u00e8 in scala 1:32. Di che materiale \u00e8 fatto? \u00c8 un corpo metallico. Ha movimento pull-back? S\u00ec, ha un meccanismo a strappo per le macchinine. Si aprono le porte? S\u00ec, le porte si aprono. Quali sono le dimensioni e [&hellip;]<\/p>\n","protected":false},"featured_media":17251,"comment_status":"closed","ping_status":"open","template":"","meta":[],"product_brand":[],"product_cat":[],"product_tag":[15],"class_list":{"0":"post-5315688","1":"product","2":"type-product","3":"status-publish","4":"has-post-thumbnail","6":"product_tag-uncategorized","8":"first","9":"onbackorder","10":"purchasable","11":"product-type-simple"},"jetpack_sharing_enabled":true,"_links":{"self":[{"href":"https:\/\/gadgettravellers.eu\/it\/wp-json\/wp\/v2\/product\/5315688","targetHints":{"allow":["GET"]}}],"collection":[{"href":"https:\/\/gadgettravellers.eu\/it\/wp-json\/wp\/v2\/product"}],"about":[{"href":"https:\/\/gadgettravellers.eu\/it\/wp-json\/wp\/v2\/types\/product"}],"replies":[{"embeddable":true,"href":"https:\/\/gadgettravellers.eu\/it\/wp-json\/wp\/v2\/comments?post=5315688"}],"wp:featuredmedia":[{"embeddable":true,"href":"https:\/\/gadgettravellers.eu\/it\/wp-json\/wp\/v2\/media\/17251"}],"wp:attachment":[{"href":"https:\/\/gadgettravellers.eu\/it\/wp-json\/wp\/v2\/media?parent=5315688"}],"wp:term":[{"taxonomy":"product_brand","embeddable":true,"href":"https:\/\/gadgettravellers.eu\/it\/wp-json\/wp\/v2\/product_brand?post=5315688"},{"taxonomy":"product_cat","embeddable":true,"href":"https:\/\/gadgettravellers.eu\/it\/wp-json\/wp\/v2\/product_cat?post=5315688"},{"taxonomy":"product_tag","embeddable":true,"href":"https:\/\/gadgettravellers.eu\/it\/wp-json\/wp\/v2\/product_tag?post=5315688"}],"curies":[{"name":"wp","href":"https:\/\/api.w.org\/{rel}","templated":true}]}}