{"id":5315691,"date":"2026-01-19T14:28:49","date_gmt":"2026-01-19T12:28:49","guid":{"rendered":"https:\/\/gadgettravellers.eu\/shop\/veicolo-piccolo-4x4-a-frizione-in-blister-13x19x8cm-toymarkt-902143\/"},"modified":"2026-04-14T02:43:38","modified_gmt":"2026-04-14T00:43:38","slug":"veicolo-piccolo-4x4-a-frizione-in-blister-13x19x8cm-toymarkt-902143","status":"publish","type":"product","link":"https:\/\/gadgettravellers.eu\/it\/shop\/veicolo-piccolo-4x4-a-frizione-in-blister-13x19x8cm-toymarkt-902143\/","title":{"rendered":"Veicolo Piccolo 4&#215;4 a Frizione in Blister 13x19x8cm ToyMarkt 902143"},"content":{"rendered":"<p>13x19x8cm<\/p>\n<div class='aiseo-faq-section' style='margin-top:30px; border-top:1px solid #eee; padding-top:20px;'>\n<h3>Domande Frequenti<\/h3>\n<details style='margin-bottom:10px; padding:10px; background:#f9f9f9; border-radius:5px;'>\n<summary style='font-weight:bold; cursor:pointer;'>Ha bisogno di batterie per funzionare?<\/summary>\n<div style='margin-top:10px; color:#555;'>No, funziona con un meccanismo a attrito (friction) e non necessita di batterie.<\/div>\n<\/details>\n<details style='margin-bottom:10px; padding:10px; background:#f9f9f9; border-radius:5px;'>\n<summary style='font-weight:bold; cursor:pointer;'>Di che materiale \u00e8 fatto?<\/summary>\n<div style='margin-top:10px; color:#555;'>\u00c8 realizzato in plastica resistente.<\/div>\n<\/details>\n<details style='margin-bottom:10px; padding:10px; background:#f9f9f9; border-radius:5px;'>\n<summary style='font-weight:bold; cursor:pointer;'>Quali sono le dimensioni del prodotto?<\/summary>\n<div style='margin-top:10px; color:#555;'>Le dimensioni sono 13 x 19 x 8 cm.<\/div>\n<\/details>\n<details style='margin-bottom:10px; padding:10px; background:#f9f9f9; border-radius:5px;'>\n<summary style='font-weight:bold; cursor:pointer;'>\u00c8 adatto per la collezione o solo per giocare?<\/summary>\n<div style='margin-top:10px; color:#555;'>\u00c8 adatto sia per il gioco che come complemento alle collezioni di veicoli.<\/div>\n<\/details>\n<\/div>\n","protected":false},"excerpt":{"rendered":"<p>13x19x8cm Domande Frequenti Ha bisogno di batterie per funzionare? No, funziona con un meccanismo a attrito (friction) e non necessita di batterie. Di che materiale \u00e8 fatto? \u00c8 realizzato in plastica resistente. Quali sono le dimensioni del prodotto? Le dimensioni sono 13 x 19 x 8 cm. \u00c8 adatto per la collezione o solo per [&hellip;]<\/p>\n","protected":false},"featured_media":17261,"comment_status":"closed","ping_status":"open","template":"","meta":[],"product_brand":[],"product_cat":[],"product_tag":[15],"class_list":{"0":"post-5315691","1":"product","2":"type-product","3":"status-publish","4":"has-post-thumbnail","6":"product_tag-uncategorized","8":"first","9":"onbackorder","10":"purchasable","11":"product-type-simple"},"jetpack_sharing_enabled":true,"_links":{"self":[{"href":"https:\/\/gadgettravellers.eu\/it\/wp-json\/wp\/v2\/product\/5315691","targetHints":{"allow":["GET"]}}],"collection":[{"href":"https:\/\/gadgettravellers.eu\/it\/wp-json\/wp\/v2\/product"}],"about":[{"href":"https:\/\/gadgettravellers.eu\/it\/wp-json\/wp\/v2\/types\/product"}],"replies":[{"embeddable":true,"href":"https:\/\/gadgettravellers.eu\/it\/wp-json\/wp\/v2\/comments?post=5315691"}],"wp:featuredmedia":[{"embeddable":true,"href":"https:\/\/gadgettravellers.eu\/it\/wp-json\/wp\/v2\/media\/17261"}],"wp:attachment":[{"href":"https:\/\/gadgettravellers.eu\/it\/wp-json\/wp\/v2\/media?parent=5315691"}],"wp:term":[{"taxonomy":"product_brand","embeddable":true,"href":"https:\/\/gadgettravellers.eu\/it\/wp-json\/wp\/v2\/product_brand?post=5315691"},{"taxonomy":"product_cat","embeddable":true,"href":"https:\/\/gadgettravellers.eu\/it\/wp-json\/wp\/v2\/product_cat?post=5315691"},{"taxonomy":"product_tag","embeddable":true,"href":"https:\/\/gadgettravellers.eu\/it\/wp-json\/wp\/v2\/product_tag?post=5315691"}],"curies":[{"name":"wp","href":"https:\/\/api.w.org\/{rel}","templated":true}]}}