{"id":5315693,"date":"2026-01-19T14:28:49","date_gmt":"2026-01-19T12:28:49","guid":{"rendered":"https:\/\/gadgettravellers.eu\/shop\/auto-depoca-friction-26x10x11cm-toymarkt-902205\/"},"modified":"2026-04-22T22:42:16","modified_gmt":"2026-04-22T20:42:16","slug":"auto-depoca-friction-26x10x11cm-toymarkt-902205","status":"publish","type":"product","link":"https:\/\/gadgettravellers.eu\/it\/shop\/auto-depoca-friction-26x10x11cm-toymarkt-902205\/","title":{"rendered":"Auto d&#8217;epoca Friction 26x10x11cm ToyMarkt 902205"},"content":{"rendered":"<p>26x10x11cm<\/p>\n<div class='aiseo-faq-section' style='margin-top:30px; border-top:1px solid #eee; padding-top:20px;'>\n<h3>Domande Frequenti<\/h3>\n<details style='margin-bottom:10px; padding:10px; background:#f9f9f9; border-radius:5px;'>\n<summary style='font-weight:bold; cursor:pointer;'>Ha bisogno di batterie?<\/summary>\n<div style='margin-top:10px; color:#555;'>No \u2014 funziona con il movimento di attrito, semplicemente spingendo il veicolo si immagazzina energia e si muove.<\/div>\n<\/details>\n<details style='margin-bottom:10px; padding:10px; background:#f9f9f9; border-radius:5px;'>\n<summary style='font-weight:bold; cursor:pointer;'>Quali sono le dimensioni del prodotto?<\/summary>\n<div style='margin-top:10px; color:#555;'>Le dimensioni sono 26x10x11 cm.<\/div>\n<\/details>\n<details style='margin-bottom:10px; padding:10px; background:#f9f9f9; border-radius:5px;'>\n<summary style='font-weight:bold; cursor:pointer;'>I bambini possono giocare all&#8217;aperto?<\/summary>\n<div style='margin-top:10px; color:#555;'>S\u00ec, \u00e8 adatto per il gioco sia al chiuso che all&#8217;aperto.<\/div>\n<\/details>\n<details style='margin-bottom:10px; padding:10px; background:#f9f9f9; border-radius:5px;'>\n<summary style='font-weight:bold; cursor:pointer;'>\u00c8 facile da usare e da trasportare?<\/summary>\n<div style='margin-top:10px; color:#555;'>S\u00ec, ha una dimensione compatta per un facile trasporto, conservazione e gioco quotidiano.<\/div>\n<\/details>\n<\/div>\n","protected":false},"excerpt":{"rendered":"<p>26x10x11cm Domande Frequenti Ha bisogno di batterie? No \u2014 funziona con il movimento di attrito, semplicemente spingendo il veicolo si immagazzina energia e si muove. Quali sono le dimensioni del prodotto? Le dimensioni sono 26x10x11 cm. I bambini possono giocare all&#8217;aperto? S\u00ec, \u00e8 adatto per il gioco sia al chiuso che all&#8217;aperto. \u00c8 facile da [&hellip;]<\/p>\n","protected":false},"featured_media":17275,"comment_status":"closed","ping_status":"open","template":"","meta":[],"product_brand":[],"product_cat":[],"product_tag":[15],"class_list":{"0":"post-5315693","1":"product","2":"type-product","3":"status-publish","4":"has-post-thumbnail","6":"product_tag-uncategorized","8":"first","9":"onbackorder","10":"purchasable","11":"product-type-simple"},"jetpack_sharing_enabled":true,"_links":{"self":[{"href":"https:\/\/gadgettravellers.eu\/it\/wp-json\/wp\/v2\/product\/5315693","targetHints":{"allow":["GET"]}}],"collection":[{"href":"https:\/\/gadgettravellers.eu\/it\/wp-json\/wp\/v2\/product"}],"about":[{"href":"https:\/\/gadgettravellers.eu\/it\/wp-json\/wp\/v2\/types\/product"}],"replies":[{"embeddable":true,"href":"https:\/\/gadgettravellers.eu\/it\/wp-json\/wp\/v2\/comments?post=5315693"}],"wp:featuredmedia":[{"embeddable":true,"href":"https:\/\/gadgettravellers.eu\/it\/wp-json\/wp\/v2\/media\/17275"}],"wp:attachment":[{"href":"https:\/\/gadgettravellers.eu\/it\/wp-json\/wp\/v2\/media?parent=5315693"}],"wp:term":[{"taxonomy":"product_brand","embeddable":true,"href":"https:\/\/gadgettravellers.eu\/it\/wp-json\/wp\/v2\/product_brand?post=5315693"},{"taxonomy":"product_cat","embeddable":true,"href":"https:\/\/gadgettravellers.eu\/it\/wp-json\/wp\/v2\/product_cat?post=5315693"},{"taxonomy":"product_tag","embeddable":true,"href":"https:\/\/gadgettravellers.eu\/it\/wp-json\/wp\/v2\/product_tag?post=5315693"}],"curies":[{"name":"wp","href":"https:\/\/api.w.org\/{rel}","templated":true}]}}