{"id":5315697,"date":"2026-01-19T14:28:52","date_gmt":"2026-01-19T12:28:52","guid":{"rendered":"https:\/\/gadgettravellers.eu\/shop\/bulldozer-grandi-ruote-frizione-28x14x16cm-toymarkt-902231\/"},"modified":"2026-04-22T22:42:18","modified_gmt":"2026-04-22T20:42:18","slug":"bulldozer-grandi-ruote-frizione-28x14x16cm-toymarkt-902231","status":"publish","type":"product","link":"https:\/\/gadgettravellers.eu\/it\/shop\/bulldozer-grandi-ruote-frizione-28x14x16cm-toymarkt-902231\/","title":{"rendered":"Bulldozer Grandi Ruote Frizione 28x14x16cm ToyMarkt 902231"},"content":{"rendered":"<p>28x14x16cm<\/p>\n<div class='aiseo-faq-section' style='margin-top:30px; border-top:1px solid #eee; padding-top:20px;'>\n<h3>Domande Frequenti<\/h3>\n<details style='margin-bottom:10px; padding:10px; background:#f9f9f9; border-radius:5px;'>\n<summary style='font-weight:bold; cursor:pointer;'>Come si muove il bulldozer?<\/summary>\n<div style='margin-top:10px; color:#555;'>Dispone di un meccanismo a attrito (friction) che si attiva quando la spingi e la fa rotolare.<\/div>\n<\/details>\n<details style='margin-bottom:10px; padding:10px; background:#f9f9f9; border-radius:5px;'>\n<summary style='font-weight:bold; cursor:pointer;'>Su quali superfici pu\u00f2 essere giocato?<\/summary>\n<div style='margin-top:10px; color:#555;'>Le grandi ruote resistenti permettono un movimento fluido su sabbia, erba e pavimenti.<\/div>\n<\/details>\n<details style='margin-bottom:10px; padding:10px; background:#f9f9f9; border-radius:5px;'>\n<summary style='font-weight:bold; cursor:pointer;'>\u00c8 adatto per i bambini piccoli?<\/summary>\n<div style='margin-top:10px; color:#555;'>S\u00ec, \u00e8 facile da usare per le piccole et\u00e0 e stimola l&#8217;immaginazione e le abilit\u00e0 motorie.<\/div>\n<\/details>\n<\/div>\n","protected":false},"excerpt":{"rendered":"<p>28x14x16cm Domande Frequenti Come si muove il bulldozer? Dispone di un meccanismo a attrito (friction) che si attiva quando la spingi e la fa rotolare. Su quali superfici pu\u00f2 essere giocato? Le grandi ruote resistenti permettono un movimento fluido su sabbia, erba e pavimenti. \u00c8 adatto per i bambini piccoli? S\u00ec, \u00e8 facile da usare [&hellip;]<\/p>\n","protected":false},"featured_media":17286,"comment_status":"closed","ping_status":"open","template":"","meta":[],"product_brand":[],"product_cat":[],"product_tag":[15],"class_list":{"0":"post-5315697","1":"product","2":"type-product","3":"status-publish","4":"has-post-thumbnail","6":"product_tag-uncategorized","8":"first","9":"onbackorder","10":"purchasable","11":"product-type-simple"},"jetpack_sharing_enabled":true,"_links":{"self":[{"href":"https:\/\/gadgettravellers.eu\/it\/wp-json\/wp\/v2\/product\/5315697","targetHints":{"allow":["GET"]}}],"collection":[{"href":"https:\/\/gadgettravellers.eu\/it\/wp-json\/wp\/v2\/product"}],"about":[{"href":"https:\/\/gadgettravellers.eu\/it\/wp-json\/wp\/v2\/types\/product"}],"replies":[{"embeddable":true,"href":"https:\/\/gadgettravellers.eu\/it\/wp-json\/wp\/v2\/comments?post=5315697"}],"wp:featuredmedia":[{"embeddable":true,"href":"https:\/\/gadgettravellers.eu\/it\/wp-json\/wp\/v2\/media\/17286"}],"wp:attachment":[{"href":"https:\/\/gadgettravellers.eu\/it\/wp-json\/wp\/v2\/media?parent=5315697"}],"wp:term":[{"taxonomy":"product_brand","embeddable":true,"href":"https:\/\/gadgettravellers.eu\/it\/wp-json\/wp\/v2\/product_brand?post=5315697"},{"taxonomy":"product_cat","embeddable":true,"href":"https:\/\/gadgettravellers.eu\/it\/wp-json\/wp\/v2\/product_cat?post=5315697"},{"taxonomy":"product_tag","embeddable":true,"href":"https:\/\/gadgettravellers.eu\/it\/wp-json\/wp\/v2\/product_tag?post=5315697"}],"curies":[{"name":"wp","href":"https:\/\/api.w.org\/{rel}","templated":true}]}}