{"id":5315707,"date":"2026-01-19T14:29:00","date_gmt":"2026-01-19T12:29:00","guid":{"rendered":"https:\/\/gadgettravellers.eu\/shop\/aereo-da-combattimento-friction-con-luce-e-suono-32x22x8cm-toymarkt-902251\/"},"modified":"2026-04-22T22:42:22","modified_gmt":"2026-04-22T20:42:22","slug":"aereo-da-combattimento-friction-con-luce-e-suono-32x22x8cm-toymarkt-902251","status":"publish","type":"product","link":"https:\/\/gadgettravellers.eu\/it\/shop\/aereo-da-combattimento-friction-con-luce-e-suono-32x22x8cm-toymarkt-902251\/","title":{"rendered":"Aereo da combattimento Friction con luce e suono 32x22x8cm ToyMarkt 902251"},"content":{"rendered":"<p>32x22x8cm<\/p>\n<div class='aiseo-faq-section' style='margin-top:30px; border-top:1px solid #eee; padding-top:20px;'>\n<h3>Domande Frequenti<\/h3>\n<details style='margin-bottom:10px; padding:10px; background:#f9f9f9; border-radius:5px;'>\n<summary style='font-weight:bold; cursor:pointer;'>Ha bisogno di batterie per la luce e il suono?<\/summary>\n<div style='margin-top:10px; color:#555;'>No, il movimento \u00e8 attivato da un meccanismo a frizione e non sono necessarie batterie per il suo funzionamento.<\/div>\n<\/details>\n<details style='margin-bottom:10px; padding:10px; background:#f9f9f9; border-radius:5px;'>\n<summary style='font-weight:bold; cursor:pointer;'>Per quale et\u00e0 \u00e8 adatto l&#8217;aeroplano?<\/summary>\n<div style='margin-top:10px; color:#555;'>\u00c8 adatto per bambini di et\u00e0 pari o superiore a 3 anni.<\/div>\n<\/details>\n<details style='margin-bottom:10px; padding:10px; background:#f9f9f9; border-radius:5px;'>\n<summary style='font-weight:bold; cursor:pointer;'>Di che materiale \u00e8 fatto?<\/summary>\n<div style='margin-top:10px; color:#555;'>\u00c8 realizzato in plastica resistente, adatto per il gioco quotidiano.<\/div>\n<\/details>\n<details style='margin-bottom:10px; padding:10px; background:#f9f9f9; border-radius:5px;'>\n<summary style='font-weight:bold; cursor:pointer;'>Pu\u00f2 essere utilizzato all&#8217;aperto?<\/summary>\n<div style='margin-top:10px; color:#555;'>S\u00ec, \u00e8 adatto per il gioco sia all&#8217;interno che all&#8217;esterno.<\/div>\n<\/details>\n<\/div>\n","protected":false},"excerpt":{"rendered":"<p>32x22x8cm Domande Frequenti Ha bisogno di batterie per la luce e il suono? No, il movimento \u00e8 attivato da un meccanismo a frizione e non sono necessarie batterie per il suo funzionamento. Per quale et\u00e0 \u00e8 adatto l&#8217;aeroplano? \u00c8 adatto per bambini di et\u00e0 pari o superiore a 3 anni. Di che materiale \u00e8 fatto? [&hellip;]<\/p>\n","protected":false},"featured_media":5068374,"comment_status":"closed","ping_status":"open","template":"","meta":[],"product_brand":[],"product_cat":[],"product_tag":[15],"class_list":{"0":"post-5315707","1":"product","2":"type-product","3":"status-publish","4":"has-post-thumbnail","6":"product_tag-uncategorized","8":"first","9":"onbackorder","10":"purchasable","11":"product-type-simple"},"jetpack_sharing_enabled":true,"_links":{"self":[{"href":"https:\/\/gadgettravellers.eu\/it\/wp-json\/wp\/v2\/product\/5315707","targetHints":{"allow":["GET"]}}],"collection":[{"href":"https:\/\/gadgettravellers.eu\/it\/wp-json\/wp\/v2\/product"}],"about":[{"href":"https:\/\/gadgettravellers.eu\/it\/wp-json\/wp\/v2\/types\/product"}],"replies":[{"embeddable":true,"href":"https:\/\/gadgettravellers.eu\/it\/wp-json\/wp\/v2\/comments?post=5315707"}],"wp:featuredmedia":[{"embeddable":true,"href":"https:\/\/gadgettravellers.eu\/it\/wp-json\/wp\/v2\/media\/5068374"}],"wp:attachment":[{"href":"https:\/\/gadgettravellers.eu\/it\/wp-json\/wp\/v2\/media?parent=5315707"}],"wp:term":[{"taxonomy":"product_brand","embeddable":true,"href":"https:\/\/gadgettravellers.eu\/it\/wp-json\/wp\/v2\/product_brand?post=5315707"},{"taxonomy":"product_cat","embeddable":true,"href":"https:\/\/gadgettravellers.eu\/it\/wp-json\/wp\/v2\/product_cat?post=5315707"},{"taxonomy":"product_tag","embeddable":true,"href":"https:\/\/gadgettravellers.eu\/it\/wp-json\/wp\/v2\/product_tag?post=5315707"}],"curies":[{"name":"wp","href":"https:\/\/api.w.org\/{rel}","templated":true}]}}