{"id":5315713,"date":"2026-01-19T14:29:02","date_gmt":"2026-01-19T12:29:02","guid":{"rendered":"https:\/\/gadgettravellers.eu\/shop\/camion-metallico-friction-veicoli-da-costruzione-30x11x5cm-toymarkt-902269\/"},"modified":"2026-04-22T22:42:25","modified_gmt":"2026-04-22T20:42:25","slug":"camion-metallico-friction-veicoli-da-costruzione-30x11x5cm-toymarkt-902269","status":"publish","type":"product","link":"https:\/\/gadgettravellers.eu\/it\/shop\/camion-metallico-friction-veicoli-da-costruzione-30x11x5cm-toymarkt-902269\/","title":{"rendered":"Camion Metallico Friction &#038; Veicoli da Costruzione 30x11x5cm ToyMarkt 902269"},"content":{"rendered":"<p>Metallo 30x11x5cm<\/p>\n<div class='aiseo-faq-section' style='margin-top:30px; border-top:1px solid #eee; padding-top:20px;'>\n<h3>Domande Frequenti<\/h3>\n<details style='margin-bottom:10px; padding:10px; background:#f9f9f9; border-radius:5px;'>\n<summary style='font-weight:bold; cursor:pointer;'>Di che materiale \u00e8 fatto il camion?<\/summary>\n<div style='margin-top:10px; color:#555;'>\u00c8 una struttura metallica per una maggiore resistenza.<\/div>\n<\/details>\n<details style='margin-bottom:10px; padding:10px; background:#f9f9f9; border-radius:5px;'>\n<summary style='font-weight:bold; cursor:pointer;'>Quali sono le dimensioni del gioco?<\/summary>\n<div style='margin-top:10px; color:#555;'>Le dimensioni sono 30x11x5 cm.<\/div>\n<\/details>\n<details style='margin-bottom:10px; padding:10px; background:#f9f9f9; border-radius:5px;'>\n<summary style='font-weight:bold; cursor:pointer;'>Come si muovono i veicoli?<\/summary>\n<div style='margin-top:10px; color:#555;'>Ha una trasmissione a frizione (friction-drive), cio\u00e8 si muove con spinta senza batterie.<\/div>\n<\/details>\n<details style='margin-bottom:10px; padding:10px; background:#f9f9f9; border-radius:5px;'>\n<summary style='font-weight:bold; cursor:pointer;'>Per quale et\u00e0 \u00e8 adatto il gioco?<\/summary>\n<div style='margin-top:10px; color:#555;'>Adatto a bambini di 3 anni e oltre.<\/div>\n<\/details>\n<details style='margin-bottom:10px; padding:10px; background:#f9f9f9; border-radius:5px;'>\n<summary style='font-weight:bold; cursor:pointer;'>Sono necessarie batterie per il funzionamento?<\/summary>\n<div style='margin-top:10px; color:#555;'>No, il movimento avviene tramite spinta e non sono necessarie batterie.<\/div>\n<\/details>\n<\/div>\n","protected":false},"excerpt":{"rendered":"<p>Metallo 30x11x5cm Domande Frequenti Di che materiale \u00e8 fatto il camion? \u00c8 una struttura metallica per una maggiore resistenza. Quali sono le dimensioni del gioco? Le dimensioni sono 30x11x5 cm. Come si muovono i veicoli? Ha una trasmissione a frizione (friction-drive), cio\u00e8 si muove con spinta senza batterie. Per quale et\u00e0 \u00e8 adatto il gioco? [&hellip;]<\/p>\n","protected":false},"featured_media":5028546,"comment_status":"closed","ping_status":"open","template":"","meta":[],"product_brand":[],"product_cat":[],"product_tag":[15],"class_list":{"0":"post-5315713","1":"product","2":"type-product","3":"status-publish","4":"has-post-thumbnail","6":"product_tag-uncategorized","8":"first","9":"onbackorder","10":"purchasable","11":"product-type-simple"},"jetpack_sharing_enabled":true,"_links":{"self":[{"href":"https:\/\/gadgettravellers.eu\/it\/wp-json\/wp\/v2\/product\/5315713","targetHints":{"allow":["GET"]}}],"collection":[{"href":"https:\/\/gadgettravellers.eu\/it\/wp-json\/wp\/v2\/product"}],"about":[{"href":"https:\/\/gadgettravellers.eu\/it\/wp-json\/wp\/v2\/types\/product"}],"replies":[{"embeddable":true,"href":"https:\/\/gadgettravellers.eu\/it\/wp-json\/wp\/v2\/comments?post=5315713"}],"wp:featuredmedia":[{"embeddable":true,"href":"https:\/\/gadgettravellers.eu\/it\/wp-json\/wp\/v2\/media\/5028546"}],"wp:attachment":[{"href":"https:\/\/gadgettravellers.eu\/it\/wp-json\/wp\/v2\/media?parent=5315713"}],"wp:term":[{"taxonomy":"product_brand","embeddable":true,"href":"https:\/\/gadgettravellers.eu\/it\/wp-json\/wp\/v2\/product_brand?post=5315713"},{"taxonomy":"product_cat","embeddable":true,"href":"https:\/\/gadgettravellers.eu\/it\/wp-json\/wp\/v2\/product_cat?post=5315713"},{"taxonomy":"product_tag","embeddable":true,"href":"https:\/\/gadgettravellers.eu\/it\/wp-json\/wp\/v2\/product_tag?post=5315713"}],"curies":[{"name":"wp","href":"https:\/\/api.w.org\/{rel}","templated":true}]}}