{"id":5315722,"date":"2026-01-19T14:29:10","date_gmt":"2026-01-19T12:29:10","guid":{"rendered":"https:\/\/gadgettravellers.eu\/shop\/camion-friction-trattore-26x13x8cm-toymarkt-902287\/"},"modified":"2026-04-15T22:27:51","modified_gmt":"2026-04-15T20:27:51","slug":"camion-friction-trattore-26x13x8cm-toymarkt-902287","status":"publish","type":"product","link":"https:\/\/gadgettravellers.eu\/it\/shop\/camion-friction-trattore-26x13x8cm-toymarkt-902287\/","title":{"rendered":"Camion Friction &#038; Trattore 26x13x8cm ToyMarkt 902287"},"content":{"rendered":"<p>26x13x8cm<\/p>\n<div class='aiseo-faq-section' style='margin-top:30px; border-top:1px solid #eee; padding-top:20px;'>\n<h3>Domande Frequenti<\/h3>\n<details style='margin-bottom:10px; padding:10px; background:#f9f9f9; border-radius:5px;'>\n<summary style='font-weight:bold; cursor:pointer;'>Ha bisogno di batterie per funzionare?<\/summary>\n<div style='margin-top:10px; color:#555;'>No, funziona senza batterie grazie al meccanismo a attrito (push-and-go).<\/div>\n<\/details>\n<details style='margin-bottom:10px; padding:10px; background:#f9f9f9; border-radius:5px;'>\n<summary style='font-weight:bold; cursor:pointer;'>Di che materiale \u00e8 fatto?<\/summary>\n<div style='margin-top:10px; color:#555;'>\u00c8 realizzato in plastica resistente ed \u00e8 facile da pulire.<\/div>\n<\/details>\n<details style='margin-bottom:10px; padding:10px; background:#f9f9f9; border-radius:5px;'>\n<summary style='font-weight:bold; cursor:pointer;'>Pu\u00f2 essere utilizzato all&#8217;aperto?<\/summary>\n<div style='margin-top:10px; color:#555;'>S\u00ec, \u00e8 adatto per il gioco sia al chiuso che all&#8217;aperto.<\/div>\n<\/details>\n<details style='margin-bottom:10px; padding:10px; background:#f9f9f9; border-radius:5px;'>\n<summary style='font-weight:bold; cursor:pointer;'>Quali sono le dimensioni del prodotto?<\/summary>\n<div style='margin-top:10px; color:#555;'>Le dimensioni sono 26x13x8 cm.<\/div>\n<\/details>\n<\/div>\n","protected":false},"excerpt":{"rendered":"<p>26x13x8cm Domande Frequenti Ha bisogno di batterie per funzionare? No, funziona senza batterie grazie al meccanismo a attrito (push-and-go). Di che materiale \u00e8 fatto? \u00c8 realizzato in plastica resistente ed \u00e8 facile da pulire. Pu\u00f2 essere utilizzato all&#8217;aperto? S\u00ec, \u00e8 adatto per il gioco sia al chiuso che all&#8217;aperto. Quali sono le dimensioni del prodotto? [&hellip;]<\/p>\n","protected":false},"featured_media":17425,"comment_status":"closed","ping_status":"open","template":"","meta":[],"product_brand":[],"product_cat":[],"product_tag":[15],"class_list":{"0":"post-5315722","1":"product","2":"type-product","3":"status-publish","4":"has-post-thumbnail","6":"product_tag-uncategorized","8":"first","9":"onbackorder","10":"purchasable","11":"product-type-simple"},"jetpack_sharing_enabled":true,"_links":{"self":[{"href":"https:\/\/gadgettravellers.eu\/it\/wp-json\/wp\/v2\/product\/5315722","targetHints":{"allow":["GET"]}}],"collection":[{"href":"https:\/\/gadgettravellers.eu\/it\/wp-json\/wp\/v2\/product"}],"about":[{"href":"https:\/\/gadgettravellers.eu\/it\/wp-json\/wp\/v2\/types\/product"}],"replies":[{"embeddable":true,"href":"https:\/\/gadgettravellers.eu\/it\/wp-json\/wp\/v2\/comments?post=5315722"}],"wp:featuredmedia":[{"embeddable":true,"href":"https:\/\/gadgettravellers.eu\/it\/wp-json\/wp\/v2\/media\/17425"}],"wp:attachment":[{"href":"https:\/\/gadgettravellers.eu\/it\/wp-json\/wp\/v2\/media?parent=5315722"}],"wp:term":[{"taxonomy":"product_brand","embeddable":true,"href":"https:\/\/gadgettravellers.eu\/it\/wp-json\/wp\/v2\/product_brand?post=5315722"},{"taxonomy":"product_cat","embeddable":true,"href":"https:\/\/gadgettravellers.eu\/it\/wp-json\/wp\/v2\/product_cat?post=5315722"},{"taxonomy":"product_tag","embeddable":true,"href":"https:\/\/gadgettravellers.eu\/it\/wp-json\/wp\/v2\/product_tag?post=5315722"}],"curies":[{"name":"wp","href":"https:\/\/api.w.org\/{rel}","templated":true}]}}