{"id":5315724,"date":"2026-01-19T14:29:11","date_gmt":"2026-01-19T12:29:11","guid":{"rendered":"https:\/\/gadgettravellers.eu\/shop\/camion-friction-con-trattore-animali-43x13x8cm-toymarkt-902290\/"},"modified":"2026-04-22T22:42:30","modified_gmt":"2026-04-22T20:42:30","slug":"camion-friction-con-trattore-animali-43x13x8cm-toymarkt-902290","status":"publish","type":"product","link":"https:\/\/gadgettravellers.eu\/it\/shop\/camion-friction-con-trattore-animali-43x13x8cm-toymarkt-902290\/","title":{"rendered":"Camion Friction con Trattore &#038; animali 43x13x8cm ToyMarkt 902290"},"content":{"rendered":"<p>43x13x8cm<\/p>\n<div class='aiseo-faq-section' style='margin-top:30px; border-top:1px solid #eee; padding-top:20px;'>\n<h3>Domande Frequenti<\/h3>\n<details style='margin-bottom:10px; padding:10px; background:#f9f9f9; border-radius:5px;'>\n<summary style='font-weight:bold; cursor:pointer;'>Da quale et\u00e0 \u00e8 adatto il camion?<\/summary>\n<div style='margin-top:10px; color:#555;'>Adatto per bambini di et\u00e0 superiore ai 3 anni.<\/div>\n<\/details>\n<details style='margin-bottom:10px; padding:10px; background:#f9f9f9; border-radius:5px;'>\n<summary style='font-weight:bold; cursor:pointer;'>Ha bisogno di batterie per funzionare?<\/summary>\n<div style='margin-top:10px; color:#555;'>No, funziona con un sistema a frizione e non necessita di batterie.<\/div>\n<\/details>\n<details style='margin-bottom:10px; padding:10px; background:#f9f9f9; border-radius:5px;'>\n<summary style='font-weight:bold; cursor:pointer;'>Di che materiale \u00e8 fatta?<\/summary>\n<div style='margin-top:10px; color:#555;'>\u00c8 realizzata in plastica resistente con pezzi grandi per la sicurezza.<\/div>\n<\/details>\n<details style='margin-bottom:10px; padding:10px; background:#f9f9f9; border-radius:5px;'>\n<summary style='font-weight:bold; cursor:pointer;'>Quali sono le dimensioni del gioco?<\/summary>\n<div style='margin-top:10px; color:#555;'>Le dimensioni sono 43x13x8 cm.<\/div>\n<\/details>\n<\/div>\n","protected":false},"excerpt":{"rendered":"<p>43x13x8cm Domande Frequenti Da quale et\u00e0 \u00e8 adatto il camion? Adatto per bambini di et\u00e0 superiore ai 3 anni. Ha bisogno di batterie per funzionare? No, funziona con un sistema a frizione e non necessita di batterie. Di che materiale \u00e8 fatta? \u00c8 realizzata in plastica resistente con pezzi grandi per la sicurezza. Quali sono [&hellip;]<\/p>\n","protected":false},"featured_media":17515,"comment_status":"closed","ping_status":"open","template":"","meta":[],"product_brand":[],"product_cat":[],"product_tag":[15],"class_list":{"0":"post-5315724","1":"product","2":"type-product","3":"status-publish","4":"has-post-thumbnail","6":"product_tag-uncategorized","8":"first","9":"onbackorder","10":"purchasable","11":"product-type-simple"},"jetpack_sharing_enabled":true,"_links":{"self":[{"href":"https:\/\/gadgettravellers.eu\/it\/wp-json\/wp\/v2\/product\/5315724","targetHints":{"allow":["GET"]}}],"collection":[{"href":"https:\/\/gadgettravellers.eu\/it\/wp-json\/wp\/v2\/product"}],"about":[{"href":"https:\/\/gadgettravellers.eu\/it\/wp-json\/wp\/v2\/types\/product"}],"replies":[{"embeddable":true,"href":"https:\/\/gadgettravellers.eu\/it\/wp-json\/wp\/v2\/comments?post=5315724"}],"wp:featuredmedia":[{"embeddable":true,"href":"https:\/\/gadgettravellers.eu\/it\/wp-json\/wp\/v2\/media\/17515"}],"wp:attachment":[{"href":"https:\/\/gadgettravellers.eu\/it\/wp-json\/wp\/v2\/media?parent=5315724"}],"wp:term":[{"taxonomy":"product_brand","embeddable":true,"href":"https:\/\/gadgettravellers.eu\/it\/wp-json\/wp\/v2\/product_brand?post=5315724"},{"taxonomy":"product_cat","embeddable":true,"href":"https:\/\/gadgettravellers.eu\/it\/wp-json\/wp\/v2\/product_cat?post=5315724"},{"taxonomy":"product_tag","embeddable":true,"href":"https:\/\/gadgettravellers.eu\/it\/wp-json\/wp\/v2\/product_tag?post=5315724"}],"curies":[{"name":"wp","href":"https:\/\/api.w.org\/{rel}","templated":true}]}}