{"id":5315735,"date":"2026-01-19T14:29:17","date_gmt":"2026-01-19T12:29:17","guid":{"rendered":"https:\/\/gadgettravellers.eu\/shop\/supercar-alto-friction-24x12x14cm-toymarkt-902310\/"},"modified":"2026-04-22T22:42:34","modified_gmt":"2026-04-22T20:42:34","slug":"supercar-alto-friction-24x12x14cm-toymarkt-902310","status":"publish","type":"product","link":"https:\/\/gadgettravellers.eu\/it\/shop\/supercar-alto-friction-24x12x14cm-toymarkt-902310\/","title":{"rendered":"Supercar Alto Friction 24x12x14cm ToyMarkt 902310"},"content":{"rendered":"<p>24x12x14cm<\/p>\n<div class='aiseo-faq-section' style='margin-top:30px; border-top:1px solid #eee; padding-top:20px;'>\n<h3>Domande Frequenti<\/h3>\n<details style='margin-bottom:10px; padding:10px; background:#f9f9f9; border-radius:5px;'>\n<summary style='font-weight:bold; cursor:pointer;'>Ha bisogno di batterie?<\/summary>\n<div style='margin-top:10px; color:#555;'>No, si attiva con un meccanismo a attrito e non necessita di batterie.<\/div>\n<\/details>\n<details style='margin-bottom:10px; padding:10px; background:#f9f9f9; border-radius:5px;'>\n<summary style='font-weight:bold; cursor:pointer;'>Quali sono le dimensioni del veicolo?<\/summary>\n<div style='margin-top:10px; color:#555;'>Le dimensioni sono 24x12x14 cm.<\/div>\n<\/details>\n<details style='margin-bottom:10px; padding:10px; background:#f9f9f9; border-radius:5px;'>\n<summary style='font-weight:bold; cursor:pointer;'>\u00c8 adatto per il gioco all&#8217;aperto?<\/summary>\n<div style='margin-top:10px; color:#555;'>S\u00ec, \u00e8 adatto per il gioco sia all&#8217;aperto che al chiuso.<\/div>\n<\/details>\n<details style='margin-bottom:10px; padding:10px; background:#f9f9f9; border-radius:5px;'>\n<summary style='font-weight:bold; cursor:pointer;'>Per quali bambini \u00e8 consigliato?<\/summary>\n<div style='margin-top:10px; color:#555;'>\u00c8 consigliato per i piccoli amanti delle automobili e per i bambini che amano il gioco motorio e creativo.<\/div>\n<\/details>\n<\/div>\n","protected":false},"excerpt":{"rendered":"<p>24x12x14cm Domande Frequenti Ha bisogno di batterie? No, si attiva con un meccanismo a attrito e non necessita di batterie. Quali sono le dimensioni del veicolo? Le dimensioni sono 24x12x14 cm. \u00c8 adatto per il gioco all&#8217;aperto? S\u00ec, \u00e8 adatto per il gioco sia all&#8217;aperto che al chiuso. Per quali bambini \u00e8 consigliato? \u00c8 consigliato [&hellip;]<\/p>\n","protected":false},"featured_media":17546,"comment_status":"closed","ping_status":"open","template":"","meta":[],"product_brand":[],"product_cat":[],"product_tag":[15],"class_list":{"0":"post-5315735","1":"product","2":"type-product","3":"status-publish","4":"has-post-thumbnail","6":"product_tag-uncategorized","8":"first","9":"onbackorder","10":"purchasable","11":"product-type-simple"},"jetpack_sharing_enabled":true,"_links":{"self":[{"href":"https:\/\/gadgettravellers.eu\/it\/wp-json\/wp\/v2\/product\/5315735","targetHints":{"allow":["GET"]}}],"collection":[{"href":"https:\/\/gadgettravellers.eu\/it\/wp-json\/wp\/v2\/product"}],"about":[{"href":"https:\/\/gadgettravellers.eu\/it\/wp-json\/wp\/v2\/types\/product"}],"replies":[{"embeddable":true,"href":"https:\/\/gadgettravellers.eu\/it\/wp-json\/wp\/v2\/comments?post=5315735"}],"wp:featuredmedia":[{"embeddable":true,"href":"https:\/\/gadgettravellers.eu\/it\/wp-json\/wp\/v2\/media\/17546"}],"wp:attachment":[{"href":"https:\/\/gadgettravellers.eu\/it\/wp-json\/wp\/v2\/media?parent=5315735"}],"wp:term":[{"taxonomy":"product_brand","embeddable":true,"href":"https:\/\/gadgettravellers.eu\/it\/wp-json\/wp\/v2\/product_brand?post=5315735"},{"taxonomy":"product_cat","embeddable":true,"href":"https:\/\/gadgettravellers.eu\/it\/wp-json\/wp\/v2\/product_cat?post=5315735"},{"taxonomy":"product_tag","embeddable":true,"href":"https:\/\/gadgettravellers.eu\/it\/wp-json\/wp\/v2\/product_tag?post=5315735"}],"curies":[{"name":"wp","href":"https:\/\/api.w.org\/{rel}","templated":true}]}}