{"id":5315737,"date":"2026-01-19T14:29:18","date_gmt":"2026-01-19T12:29:18","guid":{"rendered":"https:\/\/gadgettravellers.eu\/shop\/trattore-friction-con-luce-e-suono-in-scatola-17x14x11cm-toymarkt-902308\/"},"modified":"2026-04-22T22:42:35","modified_gmt":"2026-04-22T20:42:35","slug":"trattore-friction-con-luce-e-suono-in-scatola-17x14x11cm-toymarkt-902308","status":"publish","type":"product","link":"https:\/\/gadgettravellers.eu\/it\/shop\/trattore-friction-con-luce-e-suono-in-scatola-17x14x11cm-toymarkt-902308\/","title":{"rendered":"Trattore Friction con luce e suono in Scatola 17x14x11cm ToyMarkt 902308"},"content":{"rendered":"<p>Con luce + suono 17x14x11cm<\/p>\n<div class='aiseo-faq-section' style='margin-top:30px; border-top:1px solid #eee; padding-top:20px;'>\n<h3>Domande Frequenti<\/h3>\n<details style='margin-bottom:10px; padding:10px; background:#f9f9f9; border-radius:5px;'>\n<summary style='font-weight:bold; cursor:pointer;'>Quali sono le dimensioni della confezione?<\/summary>\n<div style='margin-top:10px; color:#555;'>Il prodotto viene consegnato in una scatola di dimensioni 17x14x11cm.<\/div>\n<\/details>\n<details style='margin-bottom:10px; padding:10px; background:#f9f9f9; border-radius:5px;'>\n<summary style='font-weight:bold; cursor:pointer;'>Quali funzioni ha il gioco?<\/summary>\n<div style='margin-top:10px; color:#555;'>Dispone di meccanismo a sfregamento, illuminazione ed effetti sonori.<\/div>\n<\/details>\n<details style='margin-bottom:10px; padding:10px; background:#f9f9f9; border-radius:5px;'>\n<summary style='font-weight:bold; cursor:pointer;'>\u00c8 adatto come regalo?<\/summary>\n<div style='margin-top:10px; color:#555;'>S\u00ec, viene in una scatola ed \u00e8 pronto per essere regalato.<\/div>\n<\/details>\n<\/div>\n","protected":false},"excerpt":{"rendered":"<p>Con luce + suono 17x14x11cm Domande Frequenti Quali sono le dimensioni della confezione? Il prodotto viene consegnato in una scatola di dimensioni 17x14x11cm. Quali funzioni ha il gioco? Dispone di meccanismo a sfregamento, illuminazione ed effetti sonori. \u00c8 adatto come regalo? S\u00ec, viene in una scatola ed \u00e8 pronto per essere regalato.<\/p>\n","protected":false},"featured_media":17543,"comment_status":"closed","ping_status":"open","template":"","meta":[],"product_brand":[],"product_cat":[],"product_tag":[15],"class_list":{"0":"post-5315737","1":"product","2":"type-product","3":"status-publish","4":"has-post-thumbnail","6":"product_tag-uncategorized","8":"first","9":"onbackorder","10":"purchasable","11":"product-type-simple"},"jetpack_sharing_enabled":true,"_links":{"self":[{"href":"https:\/\/gadgettravellers.eu\/it\/wp-json\/wp\/v2\/product\/5315737","targetHints":{"allow":["GET"]}}],"collection":[{"href":"https:\/\/gadgettravellers.eu\/it\/wp-json\/wp\/v2\/product"}],"about":[{"href":"https:\/\/gadgettravellers.eu\/it\/wp-json\/wp\/v2\/types\/product"}],"replies":[{"embeddable":true,"href":"https:\/\/gadgettravellers.eu\/it\/wp-json\/wp\/v2\/comments?post=5315737"}],"wp:featuredmedia":[{"embeddable":true,"href":"https:\/\/gadgettravellers.eu\/it\/wp-json\/wp\/v2\/media\/17543"}],"wp:attachment":[{"href":"https:\/\/gadgettravellers.eu\/it\/wp-json\/wp\/v2\/media?parent=5315737"}],"wp:term":[{"taxonomy":"product_brand","embeddable":true,"href":"https:\/\/gadgettravellers.eu\/it\/wp-json\/wp\/v2\/product_brand?post=5315737"},{"taxonomy":"product_cat","embeddable":true,"href":"https:\/\/gadgettravellers.eu\/it\/wp-json\/wp\/v2\/product_cat?post=5315737"},{"taxonomy":"product_tag","embeddable":true,"href":"https:\/\/gadgettravellers.eu\/it\/wp-json\/wp\/v2\/product_tag?post=5315737"}],"curies":[{"name":"wp","href":"https:\/\/api.w.org\/{rel}","templated":true}]}}