{"id":5315750,"date":"2026-01-19T14:29:27","date_gmt":"2026-01-19T12:29:27","guid":{"rendered":"https:\/\/gadgettravellers.eu\/shop\/die-cast-pull-back-136-mersedes-off-road-15x7x7cm-toymarkt-902320-3\/"},"modified":"2026-04-22T22:42:40","modified_gmt":"2026-04-22T20:42:40","slug":"die-cast-pull-back-136-mersedes-off-road-15x7x7cm-toymarkt-902320-3","status":"publish","type":"product","link":"https:\/\/gadgettravellers.eu\/it\/shop\/die-cast-pull-back-136-mersedes-off-road-15x7x7cm-toymarkt-902320-3\/","title":{"rendered":"Die Cast Pull Back 1:36 Mersedes off Road 15x7x7cm ToyMarkt 902320"},"content":{"rendered":"<p>Metallo 15x7x7cm<\/p>\n<div class='aiseo-faq-section' style='margin-top:30px; border-top:1px solid #eee; padding-top:20px;'>\n<h3>Domande Frequenti<\/h3>\n<details style='margin-bottom:10px; padding:10px; background:#f9f9f9; border-radius:5px;'>\n<summary style='font-weight:bold; cursor:pointer;'>Quali sono le dimensioni del prodotto?<\/summary>\n<div style='margin-top:10px; color:#555;'>Le dimensioni sono 15x7x7 cm.<\/div>\n<\/details>\n<details style='margin-bottom:10px; padding:10px; background:#f9f9f9; border-radius:5px;'>\n<summary style='font-weight:bold; cursor:pointer;'>Ha bisogno di batterie per funzionare?<\/summary>\n<div style='margin-top:10px; color:#555;'>No, funziona con un meccanismo a ritiro e non necessita di batterie.<\/div>\n<\/details>\n<details style='margin-bottom:10px; padding:10px; background:#f9f9f9; border-radius:5px;'>\n<summary style='font-weight:bold; cursor:pointer;'>Qual \u00e8 la scala dell&#8217;auto?<\/summary>\n<div style='margin-top:10px; color:#555;'>La scala \u00e8 1:36.<\/div>\n<\/details>\n<details style='margin-bottom:10px; padding:10px; background:#f9f9f9; border-radius:5px;'>\n<summary style='font-weight:bold; cursor:pointer;'>Di che materiale \u00e8 fatto?<\/summary>\n<div style='margin-top:10px; color:#555;'>\u00c8 in metallo (die cast) con probabilmente componenti in plastica.<\/div>\n<\/details>\n<\/div>\n","protected":false},"excerpt":{"rendered":"<p>Metallo 15x7x7cm Domande Frequenti Quali sono le dimensioni del prodotto? Le dimensioni sono 15x7x7 cm. Ha bisogno di batterie per funzionare? No, funziona con un meccanismo a ritiro e non necessita di batterie. Qual \u00e8 la scala dell&#8217;auto? La scala \u00e8 1:36. Di che materiale \u00e8 fatto? \u00c8 in metallo (die cast) con probabilmente componenti [&hellip;]<\/p>\n","protected":false},"featured_media":17576,"comment_status":"closed","ping_status":"open","template":"","meta":[],"product_brand":[],"product_cat":[],"product_tag":[15],"class_list":{"0":"post-5315750","1":"product","2":"type-product","3":"status-publish","4":"has-post-thumbnail","6":"product_tag-uncategorized","8":"first","9":"onbackorder","10":"purchasable","11":"product-type-simple"},"jetpack_sharing_enabled":true,"_links":{"self":[{"href":"https:\/\/gadgettravellers.eu\/it\/wp-json\/wp\/v2\/product\/5315750","targetHints":{"allow":["GET"]}}],"collection":[{"href":"https:\/\/gadgettravellers.eu\/it\/wp-json\/wp\/v2\/product"}],"about":[{"href":"https:\/\/gadgettravellers.eu\/it\/wp-json\/wp\/v2\/types\/product"}],"replies":[{"embeddable":true,"href":"https:\/\/gadgettravellers.eu\/it\/wp-json\/wp\/v2\/comments?post=5315750"}],"wp:featuredmedia":[{"embeddable":true,"href":"https:\/\/gadgettravellers.eu\/it\/wp-json\/wp\/v2\/media\/17576"}],"wp:attachment":[{"href":"https:\/\/gadgettravellers.eu\/it\/wp-json\/wp\/v2\/media?parent=5315750"}],"wp:term":[{"taxonomy":"product_brand","embeddable":true,"href":"https:\/\/gadgettravellers.eu\/it\/wp-json\/wp\/v2\/product_brand?post=5315750"},{"taxonomy":"product_cat","embeddable":true,"href":"https:\/\/gadgettravellers.eu\/it\/wp-json\/wp\/v2\/product_cat?post=5315750"},{"taxonomy":"product_tag","embeddable":true,"href":"https:\/\/gadgettravellers.eu\/it\/wp-json\/wp\/v2\/product_tag?post=5315750"}],"curies":[{"name":"wp","href":"https:\/\/api.w.org\/{rel}","templated":true}]}}