{"id":5315752,"date":"2026-01-19T14:29:28","date_gmt":"2026-01-19T12:29:28","guid":{"rendered":"https:\/\/gadgettravellers.eu\/shop\/auto-super-car-friction-38x9x17cm-toymarkt-902326\/"},"modified":"2026-04-22T22:42:41","modified_gmt":"2026-04-22T20:42:41","slug":"auto-super-car-friction-38x9x17cm-toymarkt-902326","status":"publish","type":"product","link":"https:\/\/gadgettravellers.eu\/it\/shop\/auto-super-car-friction-38x9x17cm-toymarkt-902326\/","title":{"rendered":"Auto Super car Friction 38x9x17cm ToyMarkt 902326"},"content":{"rendered":"<p>38x9x17cm<\/p>\n<div class='aiseo-faq-section' style='margin-top:30px; border-top:1px solid #eee; padding-top:20px;'>\n<h3>Domande Frequenti<\/h3>\n<details style='margin-bottom:10px; padding:10px; background:#f9f9f9; border-radius:5px;'>\n<summary style='font-weight:bold; cursor:pointer;'>Cos&#8217;\u00e8 la funzione friction nell&#8217;auto?<\/summary>\n<div style='margin-top:10px; color:#555;'>La funzione friction consente il movimento con una semplice spinta senza batterie o componenti elettronici.<\/div>\n<\/details>\n<details style='margin-bottom:10px; padding:10px; background:#f9f9f9; border-radius:5px;'>\n<summary style='font-weight:bold; cursor:pointer;'>Pu\u00f2 essere utilizzato all&#8217;aperto?<\/summary>\n<div style='margin-top:10px; color:#555;'>S\u00ec, l&#8217;auto \u00e8 ideale per il gioco portatile sia all&#8217;interno che all&#8217;esterno.<\/div>\n<\/details>\n<details style='margin-bottom:10px; padding:10px; background:#f9f9f9; border-radius:5px;'>\n<summary style='font-weight:bold; cursor:pointer;'>Di quali materiali \u00e8 fatto?<\/summary>\n<div style='margin-top:10px; color:#555;'>Realizzato con materiali resistenti per l&#8217;uso quotidiano e facile da pulire.<\/div>\n<\/details>\n<\/div>\n","protected":false},"excerpt":{"rendered":"<p>38x9x17cm Domande Frequenti Cos&#8217;\u00e8 la funzione friction nell&#8217;auto? La funzione friction consente il movimento con una semplice spinta senza batterie o componenti elettronici. Pu\u00f2 essere utilizzato all&#8217;aperto? S\u00ec, l&#8217;auto \u00e8 ideale per il gioco portatile sia all&#8217;interno che all&#8217;esterno. Di quali materiali \u00e8 fatto? Realizzato con materiali resistenti per l&#8217;uso quotidiano e facile da pulire.<\/p>\n","protected":false},"featured_media":17683,"comment_status":"closed","ping_status":"open","template":"","meta":[],"product_brand":[],"product_cat":[],"product_tag":[15],"class_list":{"0":"post-5315752","1":"product","2":"type-product","3":"status-publish","4":"has-post-thumbnail","6":"product_tag-uncategorized","8":"first","9":"onbackorder","10":"purchasable","11":"product-type-simple"},"jetpack_sharing_enabled":true,"_links":{"self":[{"href":"https:\/\/gadgettravellers.eu\/it\/wp-json\/wp\/v2\/product\/5315752","targetHints":{"allow":["GET"]}}],"collection":[{"href":"https:\/\/gadgettravellers.eu\/it\/wp-json\/wp\/v2\/product"}],"about":[{"href":"https:\/\/gadgettravellers.eu\/it\/wp-json\/wp\/v2\/types\/product"}],"replies":[{"embeddable":true,"href":"https:\/\/gadgettravellers.eu\/it\/wp-json\/wp\/v2\/comments?post=5315752"}],"wp:featuredmedia":[{"embeddable":true,"href":"https:\/\/gadgettravellers.eu\/it\/wp-json\/wp\/v2\/media\/17683"}],"wp:attachment":[{"href":"https:\/\/gadgettravellers.eu\/it\/wp-json\/wp\/v2\/media?parent=5315752"}],"wp:term":[{"taxonomy":"product_brand","embeddable":true,"href":"https:\/\/gadgettravellers.eu\/it\/wp-json\/wp\/v2\/product_brand?post=5315752"},{"taxonomy":"product_cat","embeddable":true,"href":"https:\/\/gadgettravellers.eu\/it\/wp-json\/wp\/v2\/product_cat?post=5315752"},{"taxonomy":"product_tag","embeddable":true,"href":"https:\/\/gadgettravellers.eu\/it\/wp-json\/wp\/v2\/product_tag?post=5315752"}],"curies":[{"name":"wp","href":"https:\/\/api.w.org\/{rel}","templated":true}]}}