{"id":5315777,"date":"2026-01-19T14:29:42","date_gmt":"2026-01-19T12:29:42","guid":{"rendered":"https:\/\/gadgettravellers.eu\/shop\/camion-da-soccorso-a-frizione-con-luce-suoni-42x22x12cm-toymarkt-902356\/"},"modified":"2026-04-22T22:42:53","modified_gmt":"2026-04-22T20:42:53","slug":"camion-da-soccorso-a-frizione-con-luce-suoni-42x22x12cm-toymarkt-902356","status":"publish","type":"product","link":"https:\/\/gadgettravellers.eu\/it\/shop\/camion-da-soccorso-a-frizione-con-luce-suoni-42x22x12cm-toymarkt-902356\/","title":{"rendered":"Camion da soccorso a frizione con luce + suoni 42x22x12cm ToyMarkt 902356"},"content":{"rendered":"<p>Con luce + suono 42x22x12cm<\/p>\n<div class='aiseo-faq-section' style='margin-top:30px; border-top:1px solid #eee; padding-top:20px;'>\n<h3>Domande Frequenti<\/h3>\n<details style='margin-bottom:10px; padding:10px; background:#f9f9f9; border-radius:5px;'>\n<summary style='font-weight:bold; cursor:pointer;'>Quali sono le dimensioni del prodotto?<\/summary>\n<div style='margin-top:10px; color:#555;'>Le dimensioni sono 42x22x12 cm.<\/div>\n<\/details>\n<details style='margin-bottom:10px; padding:10px; background:#f9f9f9; border-radius:5px;'>\n<summary style='font-weight:bold; cursor:pointer;'>Quali funzioni di luce e suono ha?<\/summary>\n<div style='margin-top:10px; color:#555;'>Dispone di illuminazione ed effetti sonori come indicato nella descrizione.<\/div>\n<\/details>\n<details style='margin-bottom:10px; padding:10px; background:#f9f9f9; border-radius:5px;'>\n<summary style='font-weight:bold; cursor:pointer;'>Di che materiale \u00e8 fatto e per quale et\u00e0 \u00e8 adatto?<\/summary>\n<div style='margin-top:10px; color:#555;'>Realizzato in plastica resistente e adatto a bambini di et\u00e0 superiore ai 3 anni.<\/div>\n<\/details>\n<\/div>\n","protected":false},"excerpt":{"rendered":"<p>Con luce + suono 42x22x12cm Domande Frequenti Quali sono le dimensioni del prodotto? Le dimensioni sono 42x22x12 cm. Quali funzioni di luce e suono ha? Dispone di illuminazione ed effetti sonori come indicato nella descrizione. Di che materiale \u00e8 fatto e per quale et\u00e0 \u00e8 adatto? Realizzato in plastica resistente e adatto a bambini di [&hellip;]<\/p>\n","protected":false},"featured_media":17746,"comment_status":"closed","ping_status":"open","template":"","meta":[],"product_brand":[],"product_cat":[],"product_tag":[15],"class_list":{"0":"post-5315777","1":"product","2":"type-product","3":"status-publish","4":"has-post-thumbnail","6":"product_tag-uncategorized","8":"first","9":"onbackorder","10":"purchasable","11":"product-type-simple"},"jetpack_sharing_enabled":true,"_links":{"self":[{"href":"https:\/\/gadgettravellers.eu\/it\/wp-json\/wp\/v2\/product\/5315777","targetHints":{"allow":["GET"]}}],"collection":[{"href":"https:\/\/gadgettravellers.eu\/it\/wp-json\/wp\/v2\/product"}],"about":[{"href":"https:\/\/gadgettravellers.eu\/it\/wp-json\/wp\/v2\/types\/product"}],"replies":[{"embeddable":true,"href":"https:\/\/gadgettravellers.eu\/it\/wp-json\/wp\/v2\/comments?post=5315777"}],"wp:featuredmedia":[{"embeddable":true,"href":"https:\/\/gadgettravellers.eu\/it\/wp-json\/wp\/v2\/media\/17746"}],"wp:attachment":[{"href":"https:\/\/gadgettravellers.eu\/it\/wp-json\/wp\/v2\/media?parent=5315777"}],"wp:term":[{"taxonomy":"product_brand","embeddable":true,"href":"https:\/\/gadgettravellers.eu\/it\/wp-json\/wp\/v2\/product_brand?post=5315777"},{"taxonomy":"product_cat","embeddable":true,"href":"https:\/\/gadgettravellers.eu\/it\/wp-json\/wp\/v2\/product_cat?post=5315777"},{"taxonomy":"product_tag","embeddable":true,"href":"https:\/\/gadgettravellers.eu\/it\/wp-json\/wp\/v2\/product_tag?post=5315777"}],"curies":[{"name":"wp","href":"https:\/\/api.w.org\/{rel}","templated":true}]}}