{"id":5315780,"date":"2026-01-19T14:29:45","date_gmt":"2026-01-19T12:29:45","guid":{"rendered":"https:\/\/gadgettravellers.eu\/shop\/veicolo-police-friction-con-luce-suono-20x12x8cm-toymarkt-902359\/"},"modified":"2026-04-14T02:44:15","modified_gmt":"2026-04-14T00:44:15","slug":"veicolo-police-friction-con-luce-suono-20x12x8cm-toymarkt-902359","status":"publish","type":"product","link":"https:\/\/gadgettravellers.eu\/it\/shop\/veicolo-police-friction-con-luce-suono-20x12x8cm-toymarkt-902359\/","title":{"rendered":"Veicolo Police Friction con luce + suono 20x12x8cm ToyMarkt 902359"},"content":{"rendered":"<p>Con luce + suono 20x12x8cm<\/p>\n<div class='aiseo-faq-section' style='margin-top:30px; border-top:1px solid #eee; padding-top:20px;'>\n<h3>Domande Frequenti<\/h3>\n<details style='margin-bottom:10px; padding:10px; background:#f9f9f9; border-radius:5px;'>\n<summary style='font-weight:bold; cursor:pointer;'>Il veicolo necessita di batterie per funzionare?<\/summary>\n<div style='margin-top:10px; color:#555;'>No, funziona con attrito e non richiede batterie.<\/div>\n<\/details>\n<details style='margin-bottom:10px; padding:10px; background:#f9f9f9; border-radius:5px;'>\n<summary style='font-weight:bold; cursor:pointer;'>Quali sono le dimensioni del prodotto?<\/summary>\n<div style='margin-top:10px; color:#555;'>Le dimensioni sono 20x12x8 cm secondo la descrizione.<\/div>\n<\/details>\n<details style='margin-bottom:10px; padding:10px; background:#f9f9f9; border-radius:5px;'>\n<summary style='font-weight:bold; cursor:pointer;'>Per quale et\u00e0 \u00e8 adatto il gioco?<\/summary>\n<div style='margin-top:10px; color:#555;'>\u00c8 ideale per bambini di et\u00e0 superiore ai 3 anni.<\/div>\n<\/details>\n<\/div>\n","protected":false},"excerpt":{"rendered":"<p>Con luce + suono 20x12x8cm Domande Frequenti Il veicolo necessita di batterie per funzionare? No, funziona con attrito e non richiede batterie. Quali sono le dimensioni del prodotto? Le dimensioni sono 20x12x8 cm secondo la descrizione. Per quale et\u00e0 \u00e8 adatto il gioco? \u00c8 ideale per bambini di et\u00e0 superiore ai 3 anni.<\/p>\n","protected":false},"featured_media":17752,"comment_status":"closed","ping_status":"open","template":"","meta":[],"product_brand":[],"product_cat":[],"product_tag":[15],"class_list":{"0":"post-5315780","1":"product","2":"type-product","3":"status-publish","4":"has-post-thumbnail","6":"product_tag-uncategorized","8":"first","9":"onbackorder","10":"purchasable","11":"product-type-simple"},"jetpack_sharing_enabled":true,"_links":{"self":[{"href":"https:\/\/gadgettravellers.eu\/it\/wp-json\/wp\/v2\/product\/5315780","targetHints":{"allow":["GET"]}}],"collection":[{"href":"https:\/\/gadgettravellers.eu\/it\/wp-json\/wp\/v2\/product"}],"about":[{"href":"https:\/\/gadgettravellers.eu\/it\/wp-json\/wp\/v2\/types\/product"}],"replies":[{"embeddable":true,"href":"https:\/\/gadgettravellers.eu\/it\/wp-json\/wp\/v2\/comments?post=5315780"}],"wp:featuredmedia":[{"embeddable":true,"href":"https:\/\/gadgettravellers.eu\/it\/wp-json\/wp\/v2\/media\/17752"}],"wp:attachment":[{"href":"https:\/\/gadgettravellers.eu\/it\/wp-json\/wp\/v2\/media?parent=5315780"}],"wp:term":[{"taxonomy":"product_brand","embeddable":true,"href":"https:\/\/gadgettravellers.eu\/it\/wp-json\/wp\/v2\/product_brand?post=5315780"},{"taxonomy":"product_cat","embeddable":true,"href":"https:\/\/gadgettravellers.eu\/it\/wp-json\/wp\/v2\/product_cat?post=5315780"},{"taxonomy":"product_tag","embeddable":true,"href":"https:\/\/gadgettravellers.eu\/it\/wp-json\/wp\/v2\/product_tag?post=5315780"}],"curies":[{"name":"wp","href":"https:\/\/api.w.org\/{rel}","templated":true}]}}