{"id":5315797,"date":"2026-01-19T14:29:55","date_gmt":"2026-01-19T12:29:55","guid":{"rendered":"https:\/\/gadgettravellers.eu\/shop\/auto-friction-racing-con-lucesuono-28x13x12cm-toymarkt-902381\/"},"modified":"2026-04-22T22:43:01","modified_gmt":"2026-04-22T20:43:01","slug":"auto-friction-racing-con-lucesuono-28x13x12cm-toymarkt-902381","status":"publish","type":"product","link":"https:\/\/gadgettravellers.eu\/it\/shop\/auto-friction-racing-con-lucesuono-28x13x12cm-toymarkt-902381\/","title":{"rendered":"Auto Friction Racing con Luce+suono 28x13x12cm ToyMarkt 902381"},"content":{"rendered":"<p>Con luce e suoni 28x13x12cm<\/p>\n<div class='aiseo-faq-section' style='margin-top:30px; border-top:1px solid #eee; padding-top:20px;'>\n<h3>Domande Frequenti<\/h3>\n<details style='margin-bottom:10px; padding:10px; background:#f9f9f9; border-radius:5px;'>\n<summary style='font-weight:bold; cursor:pointer;'>Come si muove l&#8217;auto?<\/summary>\n<div style='margin-top:10px; color:#555;'>Si muove con meccanismo a frizione.<\/div>\n<\/details>\n<details style='margin-bottom:10px; padding:10px; background:#f9f9f9; border-radius:5px;'>\n<summary style='font-weight:bold; cursor:pointer;'>Ha illuminazione e suoni?<\/summary>\n<div style='margin-top:10px; color:#555;'>S\u00ec, dispone di illuminazione ed effetti sonori.<\/div>\n<\/details>\n<details style='margin-bottom:10px; padding:10px; background:#f9f9f9; border-radius:5px;'>\n<summary style='font-weight:bold; cursor:pointer;'>Quali sono le dimensioni del prodotto?<\/summary>\n<div style='margin-top:10px; color:#555;'>28x13x12 cm.<\/div>\n<\/details>\n<details style='margin-bottom:10px; padding:10px; background:#f9f9f9; border-radius:5px;'>\n<summary style='font-weight:bold; cursor:pointer;'>\u00c8 adatto per l&#8217;uso in ambienti interni?<\/summary>\n<div style='margin-top:10px; color:#555;'>S\u00ec, progettato per il gioco al coperto.<\/div>\n<\/details>\n<\/div>\n","protected":false},"excerpt":{"rendered":"<p>Con luce e suoni 28x13x12cm Domande Frequenti Come si muove l&#8217;auto? Si muove con meccanismo a frizione. Ha illuminazione e suoni? S\u00ec, dispone di illuminazione ed effetti sonori. Quali sono le dimensioni del prodotto? 28x13x12 cm. \u00c8 adatto per l&#8217;uso in ambienti interni? S\u00ec, progettato per il gioco al coperto.<\/p>\n","protected":false},"featured_media":5180804,"comment_status":"closed","ping_status":"open","template":"","meta":[],"product_brand":[],"product_cat":[],"product_tag":[15],"class_list":{"0":"post-5315797","1":"product","2":"type-product","3":"status-publish","4":"has-post-thumbnail","6":"product_tag-uncategorized","8":"first","9":"onbackorder","10":"purchasable","11":"product-type-simple"},"jetpack_sharing_enabled":true,"_links":{"self":[{"href":"https:\/\/gadgettravellers.eu\/it\/wp-json\/wp\/v2\/product\/5315797","targetHints":{"allow":["GET"]}}],"collection":[{"href":"https:\/\/gadgettravellers.eu\/it\/wp-json\/wp\/v2\/product"}],"about":[{"href":"https:\/\/gadgettravellers.eu\/it\/wp-json\/wp\/v2\/types\/product"}],"replies":[{"embeddable":true,"href":"https:\/\/gadgettravellers.eu\/it\/wp-json\/wp\/v2\/comments?post=5315797"}],"wp:featuredmedia":[{"embeddable":true,"href":"https:\/\/gadgettravellers.eu\/it\/wp-json\/wp\/v2\/media\/5180804"}],"wp:attachment":[{"href":"https:\/\/gadgettravellers.eu\/it\/wp-json\/wp\/v2\/media?parent=5315797"}],"wp:term":[{"taxonomy":"product_brand","embeddable":true,"href":"https:\/\/gadgettravellers.eu\/it\/wp-json\/wp\/v2\/product_brand?post=5315797"},{"taxonomy":"product_cat","embeddable":true,"href":"https:\/\/gadgettravellers.eu\/it\/wp-json\/wp\/v2\/product_cat?post=5315797"},{"taxonomy":"product_tag","embeddable":true,"href":"https:\/\/gadgettravellers.eu\/it\/wp-json\/wp\/v2\/product_tag?post=5315797"}],"curies":[{"name":"wp","href":"https:\/\/api.w.org\/{rel}","templated":true}]}}