{"id":5315838,"date":"2026-01-19T14:30:31","date_gmt":"2026-01-19T12:30:31","guid":{"rendered":"https:\/\/gadgettravellers.eu\/shop\/scheda-die-cast-veicolo-antincendio-11x14cm-toymarkt-912774\/"},"modified":"2026-04-22T22:43:19","modified_gmt":"2026-04-22T20:43:19","slug":"scheda-die-cast-veicolo-antincendio-11x14cm-toymarkt-912774","status":"publish","type":"product","link":"https:\/\/gadgettravellers.eu\/it\/shop\/scheda-die-cast-veicolo-antincendio-11x14cm-toymarkt-912774\/","title":{"rendered":"Scheda die Cast Veicolo Antincendio 11x14cm ToyMarkt 912774"},"content":{"rendered":"<p>11x14cm<\/p>\n<div class='aiseo-faq-section' style='margin-top:30px; border-top:1px solid #eee; padding-top:20px;'>\n<h3>Domande Frequenti<\/h3>\n<details style='margin-bottom:10px; padding:10px; background:#f9f9f9; border-radius:5px;'>\n<summary style='font-weight:bold; cursor:pointer;'>Di quale materiale \u00e8 fatto il modello?<\/summary>\n<div style='margin-top:10px; color:#555;'>Il veicolo \u00e8 realizzato in metallo resistente con costruzione die-cast e finitura robusta.<\/div>\n<\/details>\n<details style='margin-bottom:10px; padding:10px; background:#f9f9f9; border-radius:5px;'>\n<summary style='font-weight:bold; cursor:pointer;'>Quali sono le dimensioni del prodotto?<\/summary>\n<div style='margin-top:10px; color:#555;'>Le dimensioni sono 11&#215;14 cm come indicato nella descrizione.<\/div>\n<\/details>\n<details style='margin-bottom:10px; padding:10px; background:#f9f9f9; border-radius:5px;'>\n<summary style='font-weight:bold; cursor:pointer;'>Pu\u00f2 essere utilizzato per la collezione o per l&#8217;esposizione in vetrina?<\/summary>\n<div style='margin-top:10px; color:#555;'>S\u00ec, \u00e8 adatto per la raccolta e l&#8217;esposizione in vetrina, ed \u00e8 anche ideale per giocare o come regalo.<\/div>\n<\/details>\n<\/div>\n","protected":false},"excerpt":{"rendered":"<p>11x14cm Domande Frequenti Di quale materiale \u00e8 fatto il modello? Il veicolo \u00e8 realizzato in metallo resistente con costruzione die-cast e finitura robusta. Quali sono le dimensioni del prodotto? Le dimensioni sono 11&#215;14 cm come indicato nella descrizione. Pu\u00f2 essere utilizzato per la collezione o per l&#8217;esposizione in vetrina? S\u00ec, \u00e8 adatto per la raccolta [&hellip;]<\/p>\n","protected":false},"featured_media":5028612,"comment_status":"closed","ping_status":"open","template":"","meta":[],"product_brand":[],"product_cat":[],"product_tag":[15],"class_list":{"0":"post-5315838","1":"product","2":"type-product","3":"status-publish","4":"has-post-thumbnail","6":"product_tag-uncategorized","8":"first","9":"onbackorder","10":"purchasable","11":"product-type-simple"},"jetpack_sharing_enabled":true,"_links":{"self":[{"href":"https:\/\/gadgettravellers.eu\/it\/wp-json\/wp\/v2\/product\/5315838","targetHints":{"allow":["GET"]}}],"collection":[{"href":"https:\/\/gadgettravellers.eu\/it\/wp-json\/wp\/v2\/product"}],"about":[{"href":"https:\/\/gadgettravellers.eu\/it\/wp-json\/wp\/v2\/types\/product"}],"replies":[{"embeddable":true,"href":"https:\/\/gadgettravellers.eu\/it\/wp-json\/wp\/v2\/comments?post=5315838"}],"wp:featuredmedia":[{"embeddable":true,"href":"https:\/\/gadgettravellers.eu\/it\/wp-json\/wp\/v2\/media\/5028612"}],"wp:attachment":[{"href":"https:\/\/gadgettravellers.eu\/it\/wp-json\/wp\/v2\/media?parent=5315838"}],"wp:term":[{"taxonomy":"product_brand","embeddable":true,"href":"https:\/\/gadgettravellers.eu\/it\/wp-json\/wp\/v2\/product_brand?post=5315838"},{"taxonomy":"product_cat","embeddable":true,"href":"https:\/\/gadgettravellers.eu\/it\/wp-json\/wp\/v2\/product_cat?post=5315838"},{"taxonomy":"product_tag","embeddable":true,"href":"https:\/\/gadgettravellers.eu\/it\/wp-json\/wp\/v2\/product_tag?post=5315838"}],"curies":[{"name":"wp","href":"https:\/\/api.w.org\/{rel}","templated":true}]}}