{"id":5315839,"date":"2026-01-19T14:30:32","date_gmt":"2026-01-19T12:30:32","guid":{"rendered":"https:\/\/gadgettravellers.eu\/shop\/macchinine-free-wheel-metalliche-11cm-toymarkt-912803\/"},"modified":"2026-04-22T22:43:20","modified_gmt":"2026-04-22T20:43:20","slug":"macchinine-free-wheel-metalliche-11cm-toymarkt-912803","status":"publish","type":"product","link":"https:\/\/gadgettravellers.eu\/it\/shop\/macchinine-free-wheel-metalliche-11cm-toymarkt-912803\/","title":{"rendered":"Macchinine Free Wheel Metalliche 11cm ToyMarkt 912803"},"content":{"rendered":"<p>11cm<\/p>\n<div class='aiseo-faq-section' style='margin-top:30px; border-top:1px solid #eee; padding-top:20px;'>\n<h3>Domande Frequenti<\/h3>\n<details style='margin-bottom:10px; padding:10px; background:#f9f9f9; border-radius:5px;'>\n<summary style='font-weight:bold; cursor:pointer;'>Di che materiale \u00e8 fatto il macchinina?<\/summary>\n<div style='margin-top:10px; color:#555;'>Realizzato in metallo pressofuso per una sensazione robusta e durata.<\/div>\n<\/details>\n<details style='margin-bottom:10px; padding:10px; background:#f9f9f9; border-radius:5px;'>\n<summary style='font-weight:bold; cursor:pointer;'>Qual \u00e8 la lunghezza dell&#8217;auto?<\/summary>\n<div style='margin-top:10px; color:#555;'>La sua lunghezza \u00e8 di 11 cm.<\/div>\n<\/details>\n<details style='margin-bottom:10px; padding:10px; background:#f9f9f9; border-radius:5px;'>\n<summary style='font-weight:bold; cursor:pointer;'>Ha bisogno di batterie o elettronica per funzionare?<\/summary>\n<div style='margin-top:10px; color:#555;'>No, non richiede batterie n\u00e9 componenti elettronici.<\/div>\n<\/details>\n<details style='margin-bottom:10px; padding:10px; background:#f9f9f9; border-radius:5px;'>\n<summary style='font-weight:bold; cursor:pointer;'>Per quali usi \u00e8 adatta la macchinina?<\/summary>\n<div style='margin-top:10px; color:#555;'>Adatto per il gioco attivo, l&#8217;esposizione su scaffale e la collezione, nonch\u00e9 come regalo o attivit\u00e0 educativa.<\/div>\n<\/details>\n<\/div>\n","protected":false},"excerpt":{"rendered":"<p>11cm Domande Frequenti Di che materiale \u00e8 fatto il macchinina? Realizzato in metallo pressofuso per una sensazione robusta e durata. Qual \u00e8 la lunghezza dell&#8217;auto? La sua lunghezza \u00e8 di 11 cm. Ha bisogno di batterie o elettronica per funzionare? No, non richiede batterie n\u00e9 componenti elettronici. Per quali usi \u00e8 adatta la macchinina? Adatto [&hellip;]<\/p>\n","protected":false},"featured_media":17961,"comment_status":"closed","ping_status":"open","template":"","meta":[],"product_brand":[],"product_cat":[],"product_tag":[15],"class_list":{"0":"post-5315839","1":"product","2":"type-product","3":"status-publish","4":"has-post-thumbnail","6":"product_tag-uncategorized","8":"first","9":"onbackorder","10":"purchasable","11":"product-type-simple"},"jetpack_sharing_enabled":true,"_links":{"self":[{"href":"https:\/\/gadgettravellers.eu\/it\/wp-json\/wp\/v2\/product\/5315839","targetHints":{"allow":["GET"]}}],"collection":[{"href":"https:\/\/gadgettravellers.eu\/it\/wp-json\/wp\/v2\/product"}],"about":[{"href":"https:\/\/gadgettravellers.eu\/it\/wp-json\/wp\/v2\/types\/product"}],"replies":[{"embeddable":true,"href":"https:\/\/gadgettravellers.eu\/it\/wp-json\/wp\/v2\/comments?post=5315839"}],"wp:featuredmedia":[{"embeddable":true,"href":"https:\/\/gadgettravellers.eu\/it\/wp-json\/wp\/v2\/media\/17961"}],"wp:attachment":[{"href":"https:\/\/gadgettravellers.eu\/it\/wp-json\/wp\/v2\/media?parent=5315839"}],"wp:term":[{"taxonomy":"product_brand","embeddable":true,"href":"https:\/\/gadgettravellers.eu\/it\/wp-json\/wp\/v2\/product_brand?post=5315839"},{"taxonomy":"product_cat","embeddable":true,"href":"https:\/\/gadgettravellers.eu\/it\/wp-json\/wp\/v2\/product_cat?post=5315839"},{"taxonomy":"product_tag","embeddable":true,"href":"https:\/\/gadgettravellers.eu\/it\/wp-json\/wp\/v2\/product_tag?post=5315839"}],"curies":[{"name":"wp","href":"https:\/\/api.w.org\/{rel}","templated":true}]}}