{"id":5315844,"date":"2026-01-19T14:30:36","date_gmt":"2026-01-19T12:30:36","guid":{"rendered":"https:\/\/gadgettravellers.eu\/shop\/mulino-a-vento-design-fiore-o16x44cm-toymarkt-912860\/"},"modified":"2026-04-22T22:43:22","modified_gmt":"2026-04-22T20:43:22","slug":"mulino-a-vento-design-fiore-o16x44cm-toymarkt-912860","status":"publish","type":"product","link":"https:\/\/gadgettravellers.eu\/it\/shop\/mulino-a-vento-design-fiore-o16x44cm-toymarkt-912860\/","title":{"rendered":"Mulino a vento Design Fiore \u00f816x44cm ToyMarkt 912860"},"content":{"rendered":"<p>\u00f816x44cm<\/p>\n<div class='aiseo-faq-section' style='margin-top:30px; border-top:1px solid #eee; padding-top:20px;'>\n<h3>Domande Frequenti<\/h3>\n<details style='margin-bottom:10px; padding:10px; background:#f9f9f9; border-radius:5px;'>\n<summary style='font-weight:bold; cursor:pointer;'>Dove pu\u00f2 essere posizionato il mulino a vento?<\/summary>\n<div style='margin-top:10px; color:#555;'>Pu\u00f2 essere posizionato in giardino, veranda o fioriera, come indicato nella descrizione.<\/div>\n<\/details>\n<details style='margin-bottom:10px; padding:10px; background:#f9f9f9; border-radius:5px;'>\n<summary style='font-weight:bold; cursor:pointer;'>Quali sono le dimensioni del prodotto?<\/summary>\n<div style='margin-top:10px; color:#555;'>Diametro 16 cm e altezza 44 cm.<\/div>\n<\/details>\n<details style='margin-bottom:10px; padding:10px; background:#f9f9f9; border-radius:5px;'>\n<summary style='font-weight:bold; cursor:pointer;'>Come gira il mulino a vento?<\/summary>\n<div style='margin-top:10px; color:#555;'>Ruota con il vento e non richiede alimentazione esterna.<\/div>\n<\/details>\n<details style='margin-bottom:10px; padding:10px; background:#f9f9f9; border-radius:5px;'>\n<summary style='font-weight:bold; cursor:pointer;'>\u00c8 difficile l&#8217;installazione?<\/summary>\n<div style='margin-top:10px; color:#555;'>No, il prodotto \u00e8 facile da installare secondo la descrizione.<\/div>\n<\/details>\n<\/div>\n","protected":false},"excerpt":{"rendered":"<p>\u00f816x44cm Domande Frequenti Dove pu\u00f2 essere posizionato il mulino a vento? Pu\u00f2 essere posizionato in giardino, veranda o fioriera, come indicato nella descrizione. Quali sono le dimensioni del prodotto? Diametro 16 cm e altezza 44 cm. Come gira il mulino a vento? Ruota con il vento e non richiede alimentazione esterna. \u00c8 difficile l&#8217;installazione? No, [&hellip;]<\/p>\n","protected":false},"featured_media":18073,"comment_status":"closed","ping_status":"open","template":"","meta":[],"product_brand":[],"product_cat":[],"product_tag":[15],"class_list":{"0":"post-5315844","1":"product","2":"type-product","3":"status-publish","4":"has-post-thumbnail","6":"product_tag-uncategorized","8":"first","9":"onbackorder","10":"purchasable","11":"product-type-simple"},"jetpack_sharing_enabled":true,"_links":{"self":[{"href":"https:\/\/gadgettravellers.eu\/it\/wp-json\/wp\/v2\/product\/5315844","targetHints":{"allow":["GET"]}}],"collection":[{"href":"https:\/\/gadgettravellers.eu\/it\/wp-json\/wp\/v2\/product"}],"about":[{"href":"https:\/\/gadgettravellers.eu\/it\/wp-json\/wp\/v2\/types\/product"}],"replies":[{"embeddable":true,"href":"https:\/\/gadgettravellers.eu\/it\/wp-json\/wp\/v2\/comments?post=5315844"}],"wp:featuredmedia":[{"embeddable":true,"href":"https:\/\/gadgettravellers.eu\/it\/wp-json\/wp\/v2\/media\/18073"}],"wp:attachment":[{"href":"https:\/\/gadgettravellers.eu\/it\/wp-json\/wp\/v2\/media?parent=5315844"}],"wp:term":[{"taxonomy":"product_brand","embeddable":true,"href":"https:\/\/gadgettravellers.eu\/it\/wp-json\/wp\/v2\/product_brand?post=5315844"},{"taxonomy":"product_cat","embeddable":true,"href":"https:\/\/gadgettravellers.eu\/it\/wp-json\/wp\/v2\/product_cat?post=5315844"},{"taxonomy":"product_tag","embeddable":true,"href":"https:\/\/gadgettravellers.eu\/it\/wp-json\/wp\/v2\/product_tag?post=5315844"}],"curies":[{"name":"wp","href":"https:\/\/api.w.org\/{rel}","templated":true}]}}