{"id":5315846,"date":"2026-01-19T14:30:37","date_gmt":"2026-01-19T12:30:37","guid":{"rendered":"https:\/\/gadgettravellers.eu\/shop\/motto-free-wheels-12x8x5cm-toymarkt-913011-2\/"},"modified":"2026-04-22T22:43:23","modified_gmt":"2026-04-22T20:43:23","slug":"motto-free-wheels-12x8x5cm-toymarkt-913011-2","status":"publish","type":"product","link":"https:\/\/gadgettravellers.eu\/it\/shop\/motto-free-wheels-12x8x5cm-toymarkt-913011-2\/","title":{"rendered":"Motto Free Wheels 12x8x5cm ToyMarkt 913011"},"content":{"rendered":"<p>12x8x5cm<\/p>\n<div class='aiseo-faq-section' style='margin-top:30px; border-top:1px solid #eee; padding-top:20px;'>\n<h3>Domande Frequenti<\/h3>\n<details style='margin-bottom:10px; padding:10px; background:#f9f9f9; border-radius:5px;'>\n<summary style='font-weight:bold; cursor:pointer;'>Quali sono le dimensioni del prodotto?<\/summary>\n<div style='margin-top:10px; color:#555;'>Le dimensioni sono 12x8x5 cm.<\/div>\n<\/details>\n<details style='margin-bottom:10px; padding:10px; background:#f9f9f9; border-radius:5px;'>\n<summary style='font-weight:bold; cursor:pointer;'>Per quale uso \u00e8 destinata questa motocicletta?<\/summary>\n<div style='margin-top:10px; color:#555;'>\u00c8 adatta per collezioni, gioco al chiuso e come regalo.<\/div>\n<\/details>\n<details style='margin-bottom:10px; padding:10px; background:#f9f9f9; border-radius:5px;'>\n<summary style='font-weight:bold; cursor:pointer;'>La costruzione \u00e8 resistente per l&#8217;uso quotidiano?<\/summary>\n<div style='margin-top:10px; color:#555;'>S\u00ec, ha una costruzione resistente progettata per l&#8217;uso quotidiano.<\/div>\n<\/details>\n<\/div>\n","protected":false},"excerpt":{"rendered":"<p>12x8x5cm Domande Frequenti Quali sono le dimensioni del prodotto? Le dimensioni sono 12x8x5 cm. Per quale uso \u00e8 destinata questa motocicletta? \u00c8 adatta per collezioni, gioco al chiuso e come regalo. La costruzione \u00e8 resistente per l&#8217;uso quotidiano? S\u00ec, ha una costruzione resistente progettata per l&#8217;uso quotidiano.<\/p>\n","protected":false},"featured_media":18084,"comment_status":"closed","ping_status":"open","template":"","meta":[],"product_brand":[],"product_cat":[],"product_tag":[15],"class_list":{"0":"post-5315846","1":"product","2":"type-product","3":"status-publish","4":"has-post-thumbnail","6":"product_tag-uncategorized","8":"first","9":"onbackorder","10":"purchasable","11":"product-type-simple"},"jetpack_sharing_enabled":true,"_links":{"self":[{"href":"https:\/\/gadgettravellers.eu\/it\/wp-json\/wp\/v2\/product\/5315846","targetHints":{"allow":["GET"]}}],"collection":[{"href":"https:\/\/gadgettravellers.eu\/it\/wp-json\/wp\/v2\/product"}],"about":[{"href":"https:\/\/gadgettravellers.eu\/it\/wp-json\/wp\/v2\/types\/product"}],"replies":[{"embeddable":true,"href":"https:\/\/gadgettravellers.eu\/it\/wp-json\/wp\/v2\/comments?post=5315846"}],"wp:featuredmedia":[{"embeddable":true,"href":"https:\/\/gadgettravellers.eu\/it\/wp-json\/wp\/v2\/media\/18084"}],"wp:attachment":[{"href":"https:\/\/gadgettravellers.eu\/it\/wp-json\/wp\/v2\/media?parent=5315846"}],"wp:term":[{"taxonomy":"product_brand","embeddable":true,"href":"https:\/\/gadgettravellers.eu\/it\/wp-json\/wp\/v2\/product_brand?post=5315846"},{"taxonomy":"product_cat","embeddable":true,"href":"https:\/\/gadgettravellers.eu\/it\/wp-json\/wp\/v2\/product_cat?post=5315846"},{"taxonomy":"product_tag","embeddable":true,"href":"https:\/\/gadgettravellers.eu\/it\/wp-json\/wp\/v2\/product_tag?post=5315846"}],"curies":[{"name":"wp","href":"https:\/\/api.w.org\/{rel}","templated":true}]}}