{"id":5315858,"date":"2026-01-19T14:30:46","date_gmt":"2026-01-19T12:30:46","guid":{"rendered":"https:\/\/gadgettravellers.eu\/shop\/serpente-120cm-16x31cm-toymarkt-913094\/"},"modified":"2026-04-22T22:43:28","modified_gmt":"2026-04-22T20:43:28","slug":"serpente-120cm-16x31cm-toymarkt-913094","status":"publish","type":"product","link":"https:\/\/gadgettravellers.eu\/it\/shop\/serpente-120cm-16x31cm-toymarkt-913094\/","title":{"rendered":"Serpente 120cm 16x31cm ToyMarkt 913094"},"content":{"rendered":"<p>16x31cm<\/p>\n<div class='aiseo-faq-section' style='margin-top:30px; border-top:1px solid #eee; padding-top:20px;'>\n<h3>Domande Frequenti<\/h3>\n<details style='margin-bottom:10px; padding:10px; background:#f9f9f9; border-radius:5px;'>\n<summary style='font-weight:bold; cursor:pointer;'>Qual \u00e8 la dimensione del serpentino?<\/summary>\n<div style='margin-top:10px; color:#555;'>Il serpente ha una lunghezza di 120 cm e la confezione misura 16&#215;31 cm.<\/div>\n<\/details>\n<details style='margin-bottom:10px; padding:10px; background:#f9f9f9; border-radius:5px;'>\n<summary style='font-weight:bold; cursor:pointer;'>Di quali materiali \u00e8 fatto?<\/summary>\n<div style='margin-top:10px; color:#555;'>\u00c8 realizzato con materiali resistenti e morbidi che sono piacevoli al tatto.<\/div>\n<\/details>\n<details style='margin-bottom:10px; padding:10px; background:#f9f9f9; border-radius:5px;'>\n<summary style='font-weight:bold; cursor:pointer;'>Per quale et\u00e0 \u00e8 adatto?<\/summary>\n<div style='margin-top:10px; color:#555;'>Progettato per la sicurezza e adatto ai bambini di et\u00e0 superiore a 3 anni.<\/div>\n<\/details>\n<details style='margin-bottom:10px; padding:10px; background:#f9f9f9; border-radius:5px;'>\n<summary style='font-weight:bold; cursor:pointer;'>Pu\u00f2 essere usato anche come decorazione?<\/summary>\n<div style='margin-top:10px; color:#555;'>S\u00ec, \u00e8 adatto per la decorazione della cameretta dei bambini e come decorazione morbida.<\/div>\n<\/details>\n<details style='margin-bottom:10px; padding:10px; background:#f9f9f9; border-radius:5px;'>\n<summary style='font-weight:bold; cursor:pointer;'>\u00c8 portatile e adatto come regalo?<\/summary>\n<div style='margin-top:10px; color:#555;'>S\u00ec, \u00e8 leggero e portatile, rendendolo un regalo ideale per compleanni e festivit\u00e0.<\/div>\n<\/details>\n<\/div>\n","protected":false},"excerpt":{"rendered":"<p>16x31cm Domande Frequenti Qual \u00e8 la dimensione del serpentino? Il serpente ha una lunghezza di 120 cm e la confezione misura 16&#215;31 cm. Di quali materiali \u00e8 fatto? \u00c8 realizzato con materiali resistenti e morbidi che sono piacevoli al tatto. Per quale et\u00e0 \u00e8 adatto? Progettato per la sicurezza e adatto ai bambini di et\u00e0 [&hellip;]<\/p>\n","protected":false},"featured_media":18107,"comment_status":"closed","ping_status":"open","template":"","meta":[],"product_brand":[],"product_cat":[],"product_tag":[15],"class_list":{"0":"post-5315858","1":"product","2":"type-product","3":"status-publish","4":"has-post-thumbnail","6":"product_tag-uncategorized","8":"first","9":"onbackorder","10":"purchasable","11":"product-type-simple"},"jetpack_sharing_enabled":true,"_links":{"self":[{"href":"https:\/\/gadgettravellers.eu\/it\/wp-json\/wp\/v2\/product\/5315858","targetHints":{"allow":["GET"]}}],"collection":[{"href":"https:\/\/gadgettravellers.eu\/it\/wp-json\/wp\/v2\/product"}],"about":[{"href":"https:\/\/gadgettravellers.eu\/it\/wp-json\/wp\/v2\/types\/product"}],"replies":[{"embeddable":true,"href":"https:\/\/gadgettravellers.eu\/it\/wp-json\/wp\/v2\/comments?post=5315858"}],"wp:featuredmedia":[{"embeddable":true,"href":"https:\/\/gadgettravellers.eu\/it\/wp-json\/wp\/v2\/media\/18107"}],"wp:attachment":[{"href":"https:\/\/gadgettravellers.eu\/it\/wp-json\/wp\/v2\/media?parent=5315858"}],"wp:term":[{"taxonomy":"product_brand","embeddable":true,"href":"https:\/\/gadgettravellers.eu\/it\/wp-json\/wp\/v2\/product_brand?post=5315858"},{"taxonomy":"product_cat","embeddable":true,"href":"https:\/\/gadgettravellers.eu\/it\/wp-json\/wp\/v2\/product_cat?post=5315858"},{"taxonomy":"product_tag","embeddable":true,"href":"https:\/\/gadgettravellers.eu\/it\/wp-json\/wp\/v2\/product_tag?post=5315858"}],"curies":[{"name":"wp","href":"https:\/\/api.w.org\/{rel}","templated":true}]}}