{"id":5315864,"date":"2026-01-19T14:30:50","date_gmt":"2026-01-19T12:30:50","guid":{"rendered":"https:\/\/gadgettravellers.eu\/shop\/palco-aperto-piscina-40-palline-5-5cm-45x30x10cm-toymarkt-913107\/"},"modified":"2026-04-22T22:43:31","modified_gmt":"2026-04-22T20:43:31","slug":"palco-aperto-piscina-40-palline-5-5cm-45x30x10cm-toymarkt-913107","status":"publish","type":"product","link":"https:\/\/gadgettravellers.eu\/it\/shop\/palco-aperto-piscina-40-palline-5-5cm-45x30x10cm-toymarkt-913107\/","title":{"rendered":"Palco Aperto (piscina) &#038; 40 Palline 5.5cm 45x30x10cm ToyMarkt 913107"},"content":{"rendered":"<p>Con 40 palle da 5,5 cm, aperto 92x92x32 cm 45x30x10 cm<\/p>\n<div class='aiseo-faq-section' style='margin-top:30px; border-top:1px solid #eee; padding-top:20px;'>\n<h3>Domande Frequenti<\/h3>\n<details style='margin-bottom:10px; padding:10px; background:#f9f9f9; border-radius:5px;'>\n<summary style='font-weight:bold; cursor:pointer;'>Quante palle sono incluse?<\/summary>\n<div style='margin-top:10px; color:#555;'>Sono incluse 40 palle.<\/div>\n<\/details>\n<details style='margin-bottom:10px; padding:10px; background:#f9f9f9; border-radius:5px;'>\n<summary style='font-weight:bold; cursor:pointer;'>Qual \u00e8 il diametro delle palle?<\/summary>\n<div style='margin-top:10px; color:#555;'>Ogni palla ha un diametro di 5,5 cm (55 mm).<\/div>\n<\/details>\n<details style='margin-bottom:10px; padding:10px; background:#f9f9f9; border-radius:5px;'>\n<summary style='font-weight:bold; cursor:pointer;'>Quali sono le dimensioni della tenda?<\/summary>\n<div style='margin-top:10px; color:#555;'>Sono indicati come aperti 92\u00d792\u00d732 cm e 45\u00d730\u00d710 cm (compresso\/imballaggio).<\/div>\n<\/details>\n<details style='margin-bottom:10px; padding:10px; background:#f9f9f9; border-radius:5px;'>\n<summary style='font-weight:bold; cursor:pointer;'>\u00c8 adatta per ambienti interni ed esterni?<\/summary>\n<div style='margin-top:10px; color:#555;'>S\u00ec, \u00e8 adatta per l&#8217;uso sia in ambienti interni che esterni.<\/div>\n<\/details>\n<details style='margin-bottom:10px; padding:10px; background:#f9f9f9; border-radius:5px;'>\n<summary style='font-weight:bold; cursor:pointer;'>\u00c8 difficile da assemblare e portatile?<\/summary>\n<div style='margin-top:10px; color:#555;'>No, \u00e8 facile da montare e portatile per un facile trasporto.<\/div>\n<\/details>\n<\/div>\n","protected":false},"excerpt":{"rendered":"<p>Con 40 palle da 5,5 cm, aperto 92x92x32 cm 45x30x10 cm Domande Frequenti Quante palle sono incluse? Sono incluse 40 palle. Qual \u00e8 il diametro delle palle? Ogni palla ha un diametro di 5,5 cm (55 mm). Quali sono le dimensioni della tenda? Sono indicati come aperti 92\u00d792\u00d732 cm e 45\u00d730\u00d710 cm (compresso\/imballaggio). \u00c8 adatta [&hellip;]<\/p>\n","protected":false},"featured_media":18117,"comment_status":"closed","ping_status":"open","template":"","meta":[],"product_brand":[],"product_cat":[],"product_tag":[15],"class_list":{"0":"post-5315864","1":"product","2":"type-product","3":"status-publish","4":"has-post-thumbnail","6":"product_tag-uncategorized","8":"first","9":"onbackorder","10":"purchasable","11":"product-type-simple"},"jetpack_sharing_enabled":true,"_links":{"self":[{"href":"https:\/\/gadgettravellers.eu\/it\/wp-json\/wp\/v2\/product\/5315864","targetHints":{"allow":["GET"]}}],"collection":[{"href":"https:\/\/gadgettravellers.eu\/it\/wp-json\/wp\/v2\/product"}],"about":[{"href":"https:\/\/gadgettravellers.eu\/it\/wp-json\/wp\/v2\/types\/product"}],"replies":[{"embeddable":true,"href":"https:\/\/gadgettravellers.eu\/it\/wp-json\/wp\/v2\/comments?post=5315864"}],"wp:featuredmedia":[{"embeddable":true,"href":"https:\/\/gadgettravellers.eu\/it\/wp-json\/wp\/v2\/media\/18117"}],"wp:attachment":[{"href":"https:\/\/gadgettravellers.eu\/it\/wp-json\/wp\/v2\/media?parent=5315864"}],"wp:term":[{"taxonomy":"product_brand","embeddable":true,"href":"https:\/\/gadgettravellers.eu\/it\/wp-json\/wp\/v2\/product_brand?post=5315864"},{"taxonomy":"product_cat","embeddable":true,"href":"https:\/\/gadgettravellers.eu\/it\/wp-json\/wp\/v2\/product_cat?post=5315864"},{"taxonomy":"product_tag","embeddable":true,"href":"https:\/\/gadgettravellers.eu\/it\/wp-json\/wp\/v2\/product_tag?post=5315864"}],"curies":[{"name":"wp","href":"https:\/\/api.w.org\/{rel}","templated":true}]}}