{"id":5315865,"date":"2026-01-19T14:30:51","date_gmt":"2026-01-19T12:30:51","guid":{"rendered":"https:\/\/gadgettravellers.eu\/shop\/dinosauro-con-luce-e-suono-29x22x10cm-toymarkt-913110\/"},"modified":"2026-04-22T22:43:31","modified_gmt":"2026-04-22T20:43:31","slug":"dinosauro-con-luce-e-suono-29x22x10cm-toymarkt-913110","status":"publish","type":"product","link":"https:\/\/gadgettravellers.eu\/it\/shop\/dinosauro-con-luce-e-suono-29x22x10cm-toymarkt-913110\/","title":{"rendered":"Dinosauro con luce e suono 29x22x10cm ToyMarkt 913110"},"content":{"rendered":"<p>Batteria, con luce e suono 29x22x10cm<\/p>\n<div class='aiseo-faq-section' style='margin-top:30px; border-top:1px solid #eee; padding-top:20px;'>\n<h3>Domande Frequenti<\/h3>\n<details style='margin-bottom:10px; padding:10px; background:#f9f9f9; border-radius:5px;'>\n<summary style='font-weight:bold; cursor:pointer;'>Per quale et\u00e0 \u00e8 adatto il gioco?<\/summary>\n<div style='margin-top:10px; color:#555;'>Ideale per bambini da 3 anni in su.<\/div>\n<\/details>\n<details style='margin-bottom:10px; padding:10px; background:#f9f9f9; border-radius:5px;'>\n<summary style='font-weight:bold; cursor:pointer;'>Come viene alimentato il gioco?<\/summary>\n<div style='margin-top:10px; color:#555;'>Funziona a batterie (il tipo non \u00e8 indicato nella descrizione).<\/div>\n<\/details>\n<details style='margin-bottom:10px; padding:10px; background:#f9f9f9; border-radius:5px;'>\n<summary style='font-weight:bold; cursor:pointer;'>Quali funzioni ha?<\/summary>\n<div style='margin-top:10px; color:#555;'>Dispone di illuminazione ed effetti sonori.<\/div>\n<\/details>\n<details style='margin-bottom:10px; padding:10px; background:#f9f9f9; border-radius:5px;'>\n<summary style='font-weight:bold; cursor:pointer;'>Quali sono le sue dimensioni?<\/summary>\n<div style='margin-top:10px; color:#555;'>29 x 22 x 10 cm.<\/div>\n<\/details>\n<\/div>\n","protected":false},"excerpt":{"rendered":"<p>Batteria, con luce e suono 29x22x10cm Domande Frequenti Per quale et\u00e0 \u00e8 adatto il gioco? Ideale per bambini da 3 anni in su. Come viene alimentato il gioco? Funziona a batterie (il tipo non \u00e8 indicato nella descrizione). Quali funzioni ha? Dispone di illuminazione ed effetti sonori. Quali sono le sue dimensioni? 29 x 22 [&hellip;]<\/p>\n","protected":false},"featured_media":18121,"comment_status":"closed","ping_status":"open","template":"","meta":[],"product_brand":[],"product_cat":[],"product_tag":[15],"class_list":{"0":"post-5315865","1":"product","2":"type-product","3":"status-publish","4":"has-post-thumbnail","6":"product_tag-uncategorized","8":"first","9":"onbackorder","10":"purchasable","11":"product-type-simple"},"jetpack_sharing_enabled":true,"_links":{"self":[{"href":"https:\/\/gadgettravellers.eu\/it\/wp-json\/wp\/v2\/product\/5315865","targetHints":{"allow":["GET"]}}],"collection":[{"href":"https:\/\/gadgettravellers.eu\/it\/wp-json\/wp\/v2\/product"}],"about":[{"href":"https:\/\/gadgettravellers.eu\/it\/wp-json\/wp\/v2\/types\/product"}],"replies":[{"embeddable":true,"href":"https:\/\/gadgettravellers.eu\/it\/wp-json\/wp\/v2\/comments?post=5315865"}],"wp:featuredmedia":[{"embeddable":true,"href":"https:\/\/gadgettravellers.eu\/it\/wp-json\/wp\/v2\/media\/18121"}],"wp:attachment":[{"href":"https:\/\/gadgettravellers.eu\/it\/wp-json\/wp\/v2\/media?parent=5315865"}],"wp:term":[{"taxonomy":"product_brand","embeddable":true,"href":"https:\/\/gadgettravellers.eu\/it\/wp-json\/wp\/v2\/product_brand?post=5315865"},{"taxonomy":"product_cat","embeddable":true,"href":"https:\/\/gadgettravellers.eu\/it\/wp-json\/wp\/v2\/product_cat?post=5315865"},{"taxonomy":"product_tag","embeddable":true,"href":"https:\/\/gadgettravellers.eu\/it\/wp-json\/wp\/v2\/product_tag?post=5315865"}],"curies":[{"name":"wp","href":"https:\/\/api.w.org\/{rel}","templated":true}]}}