{"id":5315874,"date":"2026-01-19T14:30:59","date_gmt":"2026-01-19T12:30:59","guid":{"rendered":"https:\/\/gadgettravellers.eu\/shop\/set-piccolo-8-cetacei-marini-14x16cm-toymarkt-913151\/"},"modified":"2026-04-22T22:43:35","modified_gmt":"2026-04-22T20:43:35","slug":"set-piccolo-8-cetacei-marini-14x16cm-toymarkt-913151","status":"publish","type":"product","link":"https:\/\/gadgettravellers.eu\/it\/shop\/set-piccolo-8-cetacei-marini-14x16cm-toymarkt-913151\/","title":{"rendered":"Set piccolo 8 Cetacei marini 14x16cm ToyMarkt 913151"},"content":{"rendered":"<p>14x16cm<\/p>\n<div class='aiseo-faq-section' style='margin-top:30px; border-top:1px solid #eee; padding-top:20px;'>\n<h3>Domande Frequenti<\/h3>\n<details style='margin-bottom:10px; padding:10px; background:#f9f9f9; border-radius:5px;'>\n<summary style='font-weight:bold; cursor:pointer;'>Cosa include questo set?<\/summary>\n<div style='margin-top:10px; color:#555;'>Otto figure marine di dimensioni complessive di circa 14&#215;16 cm.<\/div>\n<\/details>\n<details style='margin-bottom:10px; padding:10px; background:#f9f9f9; border-radius:5px;'>\n<summary style='font-weight:bold; cursor:pointer;'>\u00c8 adatto per il gioco in bagno e altre attivit\u00e0 con l&#8217;acqua?<\/summary>\n<div style='margin-top:10px; color:#555;'>S\u00ec, \u00e8 stato progettato appositamente per il gioco in bagno e attivit\u00e0 con l&#8217;acqua come piscina e spiaggia.<\/div>\n<\/details>\n<details style='margin-bottom:10px; padding:10px; background:#f9f9f9; border-radius:5px;'>\n<summary style='font-weight:bold; cursor:pointer;'>Come si puliscono le figure?<\/summary>\n<div style='margin-top:10px; color:#555;'>Le figure sono facili da pulire e resistenti per un uso ripetuto.<\/div>\n<\/details>\n<details style='margin-bottom:10px; padding:10px; background:#f9f9f9; border-radius:5px;'>\n<summary style='font-weight:bold; cursor:pointer;'>Il set \u00e8 facile da trasportare e conservare?<\/summary>\n<div style='margin-top:10px; color:#555;'>S\u00ec, il set \u00e8 adatto per il trasporto e la conservazione.<\/div>\n<\/details>\n<\/div>\n","protected":false},"excerpt":{"rendered":"<p>14x16cm Domande Frequenti Cosa include questo set? Otto figure marine di dimensioni complessive di circa 14&#215;16 cm. \u00c8 adatto per il gioco in bagno e altre attivit\u00e0 con l&#8217;acqua? S\u00ec, \u00e8 stato progettato appositamente per il gioco in bagno e attivit\u00e0 con l&#8217;acqua come piscina e spiaggia. Come si puliscono le figure? Le figure sono [&hellip;]<\/p>\n","protected":false},"featured_media":5028627,"comment_status":"closed","ping_status":"open","template":"","meta":[],"product_brand":[],"product_cat":[],"product_tag":[15],"class_list":{"0":"post-5315874","1":"product","2":"type-product","3":"status-publish","4":"has-post-thumbnail","6":"product_tag-uncategorized","8":"first","9":"onbackorder","10":"purchasable","11":"product-type-simple"},"jetpack_sharing_enabled":true,"_links":{"self":[{"href":"https:\/\/gadgettravellers.eu\/it\/wp-json\/wp\/v2\/product\/5315874","targetHints":{"allow":["GET"]}}],"collection":[{"href":"https:\/\/gadgettravellers.eu\/it\/wp-json\/wp\/v2\/product"}],"about":[{"href":"https:\/\/gadgettravellers.eu\/it\/wp-json\/wp\/v2\/types\/product"}],"replies":[{"embeddable":true,"href":"https:\/\/gadgettravellers.eu\/it\/wp-json\/wp\/v2\/comments?post=5315874"}],"wp:featuredmedia":[{"embeddable":true,"href":"https:\/\/gadgettravellers.eu\/it\/wp-json\/wp\/v2\/media\/5028627"}],"wp:attachment":[{"href":"https:\/\/gadgettravellers.eu\/it\/wp-json\/wp\/v2\/media?parent=5315874"}],"wp:term":[{"taxonomy":"product_brand","embeddable":true,"href":"https:\/\/gadgettravellers.eu\/it\/wp-json\/wp\/v2\/product_brand?post=5315874"},{"taxonomy":"product_cat","embeddable":true,"href":"https:\/\/gadgettravellers.eu\/it\/wp-json\/wp\/v2\/product_cat?post=5315874"},{"taxonomy":"product_tag","embeddable":true,"href":"https:\/\/gadgettravellers.eu\/it\/wp-json\/wp\/v2\/product_tag?post=5315874"}],"curies":[{"name":"wp","href":"https:\/\/api.w.org\/{rel}","templated":true}]}}