{"id":5315878,"date":"2026-01-19T14:31:01","date_gmt":"2026-01-19T12:31:01","guid":{"rendered":"https:\/\/gadgettravellers.eu\/shop\/set-piccolo-8-serpenti-14x16cm-toymarkt-913156\/"},"modified":"2026-04-22T22:43:36","modified_gmt":"2026-04-22T20:43:36","slug":"set-piccolo-8-serpenti-14x16cm-toymarkt-913156","status":"publish","type":"product","link":"https:\/\/gadgettravellers.eu\/it\/shop\/set-piccolo-8-serpenti-14x16cm-toymarkt-913156\/","title":{"rendered":"Set piccolo 8 Serpenti 14x16cm ToyMarkt 913156"},"content":{"rendered":"<p>14x16cm<\/p>\n<div class='aiseo-faq-section' style='margin-top:30px; border-top:1px solid #eee; padding-top:20px;'>\n<h3>Domande Frequenti<\/h3>\n<details style='margin-bottom:10px; padding:10px; background:#f9f9f9; border-radius:5px;'>\n<summary style='font-weight:bold; cursor:pointer;'>Cosa include il prodotto?<\/summary>\n<div style='margin-top:10px; color:#555;'>Set di 8 piccole forme a serpente di dimensioni 14x16cm, adatte per gioco e decorazione.<\/div>\n<\/details>\n<details style='margin-bottom:10px; padding:10px; background:#f9f9f9; border-radius:5px;'>\n<summary style='font-weight:bold; cursor:pointer;'>Per quali usi \u00e8 adatto?<\/summary>\n<div style='margin-top:10px; color:#555;'>Ideale per feste di compleanno per bambini, regali-souvenir, giochi teatrali e attivit\u00e0 educative o sensoriali.<\/div>\n<\/details>\n<details style='margin-bottom:10px; padding:10px; background:#f9f9f9; border-radius:5px;'>\n<summary style='font-weight:bold; cursor:pointer;'>\u00c8 facile da conservare?<\/summary>\n<div style='margin-top:10px; color:#555;'>S\u00ec \u2014 la piccola dimensione e il peso leggero lo rendono pratico e facile da conservare.<\/div>\n<\/details>\n<\/div>\n","protected":false},"excerpt":{"rendered":"<p>14x16cm Domande Frequenti Cosa include il prodotto? Set di 8 piccole forme a serpente di dimensioni 14x16cm, adatte per gioco e decorazione. Per quali usi \u00e8 adatto? Ideale per feste di compleanno per bambini, regali-souvenir, giochi teatrali e attivit\u00e0 educative o sensoriali. \u00c8 facile da conservare? S\u00ec \u2014 la piccola dimensione e il peso leggero [&hellip;]<\/p>\n","protected":false},"featured_media":18146,"comment_status":"closed","ping_status":"open","template":"","meta":[],"product_brand":[],"product_cat":[],"product_tag":[15],"class_list":{"0":"post-5315878","1":"product","2":"type-product","3":"status-publish","4":"has-post-thumbnail","6":"product_tag-uncategorized","8":"first","9":"onbackorder","10":"purchasable","11":"product-type-simple"},"jetpack_sharing_enabled":true,"_links":{"self":[{"href":"https:\/\/gadgettravellers.eu\/it\/wp-json\/wp\/v2\/product\/5315878","targetHints":{"allow":["GET"]}}],"collection":[{"href":"https:\/\/gadgettravellers.eu\/it\/wp-json\/wp\/v2\/product"}],"about":[{"href":"https:\/\/gadgettravellers.eu\/it\/wp-json\/wp\/v2\/types\/product"}],"replies":[{"embeddable":true,"href":"https:\/\/gadgettravellers.eu\/it\/wp-json\/wp\/v2\/comments?post=5315878"}],"wp:featuredmedia":[{"embeddable":true,"href":"https:\/\/gadgettravellers.eu\/it\/wp-json\/wp\/v2\/media\/18146"}],"wp:attachment":[{"href":"https:\/\/gadgettravellers.eu\/it\/wp-json\/wp\/v2\/media?parent=5315878"}],"wp:term":[{"taxonomy":"product_brand","embeddable":true,"href":"https:\/\/gadgettravellers.eu\/it\/wp-json\/wp\/v2\/product_brand?post=5315878"},{"taxonomy":"product_cat","embeddable":true,"href":"https:\/\/gadgettravellers.eu\/it\/wp-json\/wp\/v2\/product_cat?post=5315878"},{"taxonomy":"product_tag","embeddable":true,"href":"https:\/\/gadgettravellers.eu\/it\/wp-json\/wp\/v2\/product_tag?post=5315878"}],"curies":[{"name":"wp","href":"https:\/\/api.w.org\/{rel}","templated":true}]}}