{"id":5315879,"date":"2026-01-19T14:31:01","date_gmt":"2026-01-19T12:31:01","guid":{"rendered":"https:\/\/gadgettravellers.eu\/shop\/mini-basket-a-batteria-14x15x14cm-toymarkt-913157\/"},"modified":"2026-04-22T22:43:37","modified_gmt":"2026-04-22T20:43:37","slug":"mini-basket-a-batteria-14x15x14cm-toymarkt-913157","status":"publish","type":"product","link":"https:\/\/gadgettravellers.eu\/it\/shop\/mini-basket-a-batteria-14x15x14cm-toymarkt-913157\/","title":{"rendered":"Mini Basket a Batteria 14x15x14cm ToyMarkt 913157"},"content":{"rendered":"<p>14x15x14cm<\/p>\n<div class='aiseo-faq-section' style='margin-top:30px; border-top:1px solid #eee; padding-top:20px;'>\n<h3>Domande Frequenti<\/h3>\n<details style='margin-bottom:10px; padding:10px; background:#f9f9f9; border-radius:5px;'>\n<summary style='font-weight:bold; cursor:pointer;'>Quali sono le dimensioni del canestro da basket?<\/summary>\n<div style='margin-top:10px; color:#555;'>Le dimensioni sono 14x15x14 cm.<\/div>\n<\/details>\n<details style='margin-bottom:10px; padding:10px; background:#f9f9f9; border-radius:5px;'>\n<summary style='font-weight:bold; cursor:pointer;'>Funziona a batterie?<\/summary>\n<div style='margin-top:10px; color:#555;'>S\u00ec, sono necessarie batterie che non sono incluse.<\/div>\n<\/details>\n<details style='margin-bottom:10px; padding:10px; background:#f9f9f9; border-radius:5px;'>\n<summary style='font-weight:bold; cursor:pointer;'>Per quali usi \u00e8 destinato?<\/summary>\n<div style='margin-top:10px; color:#555;'>Ideale per un gioco da tavolo a casa o in ufficio e come regalo.<\/div>\n<\/details>\n<details style='margin-bottom:10px; padding:10px; background:#f9f9f9; border-radius:5px;'>\n<summary style='font-weight:bold; cursor:pointer;'>Ha un meccanismo mobile ed \u00e8 portatile?<\/summary>\n<div style='margin-top:10px; color:#555;'>S\u00ec, ha un meccanismo mobile ed \u00e8 leggero e portatile.<\/div>\n<\/details>\n<\/div>\n","protected":false},"excerpt":{"rendered":"<p>14x15x14cm Domande Frequenti Quali sono le dimensioni del canestro da basket? Le dimensioni sono 14x15x14 cm. Funziona a batterie? S\u00ec, sono necessarie batterie che non sono incluse. Per quali usi \u00e8 destinato? Ideale per un gioco da tavolo a casa o in ufficio e come regalo. Ha un meccanismo mobile ed \u00e8 portatile? S\u00ec, ha [&hellip;]<\/p>\n","protected":false},"featured_media":5068382,"comment_status":"closed","ping_status":"open","template":"","meta":[],"product_brand":[],"product_cat":[],"product_tag":[15],"class_list":{"0":"post-5315879","1":"product","2":"type-product","3":"status-publish","4":"has-post-thumbnail","6":"product_tag-uncategorized","8":"first","9":"onbackorder","10":"purchasable","11":"product-type-simple"},"jetpack_sharing_enabled":true,"_links":{"self":[{"href":"https:\/\/gadgettravellers.eu\/it\/wp-json\/wp\/v2\/product\/5315879","targetHints":{"allow":["GET"]}}],"collection":[{"href":"https:\/\/gadgettravellers.eu\/it\/wp-json\/wp\/v2\/product"}],"about":[{"href":"https:\/\/gadgettravellers.eu\/it\/wp-json\/wp\/v2\/types\/product"}],"replies":[{"embeddable":true,"href":"https:\/\/gadgettravellers.eu\/it\/wp-json\/wp\/v2\/comments?post=5315879"}],"wp:featuredmedia":[{"embeddable":true,"href":"https:\/\/gadgettravellers.eu\/it\/wp-json\/wp\/v2\/media\/5068382"}],"wp:attachment":[{"href":"https:\/\/gadgettravellers.eu\/it\/wp-json\/wp\/v2\/media?parent=5315879"}],"wp:term":[{"taxonomy":"product_brand","embeddable":true,"href":"https:\/\/gadgettravellers.eu\/it\/wp-json\/wp\/v2\/product_brand?post=5315879"},{"taxonomy":"product_cat","embeddable":true,"href":"https:\/\/gadgettravellers.eu\/it\/wp-json\/wp\/v2\/product_cat?post=5315879"},{"taxonomy":"product_tag","embeddable":true,"href":"https:\/\/gadgettravellers.eu\/it\/wp-json\/wp\/v2\/product_tag?post=5315879"}],"curies":[{"name":"wp","href":"https:\/\/api.w.org\/{rel}","templated":true}]}}