{"id":5315881,"date":"2026-01-19T14:31:03","date_gmt":"2026-01-19T12:31:03","guid":{"rendered":"https:\/\/gadgettravellers.eu\/shop\/bacchetta-dinosauro-bolle-di-sapone-36cm-toymarkt-913165\/"},"modified":"2026-04-22T22:43:37","modified_gmt":"2026-04-22T20:43:37","slug":"bacchetta-dinosauro-bolle-di-sapone-36cm-toymarkt-913165","status":"publish","type":"product","link":"https:\/\/gadgettravellers.eu\/it\/shop\/bacchetta-dinosauro-bolle-di-sapone-36cm-toymarkt-913165\/","title":{"rendered":"Bacchetta Dinosauro Bolle di Sapone 36cm ToyMarkt 913165"},"content":{"rendered":"<p>(abbina) 36cm<\/p>\n<div class='aiseo-faq-section' style='margin-top:30px; border-top:1px solid #eee; padding-top:20px;'>\n<h3>Domande Frequenti<\/h3>\n<details style='margin-bottom:10px; padding:10px; background:#f9f9f9; border-radius:5px;'>\n<summary style='font-weight:bold; cursor:pointer;'>Per quali et\u00e0 \u00e8 adatta la bacchetta?<\/summary>\n<div style='margin-top:10px; color:#555;'>Adatto a bambini di et\u00e0 superiore ai 3 anni.<\/div>\n<\/details>\n<details style='margin-bottom:10px; padding:10px; background:#f9f9f9; border-radius:5px;'>\n<summary style='font-weight:bold; cursor:pointer;'>Qual \u00e8 la lunghezza della bacchetta per bolle di sapone?<\/summary>\n<div style='margin-top:10px; color:#555;'>La bacchetta \u00e8 lunga 36 cm.<\/div>\n<\/details>\n<details style='margin-bottom:10px; padding:10px; background:#f9f9f9; border-radius:5px;'>\n<summary style='font-weight:bold; cursor:pointer;'>Produce grandi bolle?<\/summary>\n<div style='margin-top:10px; color:#555;'>S\u00ec, \u00e8 progettato per produrre grandi bolle per il divertimento di gruppo.<\/div>\n<\/details>\n<details style='margin-bottom:10px; padding:10px; background:#f9f9f9; border-radius:5px;'>\n<summary style='font-weight:bold; cursor:pointer;'>\u00c8 facile da trasportare e da usare?<\/summary>\n<div style='margin-top:10px; color:#555;'>S\u00ec, \u00e8 portatile, leggero e facile da usare per i bambini.<\/div>\n<\/details>\n<\/div>\n","protected":false},"excerpt":{"rendered":"<p>(abbina) 36cm Domande Frequenti Per quali et\u00e0 \u00e8 adatta la bacchetta? Adatto a bambini di et\u00e0 superiore ai 3 anni. Qual \u00e8 la lunghezza della bacchetta per bolle di sapone? La bacchetta \u00e8 lunga 36 cm. Produce grandi bolle? S\u00ec, \u00e8 progettato per produrre grandi bolle per il divertimento di gruppo. \u00c8 facile da trasportare [&hellip;]<\/p>\n","protected":false},"featured_media":18154,"comment_status":"closed","ping_status":"open","template":"","meta":[],"product_brand":[],"product_cat":[],"product_tag":[15],"class_list":{"0":"post-5315881","1":"product","2":"type-product","3":"status-publish","4":"has-post-thumbnail","6":"product_tag-uncategorized","8":"first","9":"onbackorder","10":"purchasable","11":"product-type-simple"},"jetpack_sharing_enabled":true,"_links":{"self":[{"href":"https:\/\/gadgettravellers.eu\/it\/wp-json\/wp\/v2\/product\/5315881","targetHints":{"allow":["GET"]}}],"collection":[{"href":"https:\/\/gadgettravellers.eu\/it\/wp-json\/wp\/v2\/product"}],"about":[{"href":"https:\/\/gadgettravellers.eu\/it\/wp-json\/wp\/v2\/types\/product"}],"replies":[{"embeddable":true,"href":"https:\/\/gadgettravellers.eu\/it\/wp-json\/wp\/v2\/comments?post=5315881"}],"wp:featuredmedia":[{"embeddable":true,"href":"https:\/\/gadgettravellers.eu\/it\/wp-json\/wp\/v2\/media\/18154"}],"wp:attachment":[{"href":"https:\/\/gadgettravellers.eu\/it\/wp-json\/wp\/v2\/media?parent=5315881"}],"wp:term":[{"taxonomy":"product_brand","embeddable":true,"href":"https:\/\/gadgettravellers.eu\/it\/wp-json\/wp\/v2\/product_brand?post=5315881"},{"taxonomy":"product_cat","embeddable":true,"href":"https:\/\/gadgettravellers.eu\/it\/wp-json\/wp\/v2\/product_cat?post=5315881"},{"taxonomy":"product_tag","embeddable":true,"href":"https:\/\/gadgettravellers.eu\/it\/wp-json\/wp\/v2\/product_tag?post=5315881"}],"curies":[{"name":"wp","href":"https:\/\/api.w.org\/{rel}","templated":true}]}}