{"id":5315897,"date":"2026-01-19T14:31:16","date_gmt":"2026-01-19T12:31:16","guid":{"rendered":"https:\/\/gadgettravellers.eu\/shop\/pittura-dinosauri-50x50cm-12-colori-8x8x26cm-toymarkt-913204\/"},"modified":"2026-04-22T22:43:44","modified_gmt":"2026-04-22T20:43:44","slug":"pittura-dinosauri-50x50cm-12-colori-8x8x26cm-toymarkt-913204","status":"publish","type":"product","link":"https:\/\/gadgettravellers.eu\/it\/shop\/pittura-dinosauri-50x50cm-12-colori-8x8x26cm-toymarkt-913204\/","title":{"rendered":"Pittura Dinosauri 50x50cm &#038; 12 Colori 8x8x26cm ToyMarkt 913204"},"content":{"rendered":"<p>Con 12 colori 8x8x26cm<\/p>\n<div class='aiseo-faq-section' style='margin-top:30px; border-top:1px solid #eee; padding-top:20px;'>\n<h3>Domande Frequenti<\/h3>\n<details style='margin-bottom:10px; padding:10px; background:#f9f9f9; border-radius:5px;'>\n<summary style='font-weight:bold; cursor:pointer;'>Cosa include il set?<\/summary>\n<div style='margin-top:10px; color:#555;'>Una tela 50&#215;50 cm e 12 colori (8x8x26 cm) a tema dinosauri.<\/div>\n<\/details>\n<details style='margin-bottom:10px; padding:10px; background:#f9f9f9; border-radius:5px;'>\n<summary style='font-weight:bold; cursor:pointer;'>Qual \u00e8 la dimensione della tela?<\/summary>\n<div style='margin-top:10px; color:#555;'>La tela ha dimensioni 50&#215;50 cm.<\/div>\n<\/details>\n<details style='margin-bottom:10px; padding:10px; background:#f9f9f9; border-radius:5px;'>\n<summary style='font-weight:bold; cursor:pointer;'>Per quale et\u00e0 \u00e8 destinato?<\/summary>\n<div style='margin-top:10px; color:#555;'>Ideale per i bambini e stimola la creativit\u00e0, senza specificare una fascia d&#8217;et\u00e0.<\/div>\n<\/details>\n<details style='margin-bottom:10px; padding:10px; background:#f9f9f9; border-radius:5px;'>\n<summary style='font-weight:bold; cursor:pointer;'>Quanti sono i colori e di che dimensione?<\/summary>\n<div style='margin-top:10px; color:#555;'>Sono inclusi 12 colori con dimensioni indicate di 8x8x26 cm.<\/div>\n<\/details>\n<\/div>\n","protected":false},"excerpt":{"rendered":"<p>Con 12 colori 8x8x26cm Domande Frequenti Cosa include il set? Una tela 50&#215;50 cm e 12 colori (8x8x26 cm) a tema dinosauri. Qual \u00e8 la dimensione della tela? La tela ha dimensioni 50&#215;50 cm. Per quale et\u00e0 \u00e8 destinato? Ideale per i bambini e stimola la creativit\u00e0, senza specificare una fascia d&#8217;et\u00e0. Quanti sono i [&hellip;]<\/p>\n","protected":false},"featured_media":18288,"comment_status":"closed","ping_status":"open","template":"","meta":[],"product_brand":[],"product_cat":[],"product_tag":[15],"class_list":{"0":"post-5315897","1":"product","2":"type-product","3":"status-publish","4":"has-post-thumbnail","6":"product_tag-uncategorized","8":"first","9":"onbackorder","10":"purchasable","11":"product-type-simple"},"jetpack_sharing_enabled":true,"_links":{"self":[{"href":"https:\/\/gadgettravellers.eu\/it\/wp-json\/wp\/v2\/product\/5315897","targetHints":{"allow":["GET"]}}],"collection":[{"href":"https:\/\/gadgettravellers.eu\/it\/wp-json\/wp\/v2\/product"}],"about":[{"href":"https:\/\/gadgettravellers.eu\/it\/wp-json\/wp\/v2\/types\/product"}],"replies":[{"embeddable":true,"href":"https:\/\/gadgettravellers.eu\/it\/wp-json\/wp\/v2\/comments?post=5315897"}],"wp:featuredmedia":[{"embeddable":true,"href":"https:\/\/gadgettravellers.eu\/it\/wp-json\/wp\/v2\/media\/18288"}],"wp:attachment":[{"href":"https:\/\/gadgettravellers.eu\/it\/wp-json\/wp\/v2\/media?parent=5315897"}],"wp:term":[{"taxonomy":"product_brand","embeddable":true,"href":"https:\/\/gadgettravellers.eu\/it\/wp-json\/wp\/v2\/product_brand?post=5315897"},{"taxonomy":"product_cat","embeddable":true,"href":"https:\/\/gadgettravellers.eu\/it\/wp-json\/wp\/v2\/product_cat?post=5315897"},{"taxonomy":"product_tag","embeddable":true,"href":"https:\/\/gadgettravellers.eu\/it\/wp-json\/wp\/v2\/product_tag?post=5315897"}],"curies":[{"name":"wp","href":"https:\/\/api.w.org\/{rel}","templated":true}]}}