{"id":5315900,"date":"2026-01-19T14:31:17","date_gmt":"2026-01-19T12:31:17","guid":{"rendered":"https:\/\/gadgettravellers.eu\/shop\/lavagna-a-doppia-faccia-con-gessetti-e-pastelli-41x24x3cm-toymarkt-913207\/"},"modified":"2026-04-22T22:43:45","modified_gmt":"2026-04-22T20:43:45","slug":"lavagna-a-doppia-faccia-con-gessetti-e-pastelli-41x24x3cm-toymarkt-913207","status":"publish","type":"product","link":"https:\/\/gadgettravellers.eu\/it\/shop\/lavagna-a-doppia-faccia-con-gessetti-e-pastelli-41x24x3cm-toymarkt-913207\/","title":{"rendered":"Lavagna a Doppia Faccia con Gessetti e Pastelli 41x24x3cm ToyMarkt 913207"},"content":{"rendered":"<p>41x24x3cm<\/p>\n<div class='aiseo-faq-section' style='margin-top:30px; border-top:1px solid #eee; padding-top:20px;'>\n<h3>Domande Frequenti<\/h3>\n<details style='margin-bottom:10px; padding:10px; background:#f9f9f9; border-radius:5px;'>\n<summary style='font-weight:bold; cursor:pointer;'>Quali sono le dimensioni della tavola?<\/summary>\n<div style='margin-top:10px; color:#555;'>Le dimensioni sono 41x24x3 cm.<\/div>\n<\/details>\n<details style='margin-bottom:10px; padding:10px; background:#f9f9f9; border-radius:5px;'>\n<summary style='font-weight:bold; cursor:pointer;'>Quante facce ha il dado?<\/summary>\n<div style='margin-top:10px; color:#555;'>Doppia faccia con un lato lavagna nera per gesso e una superficie bianca per pennarelli.<\/div>\n<\/details>\n<details style='margin-bottom:10px; padding:10px; background:#f9f9f9; border-radius:5px;'>\n<summary style='font-weight:bold; cursor:pointer;'>Cosa \u00e8 incluso nella confezione?<\/summary>\n<div style='margin-top:10px; color:#555;'>\u00c8 accompagnato da gessetti e pastelli colorati per disegnare e imparare.<\/div>\n<\/details>\n<details style='margin-bottom:10px; padding:10px; background:#f9f9f9; border-radius:5px;'>\n<summary style='font-weight:bold; cursor:pointer;'>\u00c8 facile da pulire?<\/summary>\n<div style='margin-top:10px; color:#555;'>S\u00ec, \u00e8 facile da pulire e adatto all&#8217;uso quotidiano.<\/div>\n<\/details>\n<details style='margin-bottom:10px; padding:10px; background:#f9f9f9; border-radius:5px;'>\n<summary style='font-weight:bold; cursor:pointer;'>Per quali et\u00e0 \u00e8 adatto?<\/summary>\n<div style='margin-top:10px; color:#555;'>Ideale per et\u00e0 prescolare e primaria.<\/div>\n<\/details>\n<\/div>\n","protected":false},"excerpt":{"rendered":"<p>41x24x3cm Domande Frequenti Quali sono le dimensioni della tavola? Le dimensioni sono 41x24x3 cm. Quante facce ha il dado? Doppia faccia con un lato lavagna nera per gesso e una superficie bianca per pennarelli. Cosa \u00e8 incluso nella confezione? \u00c8 accompagnato da gessetti e pastelli colorati per disegnare e imparare. \u00c8 facile da pulire? S\u00ec, [&hellip;]<\/p>\n","protected":false},"featured_media":18294,"comment_status":"closed","ping_status":"open","template":"","meta":[],"product_brand":[],"product_cat":[],"product_tag":[15],"class_list":{"0":"post-5315900","1":"product","2":"type-product","3":"status-publish","4":"has-post-thumbnail","6":"product_tag-uncategorized","8":"first","9":"onbackorder","10":"purchasable","11":"product-type-simple"},"jetpack_sharing_enabled":true,"_links":{"self":[{"href":"https:\/\/gadgettravellers.eu\/it\/wp-json\/wp\/v2\/product\/5315900","targetHints":{"allow":["GET"]}}],"collection":[{"href":"https:\/\/gadgettravellers.eu\/it\/wp-json\/wp\/v2\/product"}],"about":[{"href":"https:\/\/gadgettravellers.eu\/it\/wp-json\/wp\/v2\/types\/product"}],"replies":[{"embeddable":true,"href":"https:\/\/gadgettravellers.eu\/it\/wp-json\/wp\/v2\/comments?post=5315900"}],"wp:featuredmedia":[{"embeddable":true,"href":"https:\/\/gadgettravellers.eu\/it\/wp-json\/wp\/v2\/media\/18294"}],"wp:attachment":[{"href":"https:\/\/gadgettravellers.eu\/it\/wp-json\/wp\/v2\/media?parent=5315900"}],"wp:term":[{"taxonomy":"product_brand","embeddable":true,"href":"https:\/\/gadgettravellers.eu\/it\/wp-json\/wp\/v2\/product_brand?post=5315900"},{"taxonomy":"product_cat","embeddable":true,"href":"https:\/\/gadgettravellers.eu\/it\/wp-json\/wp\/v2\/product_cat?post=5315900"},{"taxonomy":"product_tag","embeddable":true,"href":"https:\/\/gadgettravellers.eu\/it\/wp-json\/wp\/v2\/product_tag?post=5315900"}],"curies":[{"name":"wp","href":"https:\/\/api.w.org\/{rel}","templated":true}]}}